{"id":1952,"date":"2022-05-26T20:17:51","date_gmt":"2022-05-26T20:17:51","guid":{"rendered":"https:\/\/cormenpolska.pl\/?page_id=1952"},"modified":"2022-07-18T10:48:25","modified_gmt":"2022-07-18T10:48:25","slug":"do-pobrania","status":"publish","type":"page","link":"https:\/\/cormenpolska.pl\/?page_id=1952","title":{"rendered":"Do pobrania"},"content":{"rendered":"\n<div class=\"wp-block-columns downloads is-layout-flex wp-container-core-columns-is-layout-9d6595d7 wp-block-columns-is-layout-flex\">\n<div class=\"wp-block-column is-layout-flow wp-block-column-is-layout-flow\">\n<figure class=\"wp-block-image size-large\"><img loading=\"lazy\" decoding=\"async\" width=\"1024\" height=\"680\" src=\"http:\/\/cormenpolska.pl\/wp-content\/uploads\/2022\/05\/Fotolia_64850069_Subscription_Monthly_M-e1653651686158-1024x680.jpg\" alt=\"\" class=\"wp-image-2299\" srcset=\"https:\/\/cormenpolska.pl\/wp-content\/uploads\/2022\/05\/Fotolia_64850069_Subscription_Monthly_M-e1653651686158-1024x680.jpg 1024w, https:\/\/cormenpolska.pl\/wp-content\/uploads\/2022\/05\/Fotolia_64850069_Subscription_Monthly_M-e1653651686158-300x199.jpg 300w, https:\/\/cormenpolska.pl\/wp-content\/uploads\/2022\/05\/Fotolia_64850069_Subscription_Monthly_M-e1653651686158-600x398.jpg 600w, https:\/\/cormenpolska.pl\/wp-content\/uploads\/2022\/05\/Fotolia_64850069_Subscription_Monthly_M-e1653651686158-768x510.jpg 768w, https:\/\/cormenpolska.pl\/wp-content\/uploads\/2022\/05\/Fotolia_64850069_Subscription_Monthly_M-e1653651686158-1536x1020.jpg 1536w, https:\/\/cormenpolska.pl\/wp-content\/uploads\/2022\/05\/Fotolia_64850069_Subscription_Monthly_M-e1653651686158.jpg 1676w\" sizes=\"auto, (max-width: 1024px) 100vw, 1024px\" \/><\/figure>\n\n\n\n<h2 class=\"donloads wp-block-heading\">Katalogi<\/h2>\n\n\n\n<div class=\"wp-block-file\"><a id=\"wp-block-file--media-9d442f63-8ae5-47f5-9473-c702a93219ee\" href=\"http:\/\/cormenpolska.pl\/wp-content\/uploads\/2022\/05\/katalog_produktow_gastro_profesjonal.pdf\">Katalog produkt\u00f3w Gastro Professional<\/a><\/div>\n\n\n\n<div class=\"wp-block-file\"><a id=\"wp-block-file--media-6426e4d3-e907-45db-be91-8de799757bcd\" href=\"http:\/\/cormenpolska.pl\/wp-content\/uploads\/2022\/05\/isofa_pasty_ulotka_a5_pl.pdf\">Pasty Isofa &#8211; ulotka<\/a><\/div>\n\n\n\n<div class=\"wp-block-file\"><a id=\"wp-block-file--media-a86e691c-d254-4797-a75c-af736f4e475f\" href=\"http:\/\/cormenpolska.pl\/wp-content\/uploads\/2022\/05\/isolda_ulotka_kremy.pdf\">Kremy Isolda &#8211; ulotka<\/a><\/div>\n\n\n\n<div class=\"wp-block-file\"><a id=\"wp-block-file--media-7d978c88-8ff2-4950-a6c2-c2509f8ef824\" href=\"https:\/\/cormenpolska.pl\/wp-content\/uploads\/2022\/06\/cormen_katalog_pl_2021_22.pdf\">Katalog Cormen 2021\/22<\/a><\/div>\n<\/div>\n\n\n\n<div class=\"wp-block-column is-layout-flow wp-block-column-is-layout-flow\">\n<figure class=\"wp-block-image size-large is-resized\"><img loading=\"lazy\" decoding=\"async\" src=\"http:\/\/cormenpolska.pl\/wp-content\/uploads\/2022\/05\/Fotolia_45287162_Subscription_Monthly_M-1024x682.jpg\" alt=\"\" class=\"wp-image-2294\" width=\"512\" height=\"341\" srcset=\"https:\/\/cormenpolska.pl\/wp-content\/uploads\/2022\/05\/Fotolia_45287162_Subscription_Monthly_M-1024x682.jpg 1024w, https:\/\/cormenpolska.pl\/wp-content\/uploads\/2022\/05\/Fotolia_45287162_Subscription_Monthly_M-300x200.jpg 300w, https:\/\/cormenpolska.pl\/wp-content\/uploads\/2022\/05\/Fotolia_45287162_Subscription_Monthly_M-600x400.jpg 600w, https:\/\/cormenpolska.pl\/wp-content\/uploads\/2022\/05\/Fotolia_45287162_Subscription_Monthly_M-768x512.jpg 768w, https:\/\/cormenpolska.pl\/wp-content\/uploads\/2022\/05\/Fotolia_45287162_Subscription_Monthly_M-1536x1024.jpg 1536w, https:\/\/cormenpolska.pl\/wp-content\/uploads\/2022\/05\/Fotolia_45287162_Subscription_Monthly_M-720x480.jpg 720w, https:\/\/cormenpolska.pl\/wp-content\/uploads\/2022\/05\/Fotolia_45287162_Subscription_Monthly_M.jpg 1688w\" sizes=\"auto, (max-width: 512px) 100vw, 512px\" \/><\/figure>\n\n\n\n<h2 class=\"wp-block-heading\">Dzia\u0142anie \u015brodk\u00f3w<\/h2>\n\n\n\n<div class=\"wp-block-file\"><a id=\"wp-block-file--media-a9d3e88a-53e0-4ce8-8cca-67dae7db8d59\" href=\"http:\/\/cormenpolska.pl\/wp-content\/uploads\/2022\/05\/cormen_testy_produktow.pdf\">Cormen &#8211; testy produkt\u00f3w<\/a><\/div>\n<\/div>\n\n\n\n<div class=\"wp-block-column is-layout-flow wp-block-column-is-layout-flow\">\n<figure class=\"wp-block-image size-large\"><img loading=\"lazy\" decoding=\"async\" width=\"1024\" height=\"678\" src=\"http:\/\/cormenpolska.pl\/wp-content\/uploads\/2022\/05\/Fotolia_60546414_Subscription_Monthly_M-1024x678.jpg\" alt=\"\" class=\"wp-image-2324\" srcset=\"https:\/\/cormenpolska.pl\/wp-content\/uploads\/2022\/05\/Fotolia_60546414_Subscription_Monthly_M-1024x678.jpg 1024w, https:\/\/cormenpolska.pl\/wp-content\/uploads\/2022\/05\/Fotolia_60546414_Subscription_Monthly_M-300x199.jpg 300w, https:\/\/cormenpolska.pl\/wp-content\/uploads\/2022\/05\/Fotolia_60546414_Subscription_Monthly_M-600x397.jpg 600w, https:\/\/cormenpolska.pl\/wp-content\/uploads\/2022\/05\/Fotolia_60546414_Subscription_Monthly_M-768x509.jpg 768w, https:\/\/cormenpolska.pl\/wp-content\/uploads\/2022\/05\/Fotolia_60546414_Subscription_Monthly_M-1536x1017.jpg 1536w, https:\/\/cormenpolska.pl\/wp-content\/uploads\/2022\/05\/Fotolia_60546414_Subscription_Monthly_M.jpg 1694w\" sizes=\"auto, (max-width: 1024px) 100vw, 1024px\" \/><\/figure>\n\n\n\n<h2 class=\"wp-block-heading\">Referencje<\/h2>\n\n\n\n<div class=\"wp-block-file\"><a id=\"wp-block-file--media-ad244286-8d6b-4107-bbc4-a670c01affb9\" href=\"http:\/\/cormenpolska.pl\/wp-content\/uploads\/2022\/05\/2019_07_abc_magazine_a4_cormen1_3121d.pdf\">Publikacja magazyn &#8220;ABC Restauracje&#8221;<\/a><\/div>\n\n\n\n<div class=\"wp-block-file\"><a id=\"wp-block-file--media-8bc8d9bb-b3fb-4691-85cf-2a5d49bff593\" href=\"http:\/\/cormenpolska.pl\/wp-content\/uploads\/2022\/05\/referencje_orion_next.pdf\">List referencyjny Orion Next<\/a><\/div>\n\n\n\n<div class=\"wp-block-file\"><a id=\"wp-block-file--media-46aa53e9-3157-4dd0-a518-5a2d707707b6\" href=\"http:\/\/cormenpolska.pl\/wp-content\/uploads\/2022\/05\/kanzeon.pdf\">List referencyjny Kanzeon<\/a><\/div>\n\n\n\n<div class=\"wp-block-file\"><a id=\"wp-block-file--media-2bd4d76d-0098-4c94-a49b-9691adead063\" href=\"http:\/\/cormenpolska.pl\/wp-content\/uploads\/2022\/05\/list_referncyjny_zimowit-1.docx\">List referencyjny Hotel Zimowit<\/a><\/div>\n\n\n\n<div class=\"wp-block-file\"><a id=\"wp-block-file--media-8da11930-d35d-4f16-8602-2151e27700da\" href=\"http:\/\/cormenpolska.pl\/wp-content\/uploads\/2022\/05\/untitled_11272017_123533.pdf\">List referencyjny CleanStaff<\/a><\/div>\n<\/div>\n<\/div>\n","protected":false},"excerpt":{"rendered":"<p>Katalogi Dzia\u0142anie \u015brodk\u00f3w Referencje<\/p>\n","protected":false},"author":1,"featured_media":0,"parent":0,"menu_order":0,"comment_status":"closed","ping_status":"closed","template":"","meta":{"inline_featured_image":false,"footnotes":""},"class_list":["post-1952","page","type-page","status-publish","hentry"],"_links":{"self":[{"href":"https:\/\/cormenpolska.pl\/index.php?rest_route=\/wp\/v2\/pages\/1952","targetHints":{"allow":["GET"]}}],"collection":[{"href":"https:\/\/cormenpolska.pl\/index.php?rest_route=\/wp\/v2\/pages"}],"about":[{"href":"https:\/\/cormenpolska.pl\/index.php?rest_route=\/wp\/v2\/types\/page"}],"author":[{"embeddable":true,"href":"https:\/\/cormenpolska.pl\/index.php?rest_route=\/wp\/v2\/users\/1"}],"replies":[{"embeddable":true,"href":"https:\/\/cormenpolska.pl\/index.php?rest_route=%2Fwp%2Fv2%2Fcomments&post=1952"}],"version-history":[{"count":38,"href":"https:\/\/cormenpolska.pl\/index.php?rest_route=\/wp\/v2\/pages\/1952\/revisions"}],"predecessor-version":[{"id":2685,"href":"https:\/\/cormenpolska.pl\/index.php?rest_route=\/wp\/v2\/pages\/1952\/revisions\/2685"}],"wp:attachment":[{"href":"https:\/\/cormenpolska.pl\/index.php?rest_route=%2Fwp%2Fv2%2Fmedia&parent=1952"}],"curies":[{"name":"wp","href":"https:\/\/api.w.org\/{rel}","templated":true}]}}