{"id":2069,"date":"2022-05-26T21:01:21","date_gmt":"2022-05-26T21:01:21","guid":{"rendered":"https:\/\/cormenpolska.pl\/?page_id=2069"},"modified":"2022-06-06T11:02:14","modified_gmt":"2022-06-06T11:02:14","slug":"home","status":"publish","type":"page","link":"https:\/\/cormenpolska.pl\/","title":{"rendered":"Home"},"content":{"rendered":"<div class=\"row\" style=\"text-transform: uppercase;\">\n<div class=\"col-md-3\">\n<h4>Najwy\u017csza jako\u015b\u0107<img decoding=\"async\" style=\"width: 40px; margin-left: 10px;\" src=\"http:\/\/cormenpolska.pl\/wp-content\/uploads\/2022\/05\/Best-Seller64x64.svg\" \/><\/h4>\n<\/div>\n<div class=\"col-md-3\">\n<h4>Korzystne ceny<img decoding=\"async\" style=\"width: 40px; margin-left: 10px;\" src=\"http:\/\/cormenpolska.pl\/wp-content\/uploads\/2022\/05\/Sale64x64.svg\" \/><\/h4>\n<\/div>\n<div class=\"col-md-3\">\n<h4>Szybka wysy\u0142ka<img decoding=\"async\" style=\"width: 40px; margin-left: 10px;\" src=\"http:\/\/cormenpolska.pl\/wp-content\/uploads\/2022\/05\/Fast-delivery64x64-3.svg\" \/><\/h4>\n<\/div>\n<div class=\"col-md-3\">\n<h4>Bezpieczne zakupy<img decoding=\"async\" style=\"width: 40px; margin-left: 10px;\" src=\"http:\/\/cormenpolska.pl\/wp-content\/uploads\/2022\/05\/Secure-Padlock64x64.svg\" \/><\/h4>\n<\/div>\n<\/div>\n","protected":false},"excerpt":{"rendered":"<p>Najwy\u017csza jako\u015b\u0107 Korzystne ceny Szybka wysy\u0142ka Bezpieczne zakupy<\/p>\n","protected":false},"author":1,"featured_media":0,"parent":0,"menu_order":0,"comment_status":"closed","ping_status":"closed","template":"","meta":{"inline_featured_image":false,"footnotes":""},"class_list":["post-2069","page","type-page","status-publish","hentry"],"_links":{"self":[{"href":"https:\/\/cormenpolska.pl\/index.php?rest_route=\/wp\/v2\/pages\/2069","targetHints":{"allow":["GET"]}}],"collection":[{"href":"https:\/\/cormenpolska.pl\/index.php?rest_route=\/wp\/v2\/pages"}],"about":[{"href":"https:\/\/cormenpolska.pl\/index.php?rest_route=\/wp\/v2\/types\/page"}],"author":[{"embeddable":true,"href":"https:\/\/cormenpolska.pl\/index.php?rest_route=\/wp\/v2\/users\/1"}],"replies":[{"embeddable":true,"href":"https:\/\/cormenpolska.pl\/index.php?rest_route=%2Fwp%2Fv2%2Fcomments&post=2069"}],"version-history":[{"count":61,"href":"https:\/\/cormenpolska.pl\/index.php?rest_route=\/wp\/v2\/pages\/2069\/revisions"}],"predecessor-version":[{"id":2554,"href":"https:\/\/cormenpolska.pl\/index.php?rest_route=\/wp\/v2\/pages\/2069\/revisions\/2554"}],"wp:attachment":[{"href":"https:\/\/cormenpolska.pl\/index.php?rest_route=%2Fwp%2Fv2%2Fmedia&parent=2069"}],"curies":[{"name":"wp","href":"https:\/\/api.w.org\/{rel}","templated":true}]}}