{"id":449,"date":"2017-02-14T07:46:16","date_gmt":"2017-02-14T07:46:16","guid":{"rendered":"http:\/\/themes.kadencethemes.com\/ascend-premium-3\/?page_id=109"},"modified":"2022-05-27T12:08:04","modified_gmt":"2022-05-27T12:08:04","slug":"about-us","status":"publish","type":"page","link":"https:\/\/cormenpolska.pl\/?page_id=449","title":{"rendered":"O nas"},"content":{"rendered":"\n<div class=\"wp-block-columns is-layout-flex wp-container-core-columns-is-layout-9d6595d7 wp-block-columns-is-layout-flex\">\n<div class=\"wp-block-column is-layout-flow wp-block-column-is-layout-flow\" style=\"flex-basis:70%\">\n<p>CORMEN POLSKA powsta\u0142a na potrzeby rozwoju czeskiej firmy produkuj\u0105cej profesjonaln\u0105 i gospodarcz\u0105 chemi\u0119 oraz lini\u0119 kosmetyk\u00f3w zar\u00f3wno do cia\u0142a jak i ochrony pracy.<br>To kilka lat odwagi, wiedzy i pasji, kt\u00f3r\u0105 tworzyli\u015bmy pod skrzyd\u0142em renomowanych marek takich jak: CLEAMEN, KRYSTAL, ISOFA, ISOLDA, TONGO, PAPERNET, TORK, SPLAST, ELEPHANT, TASKI<br>Jeste\u015bmy firm\u0105, kt\u00f3ra oferuje du\u017cy wyb\u00f3r chemii profesjonalnej, chemii gospodarczej, artku\u0142\u00f3w higienicznych, dozownik\u00f3w i innych akcesori\u00f3w utrzymania czysto\u015bci, potrzebnych zar\u00f3wno w domu jak i w obiektach publicznych.<br>W swojej ofercie mamy do zaoferowania wynajem maszyn czyszcz\u0105cych, organizujemy szkolenia personelu z zakresu technik sprz\u0105tania oraz tworzymy plany higieny niezb\u0119dne do pracy.<\/p>\n<h4>Dlaczego my<\/h4>\n<ul style=\"margin-top: -20px; margin-bottom: 20px;\">\n<li>kompleksowe doradztwo i profesjonalizm<\/li>\n<li>jako\u015b\u0107, wydajno\u015b\u0107 i sprawdzony asortyment produkt\u00f3w<\/li>\n<li>korzystne ceny<\/li>\n<\/ul>\n<p>Zapraszamy do Naszego sklepu!<\/p>\n<h3>Skontaktuj si\u0119 z nami<\/h3>\n<p>Ma\u0142gosia Potoniec <a style=\"margin-left: 1em;\" href=\"tel:+48518166113\">518 166 113<\/a><br>Jarek Potoniec <a style=\"margin-left: 1em;\" href=\"tel:+48530950950\">530 950 950<\/a><\/p>\n<\/div>\n\n\n\n<div class=\"wp-block-column is-layout-flow wp-block-column-is-layout-flow\">\n<figure class=\"wp-block-image size-large is-resized\"><img loading=\"lazy\" decoding=\"async\" src=\"http:\/\/cormenpolska.pl\/wp-content\/uploads\/2022\/05\/DSC_1414-684x1024.jpg\" alt=\"\" class=\"wp-image-2302\" width=\"342\" height=\"512\" srcset=\"https:\/\/cormenpolska.pl\/wp-content\/uploads\/2022\/05\/DSC_1414-684x1024.jpg 684w, https:\/\/cormenpolska.pl\/wp-content\/uploads\/2022\/05\/DSC_1414-scaled-300x449.jpg 300w, https:\/\/cormenpolska.pl\/wp-content\/uploads\/2022\/05\/DSC_1414-scaled-600x898.jpg 600w, https:\/\/cormenpolska.pl\/wp-content\/uploads\/2022\/05\/DSC_1414-200x300.jpg 200w, https:\/\/cormenpolska.pl\/wp-content\/uploads\/2022\/05\/DSC_1414-768x1149.jpg 768w, https:\/\/cormenpolska.pl\/wp-content\/uploads\/2022\/05\/DSC_1414-1026x1536.jpg 1026w, https:\/\/cormenpolska.pl\/wp-content\/uploads\/2022\/05\/DSC_1414-1368x2048.jpg 1368w, https:\/\/cormenpolska.pl\/wp-content\/uploads\/2022\/05\/DSC_1414-scaled.jpg 1711w\" sizes=\"auto, (max-width: 342px) 100vw, 342px\" \/><\/figure>\n<\/div>\n<\/div>\n","protected":false},"excerpt":{"rendered":"<p>CORMEN POLSKA powsta\u0142a na potrzeby rozwoju czeskiej firmy produkuj\u0105cej profesjonaln\u0105 i gospodarcz\u0105 chemi\u0119 oraz lini\u0119 kosmetyk\u00f3w zar\u00f3wno do cia\u0142a jak i ochrony pracy.To kilka lat odwagi, wiedzy i pasji, kt\u00f3r\u0105 tworzyli\u015bmy pod skrzyd\u0142em renomowanych marek takich jak: CLEAMEN, KRYSTAL, ISOFA, &hellip; <a class=\"kt-excerpt-readmore more-link\" href=\"https:\/\/cormenpolska.pl\/?page_id=449\">Czytaj wi\u0119cej<\/a><\/p>\n","protected":false},"author":1,"featured_media":0,"parent":0,"menu_order":0,"comment_status":"closed","ping_status":"closed","template":"","meta":{"inline_featured_image":false,"footnotes":""},"class_list":["post-449","page","type-page","status-publish","hentry"],"_links":{"self":[{"href":"https:\/\/cormenpolska.pl\/index.php?rest_route=\/wp\/v2\/pages\/449","targetHints":{"allow":["GET"]}}],"collection":[{"href":"https:\/\/cormenpolska.pl\/index.php?rest_route=\/wp\/v2\/pages"}],"about":[{"href":"https:\/\/cormenpolska.pl\/index.php?rest_route=\/wp\/v2\/types\/page"}],"author":[{"embeddable":true,"href":"https:\/\/cormenpolska.pl\/index.php?rest_route=\/wp\/v2\/users\/1"}],"replies":[{"embeddable":true,"href":"https:\/\/cormenpolska.pl\/index.php?rest_route=%2Fwp%2Fv2%2Fcomments&post=449"}],"version-history":[{"count":29,"href":"https:\/\/cormenpolska.pl\/index.php?rest_route=\/wp\/v2\/pages\/449\/revisions"}],"predecessor-version":[{"id":2358,"href":"https:\/\/cormenpolska.pl\/index.php?rest_route=\/wp\/v2\/pages\/449\/revisions\/2358"}],"wp:attachment":[{"href":"https:\/\/cormenpolska.pl\/index.php?rest_route=%2Fwp%2Fv2%2Fmedia&parent=449"}],"curies":[{"name":"wp","href":"https:\/\/api.w.org\/{rel}","templated":true}]}}