{"id":1167,"date":"2022-05-03T19:07:41","date_gmt":"2022-05-03T19:07:41","guid":{"rendered":"https:\/\/cormenpolska.pl\/?post_type=product&#038;p=1167"},"modified":"2023-02-01T14:51:51","modified_gmt":"2023-02-01T14:51:51","slug":"isolda-aloe-vera-z-witamina-e-500-ml-medispender","status":"publish","type":"product","link":"https:\/\/cormenpolska.pl\/?product=isolda-aloe-vera-z-witamina-e-500-ml-medispender","title":{"rendered":"ISOLDA ALOE VERA Z WITAMIN\u0104 E 500 ml, medispender"},"content":{"rendered":"<p>Po\u0142\u0105czenie dw\u00f3ch substancji czynnych ekstraktu z\u00a0aloesu i\u00a0D-pantenolu umo\u017cliwi\u0142o stworzenie zr\u00f3wnowa\u017conego kremu o\u00a0doskona\u0142ych w\u0142a\u015bciwo\u015bciach. Dzi\u0119ki 5% zawarto\u015bci aloesu, kt\u00f3ry jest znany ze swojego korzystnego dzia\u0142ania i\u00a0D-pantenolu, kt\u00f3ry zmi\u0119kcza i\u00a0\u0142agodzi sk\u00f3r\u0119, krem odznacza si\u0119 bardzo dobrymi w\u0142a\u015bciwo\u015bciami regeneracyjnymi, dobrze si\u0119 wch\u0142ania sprawiaj\u0105c, \u017ce sk\u00f3ra staje si\u0119 delikatna i\u00a0elastyczna. Nie pozostawia uczucia t\u0142ustych r\u0105k. Wyj\u0105tkowe w\u0142a\u015bciwo\u015bci wszystkich aktywnych sk\u0142adnik\u00f3w sprawiaj\u0105, \u017ce krem cieszy si\u0119 wielk\u0105 popularno\u015bci\u0105.<\/p>\n<p>Pojemno\u015b\u0107: 500ml<\/p>\n","protected":false},"excerpt":{"rendered":"<p>Po\u0142\u0105czenie dw\u00f3ch substancji czynnych ekstraktu z\u00a0aloesu i\u00a0D-pantenolu umo\u017cliwi\u0142o stworzenie zr\u00f3wnowa\u017conego kremu o\u00a0doskona\u0142ych w\u0142a\u015bciwo\u015bciach. Dzi\u0119ki 5% zawarto\u015bci aloesu, kt\u00f3ry jest znany ze swojego korzystnego dzia\u0142ania i\u00a0D-pantenolu, kt\u00f3ry zmi\u0119kcza i\u00a0\u0142agodzi sk\u00f3r\u0119, krem odznacza si\u0119 bardzo dobrymi w\u0142a\u015bciwo\u015bciami regeneracyjnymi, dobrze si\u0119 wch\u0142ania sprawiaj\u0105c, &hellip; <a class=\"kt-excerpt-readmore more-link\" href=\"https:\/\/cormenpolska.pl\/?product=isolda-aloe-vera-z-witamina-e-500-ml-medispender\">Czytaj wi\u0119cej<\/a><\/p>\n","protected":false},"featured_media":1702,"comment_status":"closed","ping_status":"closed","template":"","meta":{"inline_featured_image":false},"product_brand":[],"product_cat":[134,137],"product_tag":[],"class_list":{"0":"post-1167","1":"product","2":"type-product","3":"status-publish","4":"has-post-thumbnail","6":"product_cat-kremy-do-rak-higiena-rak-i-ciala","7":"product_cat-kremy-do-rak-higiena-pracy","9":"first","10":"instock","11":"taxable","12":"shipping-taxable","13":"purchasable","14":"product-type-simple"},"_links":{"self":[{"href":"https:\/\/cormenpolska.pl\/index.php?rest_route=\/wp\/v2\/product\/1167","targetHints":{"allow":["GET"]}}],"collection":[{"href":"https:\/\/cormenpolska.pl\/index.php?rest_route=\/wp\/v2\/product"}],"about":[{"href":"https:\/\/cormenpolska.pl\/index.php?rest_route=\/wp\/v2\/types\/product"}],"replies":[{"embeddable":true,"href":"https:\/\/cormenpolska.pl\/index.php?rest_route=%2Fwp%2Fv2%2Fcomments&post=1167"}],"wp:featuredmedia":[{"embeddable":true,"href":"https:\/\/cormenpolska.pl\/index.php?rest_route=\/wp\/v2\/media\/1702"}],"wp:attachment":[{"href":"https:\/\/cormenpolska.pl\/index.php?rest_route=%2Fwp%2Fv2%2Fmedia&parent=1167"}],"wp:term":[{"taxonomy":"product_brand","embeddable":true,"href":"https:\/\/cormenpolska.pl\/index.php?rest_route=%2Fwp%2Fv2%2Fproduct_brand&post=1167"},{"taxonomy":"product_cat","embeddable":true,"href":"https:\/\/cormenpolska.pl\/index.php?rest_route=%2Fwp%2Fv2%2Fproduct_cat&post=1167"},{"taxonomy":"product_tag","embeddable":true,"href":"https:\/\/cormenpolska.pl\/index.php?rest_route=%2Fwp%2Fv2%2Fproduct_tag&post=1167"}],"curies":[{"name":"wp","href":"https:\/\/api.w.org\/{rel}","templated":true}]}}