{"id":1168,"date":"2022-05-03T19:07:41","date_gmt":"2022-05-03T19:07:41","guid":{"rendered":"https:\/\/cormenpolska.pl\/?post_type=product&#038;p=1168"},"modified":"2025-02-26T14:34:51","modified_gmt":"2025-02-26T14:34:51","slug":"isolda-konopie-z-olejem-z-wiesiolka-3","status":"publish","type":"product","link":"https:\/\/cormenpolska.pl\/?product=isolda-konopie-z-olejem-z-wiesiolka-3","title":{"rendered":"ISOLDA KREM KONOPNY Z OLEJEM Z WIESIO\u0141KA 100 ml"},"content":{"rendered":"<p>Krem o wysokiej zawarto\u015bci olejku z konopi i wiesio\u0142ka, kt\u00f3ry odznacza si\u0119 dobroczynnym dzia\u0142aniem, przy d\u0142u\u017cszym stosowaniu pomaga zregenerowa\u0107 podra\u017cnion\u0105 i przesuszon\u0105 sk\u00f3r\u0119. Krem \u0142atwo si\u0119 wch\u0142ania i nie pozostawia uczucia przet\u0142uszczonych r\u0105k. Przyjemne uczucie dope\u0142nia delikatny aromat zielonej herbaty.<\/p>\n<p>Pojemno\u015b\u0107: 100ml<\/p>\n","protected":false},"excerpt":{"rendered":"<p>Krem o wysokiej zawarto\u015bci olejku z konopi i wiesio\u0142ka, kt\u00f3ry odznacza si\u0119 dobroczynnym dzia\u0142aniem, przy d\u0142u\u017cszym stosowaniu pomaga zregenerowa\u0107 podra\u017cnion\u0105 i przesuszon\u0105 sk\u00f3r\u0119. Krem \u0142atwo si\u0119 wch\u0142ania i nie pozostawia uczucia przet\u0142uszczonych r\u0105k. Przyjemne uczucie dope\u0142nia delikatny aromat zielonej herbaty. &hellip; <a class=\"kt-excerpt-readmore more-link\" href=\"https:\/\/cormenpolska.pl\/?product=isolda-konopie-z-olejem-z-wiesiolka-3\">Czytaj wi\u0119cej<\/a><\/p>\n","protected":false},"featured_media":507,"comment_status":"closed","ping_status":"closed","template":"","meta":{"inline_featured_image":false},"product_brand":[],"product_cat":[134,137],"product_tag":[],"class_list":{"0":"post-1168","1":"product","2":"type-product","3":"status-publish","4":"has-post-thumbnail","6":"product_cat-kremy-do-rak-higiena-rak-i-ciala","7":"product_cat-kremy-do-rak-higiena-pracy","9":"first","10":"instock","11":"taxable","12":"shipping-taxable","13":"purchasable","14":"product-type-simple"},"_links":{"self":[{"href":"https:\/\/cormenpolska.pl\/index.php?rest_route=\/wp\/v2\/product\/1168","targetHints":{"allow":["GET"]}}],"collection":[{"href":"https:\/\/cormenpolska.pl\/index.php?rest_route=\/wp\/v2\/product"}],"about":[{"href":"https:\/\/cormenpolska.pl\/index.php?rest_route=\/wp\/v2\/types\/product"}],"replies":[{"embeddable":true,"href":"https:\/\/cormenpolska.pl\/index.php?rest_route=%2Fwp%2Fv2%2Fcomments&post=1168"}],"wp:featuredmedia":[{"embeddable":true,"href":"https:\/\/cormenpolska.pl\/index.php?rest_route=\/wp\/v2\/media\/507"}],"wp:attachment":[{"href":"https:\/\/cormenpolska.pl\/index.php?rest_route=%2Fwp%2Fv2%2Fmedia&parent=1168"}],"wp:term":[{"taxonomy":"product_brand","embeddable":true,"href":"https:\/\/cormenpolska.pl\/index.php?rest_route=%2Fwp%2Fv2%2Fproduct_brand&post=1168"},{"taxonomy":"product_cat","embeddable":true,"href":"https:\/\/cormenpolska.pl\/index.php?rest_route=%2Fwp%2Fv2%2Fproduct_cat&post=1168"},{"taxonomy":"product_tag","embeddable":true,"href":"https:\/\/cormenpolska.pl\/index.php?rest_route=%2Fwp%2Fv2%2Fproduct_tag&post=1168"}],"curies":[{"name":"wp","href":"https:\/\/api.w.org\/{rel}","templated":true}]}}