{"id":1169,"date":"2022-05-03T19:07:42","date_gmt":"2022-05-03T19:07:42","guid":{"rendered":"https:\/\/cormenpolska.pl\/?post_type=product&#038;p=1169"},"modified":"2025-02-26T14:35:28","modified_gmt":"2025-02-26T14:35:28","slug":"isolda-rumianek-kojacy-3","status":"publish","type":"product","link":"https:\/\/cormenpolska.pl\/?product=isolda-rumianek-kojacy-3","title":{"rendered":"ISOLDA RUMIANEK KOJ\u0104CY 100 ml"},"content":{"rendered":"<p>Krem do r\u0105k z zawarto\u015bci\u0105 olejku arganowego i wyci\u0105gu z rumianku pospolitego. \u0141\u0105czy w sobie dzia\u0142anie rumianku z w\u0142a\u015bciwo\u015bciami<br \/>\nod\u017cywczymi olejku arganowego. Poprzez regularne stosowanie sk\u00f3ra odzyskuje witalno\u015b\u0107. Krem \u0142atwo si\u0119 wch\u0142ania i pozostawia przyjemne<br \/>\nuczucie przez ca\u0142y dzie\u0144. Nie jest przeznaczony do stosowania na otwarte rany, ale jego regularne stosowanie ma w\u0142a\u015bciwo\u015bci koj\u0105ce dla podra\u017cnionej sk\u00f3ry.<\/p>\n","protected":false},"excerpt":{"rendered":"<p>Krem do r\u0105k z zawarto\u015bci\u0105 olejku arganowego i wyci\u0105gu z rumianku pospolitego. \u0141\u0105czy w sobie dzia\u0142anie rumianku z w\u0142a\u015bciwo\u015bciami od\u017cywczymi olejku arganowego. Poprzez regularne stosowanie sk\u00f3ra odzyskuje witalno\u015b\u0107. Krem \u0142atwo si\u0119 wch\u0142ania i pozostawia przyjemne uczucie przez ca\u0142y dzie\u0144. Nie &hellip; <a class=\"kt-excerpt-readmore more-link\" href=\"https:\/\/cormenpolska.pl\/?product=isolda-rumianek-kojacy-3\">Czytaj wi\u0119cej<\/a><\/p>\n","protected":false},"featured_media":510,"comment_status":"closed","ping_status":"closed","template":"","meta":{"inline_featured_image":false},"product_brand":[],"product_cat":[134,137],"product_tag":[],"class_list":{"0":"post-1169","1":"product","2":"type-product","3":"status-publish","4":"has-post-thumbnail","6":"product_cat-kremy-do-rak-higiena-rak-i-ciala","7":"product_cat-kremy-do-rak-higiena-pracy","9":"first","10":"instock","11":"taxable","12":"shipping-taxable","13":"purchasable","14":"product-type-simple"},"_links":{"self":[{"href":"https:\/\/cormenpolska.pl\/index.php?rest_route=\/wp\/v2\/product\/1169","targetHints":{"allow":["GET"]}}],"collection":[{"href":"https:\/\/cormenpolska.pl\/index.php?rest_route=\/wp\/v2\/product"}],"about":[{"href":"https:\/\/cormenpolska.pl\/index.php?rest_route=\/wp\/v2\/types\/product"}],"replies":[{"embeddable":true,"href":"https:\/\/cormenpolska.pl\/index.php?rest_route=%2Fwp%2Fv2%2Fcomments&post=1169"}],"wp:featuredmedia":[{"embeddable":true,"href":"https:\/\/cormenpolska.pl\/index.php?rest_route=\/wp\/v2\/media\/510"}],"wp:attachment":[{"href":"https:\/\/cormenpolska.pl\/index.php?rest_route=%2Fwp%2Fv2%2Fmedia&parent=1169"}],"wp:term":[{"taxonomy":"product_brand","embeddable":true,"href":"https:\/\/cormenpolska.pl\/index.php?rest_route=%2Fwp%2Fv2%2Fproduct_brand&post=1169"},{"taxonomy":"product_cat","embeddable":true,"href":"https:\/\/cormenpolska.pl\/index.php?rest_route=%2Fwp%2Fv2%2Fproduct_cat&post=1169"},{"taxonomy":"product_tag","embeddable":true,"href":"https:\/\/cormenpolska.pl\/index.php?rest_route=%2Fwp%2Fv2%2Fproduct_tag&post=1169"}],"curies":[{"name":"wp","href":"https:\/\/api.w.org\/{rel}","templated":true}]}}