{"id":1170,"date":"2022-05-03T19:07:42","date_gmt":"2022-05-03T19:07:42","guid":{"rendered":"https:\/\/cormenpolska.pl\/?post_type=product&#038;p=1170"},"modified":"2025-02-26T14:35:51","modified_gmt":"2025-02-26T14:35:51","slug":"isolda-oliwka-regeneracyjny-z-olejem-herbacianym","status":"publish","type":"product","link":"https:\/\/cormenpolska.pl\/?product=isolda-oliwka-regeneracyjny-z-olejem-herbacianym","title":{"rendered":"ISOLDA OLIWKA REGENERACYJNY Z OLEJEM HERBACIANYM 100 ml"},"content":{"rendered":"<p>Krem, kt\u00f3ry \u0142\u0105czy oliw\u0119 z\u00a0oliwek i\u00a0oczyszczony olejek eteryczny z\u00a0drzewa herbacianego (TTO). Razem zmi\u0119kczaj\u0105 i\u00a0\u0142agodz\u0105 sk\u00f3r\u0119 bardzo obci\u0105\u017canych r\u0105k. Krem pomaga w\u00a0regeneracji sk\u00f3ry a\u00a0dzi\u0119ki szybkiemu wch\u0142anianiu si\u0119 nie pozostawia uczucia t\u0142ustych r\u0105k.<\/p>\n<p>Pojemno\u015b\u0107: 100ml<\/p>\n","protected":false},"excerpt":{"rendered":"<p>Krem, kt\u00f3ry \u0142\u0105czy oliw\u0119 z\u00a0oliwek i\u00a0oczyszczony olejek eteryczny z\u00a0drzewa herbacianego (TTO). Razem zmi\u0119kczaj\u0105 i\u00a0\u0142agodz\u0105 sk\u00f3r\u0119 bardzo obci\u0105\u017canych r\u0105k. Krem pomaga w\u00a0regeneracji sk\u00f3ry a\u00a0dzi\u0119ki szybkiemu wch\u0142anianiu si\u0119 nie pozostawia uczucia t\u0142ustych r\u0105k. Pojemno\u015b\u0107: 100ml<\/p>\n","protected":false},"featured_media":1703,"comment_status":"closed","ping_status":"closed","template":"","meta":{"inline_featured_image":false},"product_brand":[],"product_cat":[134,137],"product_tag":[],"class_list":{"0":"post-1170","1":"product","2":"type-product","3":"status-publish","4":"has-post-thumbnail","6":"product_cat-kremy-do-rak-higiena-rak-i-ciala","7":"product_cat-kremy-do-rak-higiena-pracy","9":"first","10":"instock","11":"taxable","12":"shipping-taxable","13":"purchasable","14":"product-type-simple"},"_links":{"self":[{"href":"https:\/\/cormenpolska.pl\/index.php?rest_route=\/wp\/v2\/product\/1170","targetHints":{"allow":["GET"]}}],"collection":[{"href":"https:\/\/cormenpolska.pl\/index.php?rest_route=\/wp\/v2\/product"}],"about":[{"href":"https:\/\/cormenpolska.pl\/index.php?rest_route=\/wp\/v2\/types\/product"}],"replies":[{"embeddable":true,"href":"https:\/\/cormenpolska.pl\/index.php?rest_route=%2Fwp%2Fv2%2Fcomments&post=1170"}],"wp:featuredmedia":[{"embeddable":true,"href":"https:\/\/cormenpolska.pl\/index.php?rest_route=\/wp\/v2\/media\/1703"}],"wp:attachment":[{"href":"https:\/\/cormenpolska.pl\/index.php?rest_route=%2Fwp%2Fv2%2Fmedia&parent=1170"}],"wp:term":[{"taxonomy":"product_brand","embeddable":true,"href":"https:\/\/cormenpolska.pl\/index.php?rest_route=%2Fwp%2Fv2%2Fproduct_brand&post=1170"},{"taxonomy":"product_cat","embeddable":true,"href":"https:\/\/cormenpolska.pl\/index.php?rest_route=%2Fwp%2Fv2%2Fproduct_cat&post=1170"},{"taxonomy":"product_tag","embeddable":true,"href":"https:\/\/cormenpolska.pl\/index.php?rest_route=%2Fwp%2Fv2%2Fproduct_tag&post=1170"}],"curies":[{"name":"wp","href":"https:\/\/api.w.org\/{rel}","templated":true}]}}