{"id":1176,"date":"2022-05-03T19:07:42","date_gmt":"2022-05-03T19:07:42","guid":{"rendered":"https:\/\/cormenpolska.pl\/?post_type=product&#038;p=1176"},"modified":"2025-02-26T14:36:38","modified_gmt":"2025-02-26T14:36:38","slug":"isolda-lanolina-z-olejem-z-rokitnika","status":"publish","type":"product","link":"https:\/\/cormenpolska.pl\/?product=isolda-lanolina-z-olejem-z-rokitnika","title":{"rendered":"ISOLDA LANOLINA Z OLEJEM Z ROKITNIKA 100 ml"},"content":{"rendered":"<p>T\u0142usty krem, kt\u00f3ry dzi\u0119ki unikalnemu po\u0142\u0105czeniu czystej lanoliny farmaceutycznej, olejku z rokitnika i soi, posiada bogat\u0105 konsystencj\u0119. Pomaga ona w ochronie sk\u00f3ry przed niekorzystnymi czynnikami \u015brodowiska, zw\u0142aszcza przed wilgoci\u0105. Dzi\u0119ki wysokiej zawarto\u015bci olejk\u00f3w i wosk\u00f3w, sk\u00f3ra po na\u0142o\u017ceniu kremu pozostaje przyjemna w dotyku. Krem jest odpowiedni do sk\u00f3ry r\u0105k ekstremalnie obci\u0105\u017canej podczas pracy w \u015brodowisku wilgotnym ze \u015brodkami czyszcz\u0105cymi i rozpuszczalnikami. Krem mo\u017cna r\u00f3wnie\u017c u\u017cywa\u0107 do ok\u0142ad\u00f3w regeneruj\u0105cych.<\/p>\n<p>Pojemno\u015b\u0107: 100ml<\/p>\n","protected":false},"excerpt":{"rendered":"<p>T\u0142usty krem, kt\u00f3ry dzi\u0119ki unikalnemu po\u0142\u0105czeniu czystej lanoliny farmaceutycznej, olejku z rokitnika i soi, posiada bogat\u0105 konsystencj\u0119. Pomaga ona w ochronie sk\u00f3ry przed niekorzystnymi czynnikami \u015brodowiska, zw\u0142aszcza przed wilgoci\u0105. Dzi\u0119ki wysokiej zawarto\u015bci olejk\u00f3w i wosk\u00f3w, sk\u00f3ra po na\u0142o\u017ceniu kremu pozostaje &hellip; <a class=\"kt-excerpt-readmore more-link\" href=\"https:\/\/cormenpolska.pl\/?product=isolda-lanolina-z-olejem-z-rokitnika\">Czytaj wi\u0119cej<\/a><\/p>\n","protected":false},"featured_media":1711,"comment_status":"closed","ping_status":"closed","template":"","meta":{"inline_featured_image":false},"product_brand":[],"product_cat":[134,137],"product_tag":[],"class_list":{"0":"post-1176","1":"product","2":"type-product","3":"status-publish","4":"has-post-thumbnail","6":"product_cat-kremy-do-rak-higiena-rak-i-ciala","7":"product_cat-kremy-do-rak-higiena-pracy","9":"first","10":"instock","11":"taxable","12":"shipping-taxable","13":"purchasable","14":"product-type-simple"},"_links":{"self":[{"href":"https:\/\/cormenpolska.pl\/index.php?rest_route=\/wp\/v2\/product\/1176","targetHints":{"allow":["GET"]}}],"collection":[{"href":"https:\/\/cormenpolska.pl\/index.php?rest_route=\/wp\/v2\/product"}],"about":[{"href":"https:\/\/cormenpolska.pl\/index.php?rest_route=\/wp\/v2\/types\/product"}],"replies":[{"embeddable":true,"href":"https:\/\/cormenpolska.pl\/index.php?rest_route=%2Fwp%2Fv2%2Fcomments&post=1176"}],"wp:featuredmedia":[{"embeddable":true,"href":"https:\/\/cormenpolska.pl\/index.php?rest_route=\/wp\/v2\/media\/1711"}],"wp:attachment":[{"href":"https:\/\/cormenpolska.pl\/index.php?rest_route=%2Fwp%2Fv2%2Fmedia&parent=1176"}],"wp:term":[{"taxonomy":"product_brand","embeddable":true,"href":"https:\/\/cormenpolska.pl\/index.php?rest_route=%2Fwp%2Fv2%2Fproduct_brand&post=1176"},{"taxonomy":"product_cat","embeddable":true,"href":"https:\/\/cormenpolska.pl\/index.php?rest_route=%2Fwp%2Fv2%2Fproduct_cat&post=1176"},{"taxonomy":"product_tag","embeddable":true,"href":"https:\/\/cormenpolska.pl\/index.php?rest_route=%2Fwp%2Fv2%2Fproduct_tag&post=1176"}],"curies":[{"name":"wp","href":"https:\/\/api.w.org\/{rel}","templated":true}]}}