{"id":1177,"date":"2022-05-03T19:07:42","date_gmt":"2022-05-03T19:07:42","guid":{"rendered":"https:\/\/cormenpolska.pl\/?post_type=product&#038;p=1177"},"modified":"2025-02-26T14:33:36","modified_gmt":"2025-02-26T14:33:36","slug":"isolda-krem-ochronny-ze-skladnikiem-antybakteryjnym","status":"publish","type":"product","link":"https:\/\/cormenpolska.pl\/?product=isolda-krem-ochronny-ze-skladnikiem-antybakteryjnym","title":{"rendered":"ISOLDA KREM sza\u0142wia z biotyn\u0105 OCHRONNY ZE SK\u0141ADNIKIEM ANTYBAKTERYJNYM 100 ml"},"content":{"rendered":"<p>Delikatny krem o bardzo dobrych w\u0142a\u015bciwo\u015bciach nawil\u017caj\u0105cych, zawiera ekstrakt z sza\u0142wii. Jest \u0142atwo wch\u0142aniany i nie pozostawia uczucia t\u0142ustej sk\u00f3ry. W warunkach cz\u0119stszego wykorzystania, takich jak salony pi\u0119kno\u015bci, sklepy spo\u017cywcze i inne obszary, konieczne jest dzia\u0142anie antybakteryjne. Unikalne po\u0142\u0105czenie delikatnej kremowej bazy ze sk\u0142adnikiem antybakteryjnym jest odpowiednim uzupe\u0142nieniem proces\u00f3w higienicznych.<\/p>\n<p>Pojemno\u015b\u0107: 100ml<\/p>\n","protected":false},"excerpt":{"rendered":"<p>Delikatny krem o bardzo dobrych w\u0142a\u015bciwo\u015bciach nawil\u017caj\u0105cych, zawiera ekstrakt z sza\u0142wii. Jest \u0142atwo wch\u0142aniany i nie pozostawia uczucia t\u0142ustej sk\u00f3ry. W warunkach cz\u0119stszego wykorzystania, takich jak salony pi\u0119kno\u015bci, sklepy spo\u017cywcze i inne obszary, konieczne jest dzia\u0142anie antybakteryjne. Unikalne po\u0142\u0105czenie delikatnej &hellip; <a class=\"kt-excerpt-readmore more-link\" href=\"https:\/\/cormenpolska.pl\/?product=isolda-krem-ochronny-ze-skladnikiem-antybakteryjnym\">Czytaj wi\u0119cej<\/a><\/p>\n","protected":false},"featured_media":1712,"comment_status":"closed","ping_status":"closed","template":"","meta":{"inline_featured_image":false},"product_brand":[],"product_cat":[134,137],"product_tag":[],"class_list":{"0":"post-1177","1":"product","2":"type-product","3":"status-publish","4":"has-post-thumbnail","6":"product_cat-kremy-do-rak-higiena-rak-i-ciala","7":"product_cat-kremy-do-rak-higiena-pracy","9":"first","10":"instock","11":"taxable","12":"shipping-taxable","13":"purchasable","14":"product-type-simple"},"_links":{"self":[{"href":"https:\/\/cormenpolska.pl\/index.php?rest_route=\/wp\/v2\/product\/1177","targetHints":{"allow":["GET"]}}],"collection":[{"href":"https:\/\/cormenpolska.pl\/index.php?rest_route=\/wp\/v2\/product"}],"about":[{"href":"https:\/\/cormenpolska.pl\/index.php?rest_route=\/wp\/v2\/types\/product"}],"replies":[{"embeddable":true,"href":"https:\/\/cormenpolska.pl\/index.php?rest_route=%2Fwp%2Fv2%2Fcomments&post=1177"}],"wp:featuredmedia":[{"embeddable":true,"href":"https:\/\/cormenpolska.pl\/index.php?rest_route=\/wp\/v2\/media\/1712"}],"wp:attachment":[{"href":"https:\/\/cormenpolska.pl\/index.php?rest_route=%2Fwp%2Fv2%2Fmedia&parent=1177"}],"wp:term":[{"taxonomy":"product_brand","embeddable":true,"href":"https:\/\/cormenpolska.pl\/index.php?rest_route=%2Fwp%2Fv2%2Fproduct_brand&post=1177"},{"taxonomy":"product_cat","embeddable":true,"href":"https:\/\/cormenpolska.pl\/index.php?rest_route=%2Fwp%2Fv2%2Fproduct_cat&post=1177"},{"taxonomy":"product_tag","embeddable":true,"href":"https:\/\/cormenpolska.pl\/index.php?rest_route=%2Fwp%2Fv2%2Fproduct_tag&post=1177"}],"curies":[{"name":"wp","href":"https:\/\/api.w.org\/{rel}","templated":true}]}}