{"id":1178,"date":"2022-05-03T19:07:42","date_gmt":"2022-05-03T19:07:42","guid":{"rendered":"https:\/\/cormenpolska.pl\/?post_type=product&#038;p=1178"},"modified":"2025-02-26T14:36:15","modified_gmt":"2025-02-26T14:36:15","slug":"isolda-keratyna-z-olejem-migdalowym","status":"publish","type":"product","link":"https:\/\/cormenpolska.pl\/?product=isolda-keratyna-z-olejem-migdalowym","title":{"rendered":"ISOLDA KERATYNA Z OLEJEM MIGDA\u0141OWYM 100 ml"},"content":{"rendered":"<p>Luksusowy krem od\u017cywczy \u0142\u0105czy w sobie bogat\u0105 baz\u0119 kremow\u0105 z wysok\u0105 zawarto\u015bci\u0105 keratyny oraz olejku migda\u0142owego. Dzi\u0119ki swojej bogatej kompozycji sk\u0142adnik\u00f3w jest jednym z najlepszych krem\u00f3w. Oryginalne po\u0142\u0105czenie sk\u0142adnik\u00f3w pomaga w utrzymaniu elastyczno\u015bci, zmi\u0119kczaniu i od\u017cywianiu sk\u00f3ry r\u0105k oraz paznokci. Przy regularnym stosowaniu sk\u00f3ra pozostaje mi\u0119kka i elastyczna. Krem mo\u017cna stosowa\u0107 r\u00f3wnie\u017c do ok\u0142ad\u00f3w regeneracyjnych.<\/p>\n<p>Pojemno\u015b\u0107: 100ml<\/p>\n","protected":false},"excerpt":{"rendered":"<p>Luksusowy krem od\u017cywczy \u0142\u0105czy w sobie bogat\u0105 baz\u0119 kremow\u0105 z wysok\u0105 zawarto\u015bci\u0105 keratyny oraz olejku migda\u0142owego. Dzi\u0119ki swojej bogatej kompozycji sk\u0142adnik\u00f3w jest jednym z najlepszych krem\u00f3w. Oryginalne po\u0142\u0105czenie sk\u0142adnik\u00f3w pomaga w utrzymaniu elastyczno\u015bci, zmi\u0119kczaniu i od\u017cywianiu sk\u00f3ry r\u0105k oraz paznokci. &hellip; <a class=\"kt-excerpt-readmore more-link\" href=\"https:\/\/cormenpolska.pl\/?product=isolda-keratyna-z-olejem-migdalowym\">Czytaj wi\u0119cej<\/a><\/p>\n","protected":false},"featured_media":1713,"comment_status":"closed","ping_status":"closed","template":"","meta":{"inline_featured_image":false},"product_brand":[],"product_cat":[134,137],"product_tag":[],"class_list":{"0":"post-1178","1":"product","2":"type-product","3":"status-publish","4":"has-post-thumbnail","6":"product_cat-kremy-do-rak-higiena-rak-i-ciala","7":"product_cat-kremy-do-rak-higiena-pracy","9":"first","10":"instock","11":"taxable","12":"shipping-taxable","13":"purchasable","14":"product-type-simple"},"_links":{"self":[{"href":"https:\/\/cormenpolska.pl\/index.php?rest_route=\/wp\/v2\/product\/1178","targetHints":{"allow":["GET"]}}],"collection":[{"href":"https:\/\/cormenpolska.pl\/index.php?rest_route=\/wp\/v2\/product"}],"about":[{"href":"https:\/\/cormenpolska.pl\/index.php?rest_route=\/wp\/v2\/types\/product"}],"replies":[{"embeddable":true,"href":"https:\/\/cormenpolska.pl\/index.php?rest_route=%2Fwp%2Fv2%2Fcomments&post=1178"}],"wp:featuredmedia":[{"embeddable":true,"href":"https:\/\/cormenpolska.pl\/index.php?rest_route=\/wp\/v2\/media\/1713"}],"wp:attachment":[{"href":"https:\/\/cormenpolska.pl\/index.php?rest_route=%2Fwp%2Fv2%2Fmedia&parent=1178"}],"wp:term":[{"taxonomy":"product_brand","embeddable":true,"href":"https:\/\/cormenpolska.pl\/index.php?rest_route=%2Fwp%2Fv2%2Fproduct_brand&post=1178"},{"taxonomy":"product_cat","embeddable":true,"href":"https:\/\/cormenpolska.pl\/index.php?rest_route=%2Fwp%2Fv2%2Fproduct_cat&post=1178"},{"taxonomy":"product_tag","embeddable":true,"href":"https:\/\/cormenpolska.pl\/index.php?rest_route=%2Fwp%2Fv2%2Fproduct_tag&post=1178"}],"curies":[{"name":"wp","href":"https:\/\/api.w.org\/{rel}","templated":true}]}}