{"id":1191,"date":"2022-05-03T19:07:43","date_gmt":"2022-05-03T19:07:43","guid":{"rendered":"https:\/\/cormenpolska.pl\/?post_type=product&#038;p=1191"},"modified":"2023-02-01T14:57:22","modified_gmt":"2023-02-01T14:57:22","slug":"isofa-max-gel-450-g","status":"publish","type":"product","link":"https:\/\/cormenpolska.pl\/?product=isofa-max-gel-450-g","title":{"rendered":"ISOFA MAX gel 450 g, GEAR"},"content":{"rendered":"<p>Najskuteczniejszy profesjonalny \u017cel do mycia i p\u0142ynna pasta do r\u0105k, przeznaczone do stosowania w wymagaj\u0105cych warunkach. Dzia\u0142a na wyj\u0105tkowo oporne zanieczyszczenia pochodz\u0105ce z przemys\u0142u poligraficznego, lakierni, maszyn ci\u0119\u017ckich itp. Sk\u0142adnik \u015bcierny jest mieszanin\u0105 pokruszonych minera\u0142\u00f3w.<\/p>\n<p>Pojemno\u015b\u0107: 450g kubek<\/p>\n","protected":false},"excerpt":{"rendered":"<p>Najskuteczniejszy profesjonalny \u017cel do mycia i p\u0142ynna pasta do r\u0105k, przeznaczone do stosowania w wymagaj\u0105cych warunkach. Dzia\u0142a na wyj\u0105tkowo oporne zanieczyszczenia pochodz\u0105ce z przemys\u0142u poligraficznego, lakierni, maszyn ci\u0119\u017ckich itp. Sk\u0142adnik \u015bcierny jest mieszanin\u0105 pokruszonych minera\u0142\u00f3w. Pojemno\u015b\u0107: 450g kubek<\/p>\n","protected":false},"featured_media":1728,"comment_status":"closed","ping_status":"closed","template":"","meta":{"inline_featured_image":false},"product_brand":[],"product_cat":[135],"product_tag":[],"class_list":{"0":"post-1191","1":"product","2":"type-product","3":"status-publish","4":"has-post-thumbnail","6":"product_cat-pasty-do-mycia-rak-higiena-pracy","8":"first","9":"instock","10":"taxable","11":"shipping-taxable","12":"purchasable","13":"product-type-simple"},"_links":{"self":[{"href":"https:\/\/cormenpolska.pl\/index.php?rest_route=\/wp\/v2\/product\/1191","targetHints":{"allow":["GET"]}}],"collection":[{"href":"https:\/\/cormenpolska.pl\/index.php?rest_route=\/wp\/v2\/product"}],"about":[{"href":"https:\/\/cormenpolska.pl\/index.php?rest_route=\/wp\/v2\/types\/product"}],"replies":[{"embeddable":true,"href":"https:\/\/cormenpolska.pl\/index.php?rest_route=%2Fwp%2Fv2%2Fcomments&post=1191"}],"wp:featuredmedia":[{"embeddable":true,"href":"https:\/\/cormenpolska.pl\/index.php?rest_route=\/wp\/v2\/media\/1728"}],"wp:attachment":[{"href":"https:\/\/cormenpolska.pl\/index.php?rest_route=%2Fwp%2Fv2%2Fmedia&parent=1191"}],"wp:term":[{"taxonomy":"product_brand","embeddable":true,"href":"https:\/\/cormenpolska.pl\/index.php?rest_route=%2Fwp%2Fv2%2Fproduct_brand&post=1191"},{"taxonomy":"product_cat","embeddable":true,"href":"https:\/\/cormenpolska.pl\/index.php?rest_route=%2Fwp%2Fv2%2Fproduct_cat&post=1191"},{"taxonomy":"product_tag","embeddable":true,"href":"https:\/\/cormenpolska.pl\/index.php?rest_route=%2Fwp%2Fv2%2Fproduct_tag&post=1191"}],"curies":[{"name":"wp","href":"https:\/\/api.w.org\/{rel}","templated":true}]}}