{"id":1193,"date":"2022-05-03T19:07:44","date_gmt":"2022-05-03T19:07:44","guid":{"rendered":"https:\/\/cormenpolska.pl\/?post_type=product&#038;p=1193"},"modified":"2024-09-20T10:01:56","modified_gmt":"2024-09-20T10:01:56","slug":"isofa-pro-zestaw-x-pasta-550-g-uchwyt","status":"publish","type":"product","link":"https:\/\/cormenpolska.pl\/?product=isofa-pro-zestaw-x-pasta-550-g-uchwyt","title":{"rendered":"ISOFA PRO zestaw X: pasta 700 g + uchwyt"},"content":{"rendered":"<p>Preparat przeznaczony do usuwania \u015brednio opornych zabrudze\u0144, g\u0142\u00f3wnie w budownictwie, ale tak\u017ce w innych dziedzinach, takich jak motoryzacja, naprawy i nie tylko. Zawiera naturalne materia\u0142y \u015bcierne. Nie zawiera barwnik\u00f3w.<\/p>\n<p>Pojemno\u015b\u0107: 700g X z uchwytem<\/p>\n","protected":false},"excerpt":{"rendered":"<p>Preparat przeznaczony do usuwania \u015brednio opornych zabrudze\u0144, g\u0142\u00f3wnie w budownictwie, ale tak\u017ce w innych dziedzinach, takich jak motoryzacja, naprawy i nie tylko. Zawiera naturalne materia\u0142y \u015bcierne. Nie zawiera barwnik\u00f3w. Pojemno\u015b\u0107: 700g X z uchwytem<\/p>\n","protected":false},"featured_media":1716,"comment_status":"closed","ping_status":"closed","template":"","meta":{"inline_featured_image":false},"product_brand":[],"product_cat":[135],"product_tag":[],"class_list":{"0":"post-1193","1":"product","2":"type-product","3":"status-publish","4":"has-post-thumbnail","6":"product_cat-pasty-do-mycia-rak-higiena-pracy","8":"first","9":"instock","10":"taxable","11":"shipping-taxable","12":"purchasable","13":"product-type-simple"},"_links":{"self":[{"href":"https:\/\/cormenpolska.pl\/index.php?rest_route=\/wp\/v2\/product\/1193","targetHints":{"allow":["GET"]}}],"collection":[{"href":"https:\/\/cormenpolska.pl\/index.php?rest_route=\/wp\/v2\/product"}],"about":[{"href":"https:\/\/cormenpolska.pl\/index.php?rest_route=\/wp\/v2\/types\/product"}],"replies":[{"embeddable":true,"href":"https:\/\/cormenpolska.pl\/index.php?rest_route=%2Fwp%2Fv2%2Fcomments&post=1193"}],"wp:featuredmedia":[{"embeddable":true,"href":"https:\/\/cormenpolska.pl\/index.php?rest_route=\/wp\/v2\/media\/1716"}],"wp:attachment":[{"href":"https:\/\/cormenpolska.pl\/index.php?rest_route=%2Fwp%2Fv2%2Fmedia&parent=1193"}],"wp:term":[{"taxonomy":"product_brand","embeddable":true,"href":"https:\/\/cormenpolska.pl\/index.php?rest_route=%2Fwp%2Fv2%2Fproduct_brand&post=1193"},{"taxonomy":"product_cat","embeddable":true,"href":"https:\/\/cormenpolska.pl\/index.php?rest_route=%2Fwp%2Fv2%2Fproduct_cat&post=1193"},{"taxonomy":"product_tag","embeddable":true,"href":"https:\/\/cormenpolska.pl\/index.php?rest_route=%2Fwp%2Fv2%2Fproduct_tag&post=1193"}],"curies":[{"name":"wp","href":"https:\/\/api.w.org\/{rel}","templated":true}]}}