{"id":1195,"date":"2022-05-03T19:07:44","date_gmt":"2022-05-03T19:07:44","guid":{"rendered":"https:\/\/cormenpolska.pl\/?post_type=product&#038;p=1195"},"modified":"2024-09-20T10:23:43","modified_gmt":"2024-09-20T10:23:43","slug":"isofa-hard-550-g-x-profi-pasta-do-mycia-rak-550-g","status":"publish","type":"product","link":"https:\/\/cormenpolska.pl\/?product=isofa-hard-550-g-x-profi-pasta-do-mycia-rak-550-g","title":{"rendered":"ISOFA Hard 700 g X &#8211; profi pasta do mycia r\u0105k 700 g"},"content":{"rendered":"<p>Profesjonalny \u017cel do mycia i p\u0142ynna pasta przeznaczone do usuwania wysoce opornych zanieczyszcze\u0144 ze sk\u00f3ry. Doskonale zmywa zabrudzenia powsta\u0142e przy pracy w warsztatach samochodowych, serwisach technicznych czy przemy\u015ble ci\u0119\u017ckim. Radzi sobie r\u00f3wnie\u017c z innymi powsta\u0142ymi zanieczyszczeniami , a jego dzia\u0142anie myj\u0105ce przewy\u017csza wi\u0119kszo\u015b\u0107 past dost\u0119pnych na rynku.<\/p>\n<p>Pojemno\u015b\u0107: 700g X bez uchwytu<\/p>\n","protected":false},"excerpt":{"rendered":"<p>Profesjonalny \u017cel do mycia i p\u0142ynna pasta przeznaczone do usuwania wysoce opornych zanieczyszcze\u0144 ze sk\u00f3ry. Doskonale zmywa zabrudzenia powsta\u0142e przy pracy w warsztatach samochodowych, serwisach technicznych czy przemy\u015ble ci\u0119\u017ckim. Radzi sobie r\u00f3wnie\u017c z innymi powsta\u0142ymi zanieczyszczeniami , a jego dzia\u0142anie &hellip; <a class=\"kt-excerpt-readmore more-link\" href=\"https:\/\/cormenpolska.pl\/?product=isofa-hard-550-g-x-profi-pasta-do-mycia-rak-550-g\">Czytaj wi\u0119cej<\/a><\/p>\n","protected":false},"featured_media":1721,"comment_status":"closed","ping_status":"closed","template":"","meta":{"inline_featured_image":false},"product_brand":[],"product_cat":[135],"product_tag":[],"class_list":{"0":"post-1195","1":"product","2":"type-product","3":"status-publish","4":"has-post-thumbnail","6":"product_cat-pasty-do-mycia-rak-higiena-pracy","8":"first","9":"instock","10":"taxable","11":"shipping-taxable","12":"purchasable","13":"product-type-simple"},"_links":{"self":[{"href":"https:\/\/cormenpolska.pl\/index.php?rest_route=\/wp\/v2\/product\/1195","targetHints":{"allow":["GET"]}}],"collection":[{"href":"https:\/\/cormenpolska.pl\/index.php?rest_route=\/wp\/v2\/product"}],"about":[{"href":"https:\/\/cormenpolska.pl\/index.php?rest_route=\/wp\/v2\/types\/product"}],"replies":[{"embeddable":true,"href":"https:\/\/cormenpolska.pl\/index.php?rest_route=%2Fwp%2Fv2%2Fcomments&post=1195"}],"wp:featuredmedia":[{"embeddable":true,"href":"https:\/\/cormenpolska.pl\/index.php?rest_route=\/wp\/v2\/media\/1721"}],"wp:attachment":[{"href":"https:\/\/cormenpolska.pl\/index.php?rest_route=%2Fwp%2Fv2%2Fmedia&parent=1195"}],"wp:term":[{"taxonomy":"product_brand","embeddable":true,"href":"https:\/\/cormenpolska.pl\/index.php?rest_route=%2Fwp%2Fv2%2Fproduct_brand&post=1195"},{"taxonomy":"product_cat","embeddable":true,"href":"https:\/\/cormenpolska.pl\/index.php?rest_route=%2Fwp%2Fv2%2Fproduct_cat&post=1195"},{"taxonomy":"product_tag","embeddable":true,"href":"https:\/\/cormenpolska.pl\/index.php?rest_route=%2Fwp%2Fv2%2Fproduct_tag&post=1195"}],"curies":[{"name":"wp","href":"https:\/\/api.w.org\/{rel}","templated":true}]}}