{"id":1199,"date":"2022-05-03T19:07:44","date_gmt":"2022-05-03T19:07:44","guid":{"rendered":"https:\/\/cormenpolska.pl\/?post_type=product&#038;p=1199"},"modified":"2024-09-20T10:18:20","modified_gmt":"2024-09-20T10:18:20","slug":"isofa-max-zestaw-x-pasta-550-g-uchwyt","status":"publish","type":"product","link":"https:\/\/cormenpolska.pl\/?product=isofa-max-zestaw-x-pasta-550-g-uchwyt","title":{"rendered":"ISOFA MAX zestaw X: pasta 700 g + uchwyt"},"content":{"rendered":"<p>Najskuteczniejszy profesjonalny \u017cel do mycia i p\u0142ynna pasta do r\u0105k, przeznaczone do stosowania w wymagaj\u0105cych warunkach. Dzia\u0142a na wyj\u0105tkowo oporne zanieczyszczenia pochodz\u0105ce z przemys\u0142u poligraficznego, lakierni, maszyn ci\u0119\u017ckich itp. Sk\u0142adnik \u015bcierny jest mieszanin\u0105 pokruszonych minera\u0142\u00f3w.<\/p>\n<p>Pojemno\u015b\u0107: 700g X z uchwytem<\/p>\n","protected":false},"excerpt":{"rendered":"<p>Najskuteczniejszy profesjonalny \u017cel do mycia i p\u0142ynna pasta do r\u0105k, przeznaczone do stosowania w wymagaj\u0105cych warunkach. Dzia\u0142a na wyj\u0105tkowo oporne zanieczyszczenia pochodz\u0105ce z przemys\u0142u poligraficznego, lakierni, maszyn ci\u0119\u017ckich itp. Sk\u0142adnik \u015bcierny jest mieszanin\u0105 pokruszonych minera\u0142\u00f3w. Pojemno\u015b\u0107: 700g X z uchwytem<\/p>\n","protected":false},"featured_media":1727,"comment_status":"closed","ping_status":"closed","template":"","meta":{"inline_featured_image":false},"product_brand":[],"product_cat":[135],"product_tag":[],"class_list":{"0":"post-1199","1":"product","2":"type-product","3":"status-publish","4":"has-post-thumbnail","6":"product_cat-pasty-do-mycia-rak-higiena-pracy","8":"first","9":"instock","10":"taxable","11":"shipping-taxable","12":"purchasable","13":"product-type-simple"},"_links":{"self":[{"href":"https:\/\/cormenpolska.pl\/index.php?rest_route=\/wp\/v2\/product\/1199","targetHints":{"allow":["GET"]}}],"collection":[{"href":"https:\/\/cormenpolska.pl\/index.php?rest_route=\/wp\/v2\/product"}],"about":[{"href":"https:\/\/cormenpolska.pl\/index.php?rest_route=\/wp\/v2\/types\/product"}],"replies":[{"embeddable":true,"href":"https:\/\/cormenpolska.pl\/index.php?rest_route=%2Fwp%2Fv2%2Fcomments&post=1199"}],"wp:featuredmedia":[{"embeddable":true,"href":"https:\/\/cormenpolska.pl\/index.php?rest_route=\/wp\/v2\/media\/1727"}],"wp:attachment":[{"href":"https:\/\/cormenpolska.pl\/index.php?rest_route=%2Fwp%2Fv2%2Fmedia&parent=1199"}],"wp:term":[{"taxonomy":"product_brand","embeddable":true,"href":"https:\/\/cormenpolska.pl\/index.php?rest_route=%2Fwp%2Fv2%2Fproduct_brand&post=1199"},{"taxonomy":"product_cat","embeddable":true,"href":"https:\/\/cormenpolska.pl\/index.php?rest_route=%2Fwp%2Fv2%2Fproduct_cat&post=1199"},{"taxonomy":"product_tag","embeddable":true,"href":"https:\/\/cormenpolska.pl\/index.php?rest_route=%2Fwp%2Fv2%2Fproduct_tag&post=1199"}],"curies":[{"name":"wp","href":"https:\/\/api.w.org\/{rel}","templated":true}]}}