{"id":1201,"date":"2022-05-03T19:07:44","date_gmt":"2022-05-03T19:07:44","guid":{"rendered":"https:\/\/cormenpolska.pl\/?post_type=product&#038;p=1201"},"modified":"2023-02-06T14:47:34","modified_gmt":"2023-02-06T14:47:34","slug":"vakavo-blue-mye-600-g","status":"publish","type":"product","link":"https:\/\/cormenpolska.pl\/?product=vakavo-blue-mye-600-g","title":{"rendered":"VAKAVO Blue Mye 600 g"},"content":{"rendered":"<p>Profesjonalna p\u0142ynna pasta myj\u0105ca do mocno zabrudzonych r\u0105k, zawieraj\u0105ca naturalne kruszywo wapienne. Zalet\u0105 tej pasty jest zastosowanie naturalnego sk\u0142adnika \u015bciernego. Usuwa uporczywe zabrudzenia, takie jak rdza, t\u0142uszcz, sadza, olej i inne. Produkt jest przebadany dermatologicznie.<\/p>\n<p>Pojemno\u015b\u0107:<\/p>\n<p>&#8211; 600g<\/p>\n","protected":false},"excerpt":{"rendered":"<p>Profesjonalna p\u0142ynna pasta myj\u0105ca do mocno zabrudzonych r\u0105k, zawieraj\u0105ca naturalne kruszywo wapienne. Zalet\u0105 tej pasty jest zastosowanie naturalnego sk\u0142adnika \u015bciernego. Usuwa uporczywe zabrudzenia, takie jak rdza, t\u0142uszcz, sadza, olej i inne. Produkt jest przebadany dermatologicznie. Pojemno\u015b\u0107: &#8211; 600g<\/p>\n","protected":false},"featured_media":1732,"comment_status":"closed","ping_status":"closed","template":"","meta":{"inline_featured_image":false},"product_brand":[],"product_cat":[135],"product_tag":[],"class_list":{"0":"post-1201","1":"product","2":"type-product","3":"status-publish","4":"has-post-thumbnail","6":"product_cat-pasty-do-mycia-rak-higiena-pracy","8":"first","9":"instock","10":"taxable","11":"shipping-taxable","12":"purchasable","13":"product-type-simple"},"_links":{"self":[{"href":"https:\/\/cormenpolska.pl\/index.php?rest_route=\/wp\/v2\/product\/1201","targetHints":{"allow":["GET"]}}],"collection":[{"href":"https:\/\/cormenpolska.pl\/index.php?rest_route=\/wp\/v2\/product"}],"about":[{"href":"https:\/\/cormenpolska.pl\/index.php?rest_route=\/wp\/v2\/types\/product"}],"replies":[{"embeddable":true,"href":"https:\/\/cormenpolska.pl\/index.php?rest_route=%2Fwp%2Fv2%2Fcomments&post=1201"}],"wp:featuredmedia":[{"embeddable":true,"href":"https:\/\/cormenpolska.pl\/index.php?rest_route=\/wp\/v2\/media\/1732"}],"wp:attachment":[{"href":"https:\/\/cormenpolska.pl\/index.php?rest_route=%2Fwp%2Fv2%2Fmedia&parent=1201"}],"wp:term":[{"taxonomy":"product_brand","embeddable":true,"href":"https:\/\/cormenpolska.pl\/index.php?rest_route=%2Fwp%2Fv2%2Fproduct_brand&post=1201"},{"taxonomy":"product_cat","embeddable":true,"href":"https:\/\/cormenpolska.pl\/index.php?rest_route=%2Fwp%2Fv2%2Fproduct_cat&post=1201"},{"taxonomy":"product_tag","embeddable":true,"href":"https:\/\/cormenpolska.pl\/index.php?rest_route=%2Fwp%2Fv2%2Fproduct_tag&post=1201"}],"curies":[{"name":"wp","href":"https:\/\/api.w.org\/{rel}","templated":true}]}}