{"id":1203,"date":"2022-05-03T19:07:44","date_gmt":"2022-05-03T19:07:44","guid":{"rendered":"https:\/\/cormenpolska.pl\/?post_type=product&#038;p=1203"},"modified":"2025-02-26T14:52:43","modified_gmt":"2025-02-26T14:52:43","slug":"vakavo-green-5-kg","status":"publish","type":"product","link":"https:\/\/cormenpolska.pl\/?product=vakavo-green-5-kg","title":{"rendered":"VAKAVO Green 5 kg"},"content":{"rendered":"<p>Profesjonalne \u015brodki myj\u0105ce do mocno zabrudzonych r\u0105k. Jest to pianowa i p\u0142ynna pasta myj\u0105ca zawieraj\u0105ca naturalne kruszywo wapienne i drobny kosmetyczny \u015brodek \u015bcierny. Usuwaj\u0105 uporczywe zabrudzenia, takie jak rdza, t\u0142uszcz, sadza, olej i inne. Produkty s\u0105 przebadane dermatologicznie.<\/p>\n<p>Pojemno\u015b\u0107: 5 kg wiadro<\/p>\n","protected":false},"excerpt":{"rendered":"<p>Profesjonalne \u015brodki myj\u0105ce do mocno zabrudzonych r\u0105k. Jest to pianowa i p\u0142ynna pasta myj\u0105ca zawieraj\u0105ca naturalne kruszywo wapienne i drobny kosmetyczny \u015brodek \u015bcierny. Usuwaj\u0105 uporczywe zabrudzenia, takie jak rdza, t\u0142uszcz, sadza, olej i inne. Produkty s\u0105 przebadane dermatologicznie. Pojemno\u015b\u0107: 5 &hellip; <a class=\"kt-excerpt-readmore more-link\" href=\"https:\/\/cormenpolska.pl\/?product=vakavo-green-5-kg\">Czytaj wi\u0119cej<\/a><\/p>\n","protected":false},"featured_media":1735,"comment_status":"closed","ping_status":"closed","template":"","meta":{"inline_featured_image":false},"product_brand":[],"product_cat":[135],"product_tag":[],"class_list":{"0":"post-1203","1":"product","2":"type-product","3":"status-publish","4":"has-post-thumbnail","6":"product_cat-pasty-do-mycia-rak-higiena-pracy","8":"first","9":"instock","10":"taxable","11":"shipping-taxable","12":"purchasable","13":"product-type-simple"},"_links":{"self":[{"href":"https:\/\/cormenpolska.pl\/index.php?rest_route=\/wp\/v2\/product\/1203","targetHints":{"allow":["GET"]}}],"collection":[{"href":"https:\/\/cormenpolska.pl\/index.php?rest_route=\/wp\/v2\/product"}],"about":[{"href":"https:\/\/cormenpolska.pl\/index.php?rest_route=\/wp\/v2\/types\/product"}],"replies":[{"embeddable":true,"href":"https:\/\/cormenpolska.pl\/index.php?rest_route=%2Fwp%2Fv2%2Fcomments&post=1203"}],"wp:featuredmedia":[{"embeddable":true,"href":"https:\/\/cormenpolska.pl\/index.php?rest_route=\/wp\/v2\/media\/1735"}],"wp:attachment":[{"href":"https:\/\/cormenpolska.pl\/index.php?rest_route=%2Fwp%2Fv2%2Fmedia&parent=1203"}],"wp:term":[{"taxonomy":"product_brand","embeddable":true,"href":"https:\/\/cormenpolska.pl\/index.php?rest_route=%2Fwp%2Fv2%2Fproduct_brand&post=1203"},{"taxonomy":"product_cat","embeddable":true,"href":"https:\/\/cormenpolska.pl\/index.php?rest_route=%2Fwp%2Fv2%2Fproduct_cat&post=1203"},{"taxonomy":"product_tag","embeddable":true,"href":"https:\/\/cormenpolska.pl\/index.php?rest_route=%2Fwp%2Fv2%2Fproduct_tag&post=1203"}],"curies":[{"name":"wp","href":"https:\/\/api.w.org\/{rel}","templated":true}]}}