{"id":1204,"date":"2022-05-03T19:07:45","date_gmt":"2022-05-03T19:07:45","guid":{"rendered":"https:\/\/cormenpolska.pl\/?post_type=product&#038;p=1204"},"modified":"2023-02-06T14:47:09","modified_gmt":"2023-02-06T14:47:09","slug":"vakavo-green-pasta-do-mycia-500-g","status":"publish","type":"product","link":"https:\/\/cormenpolska.pl\/?product=vakavo-green-pasta-do-mycia-500-g","title":{"rendered":"VAKAVO Green pasta do mycia 500 g"},"content":{"rendered":"<p>Profesjonalne \u015brodki myj\u0105ce do mocno zabrudzonych r\u0105k. Jest to pianowa i p\u0142ynna pasta myj\u0105ca zawieraj\u0105ca naturalne kruszywo wapienne i drobny kosmetyczny \u015brodek \u015bcierny. Usuwaj\u0105 uporczywe zabrudzenia, takie jak rdza, t\u0142uszcz, sadza, olej i inne. Produkty s\u0105 przebadane dermatologicznie.<\/p>\n<p>Pojemno\u015b\u0107: 500g kubek<\/p>\n","protected":false},"excerpt":{"rendered":"<p>Profesjonalne \u015brodki myj\u0105ce do mocno zabrudzonych r\u0105k. Jest to pianowa i p\u0142ynna pasta myj\u0105ca zawieraj\u0105ca naturalne kruszywo wapienne i drobny kosmetyczny \u015brodek \u015bcierny. Usuwaj\u0105 uporczywe zabrudzenia, takie jak rdza, t\u0142uszcz, sadza, olej i inne. Produkty s\u0105 przebadane dermatologicznie. Pojemno\u015b\u0107: 500g &hellip; <a class=\"kt-excerpt-readmore more-link\" href=\"https:\/\/cormenpolska.pl\/?product=vakavo-green-pasta-do-mycia-500-g\">Czytaj wi\u0119cej<\/a><\/p>\n","protected":false},"featured_media":1734,"comment_status":"closed","ping_status":"closed","template":"","meta":{"inline_featured_image":false},"product_brand":[],"product_cat":[135],"product_tag":[],"class_list":{"0":"post-1204","1":"product","2":"type-product","3":"status-publish","4":"has-post-thumbnail","6":"product_cat-pasty-do-mycia-rak-higiena-pracy","8":"first","9":"instock","10":"taxable","11":"shipping-taxable","12":"purchasable","13":"product-type-simple"},"_links":{"self":[{"href":"https:\/\/cormenpolska.pl\/index.php?rest_route=\/wp\/v2\/product\/1204","targetHints":{"allow":["GET"]}}],"collection":[{"href":"https:\/\/cormenpolska.pl\/index.php?rest_route=\/wp\/v2\/product"}],"about":[{"href":"https:\/\/cormenpolska.pl\/index.php?rest_route=\/wp\/v2\/types\/product"}],"replies":[{"embeddable":true,"href":"https:\/\/cormenpolska.pl\/index.php?rest_route=%2Fwp%2Fv2%2Fcomments&post=1204"}],"wp:featuredmedia":[{"embeddable":true,"href":"https:\/\/cormenpolska.pl\/index.php?rest_route=\/wp\/v2\/media\/1734"}],"wp:attachment":[{"href":"https:\/\/cormenpolska.pl\/index.php?rest_route=%2Fwp%2Fv2%2Fmedia&parent=1204"}],"wp:term":[{"taxonomy":"product_brand","embeddable":true,"href":"https:\/\/cormenpolska.pl\/index.php?rest_route=%2Fwp%2Fv2%2Fproduct_brand&post=1204"},{"taxonomy":"product_cat","embeddable":true,"href":"https:\/\/cormenpolska.pl\/index.php?rest_route=%2Fwp%2Fv2%2Fproduct_cat&post=1204"},{"taxonomy":"product_tag","embeddable":true,"href":"https:\/\/cormenpolska.pl\/index.php?rest_route=%2Fwp%2Fv2%2Fproduct_tag&post=1204"}],"curies":[{"name":"wp","href":"https:\/\/api.w.org\/{rel}","templated":true}]}}