{"id":1205,"date":"2022-05-03T19:07:45","date_gmt":"2022-05-03T19:07:45","guid":{"rendered":"https:\/\/cormenpolska.pl\/?post_type=product&#038;p=1205"},"modified":"2023-02-06T14:47:23","modified_gmt":"2023-02-06T14:47:23","slug":"vakavo-orange-pasta-do-mycia-500-g","status":"publish","type":"product","link":"https:\/\/cormenpolska.pl\/?product=vakavo-orange-pasta-do-mycia-500-g","title":{"rendered":"VAKAVO Orange pasta do mycia 600 g"},"content":{"rendered":"<p>Wa\u017cn\u0105 cz\u0119\u015bci\u0105 mieszanki naturalnych \u015brodk\u00f3w abrazyjnych zawartych w tym produkcie jest specjalny rodzaj kruszonego wapnia, kt\u00f3ry znakomicie pomaga w usuwaniu nawet najwi\u0119kszych zabrudze\u0144 sk\u00f3ry. Pasta jest idealna dla pracownik\u00f3w w bran\u017cy budowlanej, rolnej lub majsterkowicz\u00f3w. Sk\u0142adnikiem korzystnym dermatologicznie jest lanolina.<\/p>\n<p>Pojemno\u015b\u0107: 500g<\/p>\n","protected":false},"excerpt":{"rendered":"<p>Wa\u017cn\u0105 cz\u0119\u015bci\u0105 mieszanki naturalnych \u015brodk\u00f3w abrazyjnych zawartych w tym produkcie jest specjalny rodzaj kruszonego wapnia, kt\u00f3ry znakomicie pomaga w usuwaniu nawet najwi\u0119kszych zabrudze\u0144 sk\u00f3ry. Pasta jest idealna dla pracownik\u00f3w w bran\u017cy budowlanej, rolnej lub majsterkowicz\u00f3w. Sk\u0142adnikiem korzystnym dermatologicznie jest lanolina. &hellip; <a class=\"kt-excerpt-readmore more-link\" href=\"https:\/\/cormenpolska.pl\/?product=vakavo-orange-pasta-do-mycia-500-g\">Czytaj wi\u0119cej<\/a><\/p>\n","protected":false},"featured_media":1731,"comment_status":"closed","ping_status":"closed","template":"","meta":{"inline_featured_image":false},"product_brand":[],"product_cat":[135],"product_tag":[],"class_list":{"0":"post-1205","1":"product","2":"type-product","3":"status-publish","4":"has-post-thumbnail","6":"product_cat-pasty-do-mycia-rak-higiena-pracy","8":"first","9":"instock","10":"taxable","11":"shipping-taxable","12":"purchasable","13":"product-type-simple"},"_links":{"self":[{"href":"https:\/\/cormenpolska.pl\/index.php?rest_route=\/wp\/v2\/product\/1205","targetHints":{"allow":["GET"]}}],"collection":[{"href":"https:\/\/cormenpolska.pl\/index.php?rest_route=\/wp\/v2\/product"}],"about":[{"href":"https:\/\/cormenpolska.pl\/index.php?rest_route=\/wp\/v2\/types\/product"}],"replies":[{"embeddable":true,"href":"https:\/\/cormenpolska.pl\/index.php?rest_route=%2Fwp%2Fv2%2Fcomments&post=1205"}],"wp:featuredmedia":[{"embeddable":true,"href":"https:\/\/cormenpolska.pl\/index.php?rest_route=\/wp\/v2\/media\/1731"}],"wp:attachment":[{"href":"https:\/\/cormenpolska.pl\/index.php?rest_route=%2Fwp%2Fv2%2Fmedia&parent=1205"}],"wp:term":[{"taxonomy":"product_brand","embeddable":true,"href":"https:\/\/cormenpolska.pl\/index.php?rest_route=%2Fwp%2Fv2%2Fproduct_brand&post=1205"},{"taxonomy":"product_cat","embeddable":true,"href":"https:\/\/cormenpolska.pl\/index.php?rest_route=%2Fwp%2Fv2%2Fproduct_cat&post=1205"},{"taxonomy":"product_tag","embeddable":true,"href":"https:\/\/cormenpolska.pl\/index.php?rest_route=%2Fwp%2Fv2%2Fproduct_tag&post=1205"}],"curies":[{"name":"wp","href":"https:\/\/api.w.org\/{rel}","templated":true}]}}