{"id":1212,"date":"2022-05-03T19:07:45","date_gmt":"2022-05-03T19:07:45","guid":{"rendered":"https:\/\/cormenpolska.pl\/?post_type=product&#038;p=1212"},"modified":"2023-05-09T11:12:38","modified_gmt":"2023-05-09T11:12:38","slug":"isofa-soap-35-kg","status":"publish","type":"product","link":"https:\/\/cormenpolska.pl\/?product=isofa-soap-35-kg","title":{"rendered":"ISOFA Soap 3,5 kg COMP &#8211; Profi myd\u0142o w p\u0142ynie do r\u0105k"},"content":{"rendered":"<p>Myd\u0142o warsztatowe w p\u0142ynie jest najbardziej korzystne dla sk\u00f3ry z linii Isofa. Nie zawiera substancji \u015bciernych i jest przeznaczony do opornych zanieczyszcze\u0144, w przypadku kt\u00f3rych zawodz\u0105 klasyczne myd\u0142a kosmetyczne. FOAM i SOAP maj\u0105 t\u0105 sam\u0105 zdolno\u015b\u0107 mycia, r\u00f3\u017cni\u0105 si\u0119 jedynie ilo\u015bci\u0105 dawek w ka\u017cdym opakowaniu. MYD\u0141O wyr\u00f3\u017cnia si\u0119 intensywnym zapachem.<\/p>\n<p>Pojemno\u015b\u0107: 3,5 kg<\/p>\n","protected":false},"excerpt":{"rendered":"<p>Myd\u0142o warsztatowe w p\u0142ynie jest najbardziej korzystne dla sk\u00f3ry z linii Isofa. Nie zawiera substancji \u015bciernych i jest przeznaczony do opornych zanieczyszcze\u0144, w przypadku kt\u00f3rych zawodz\u0105 klasyczne myd\u0142a kosmetyczne. FOAM i SOAP maj\u0105 t\u0105 sam\u0105 zdolno\u015b\u0107 mycia, r\u00f3\u017cni\u0105 si\u0119 jedynie &hellip; <a class=\"kt-excerpt-readmore more-link\" href=\"https:\/\/cormenpolska.pl\/?product=isofa-soap-35-kg\">Czytaj wi\u0119cej<\/a><\/p>\n","protected":false},"featured_media":1740,"comment_status":"closed","ping_status":"closed","template":"","meta":{"inline_featured_image":false},"product_brand":[],"product_cat":[136],"product_tag":[],"class_list":{"0":"post-1212","1":"product","2":"type-product","3":"status-publish","4":"has-post-thumbnail","6":"product_cat-mydla-do-mycia-rak","8":"first","9":"instock","10":"taxable","11":"shipping-taxable","12":"purchasable","13":"product-type-simple"},"_links":{"self":[{"href":"https:\/\/cormenpolska.pl\/index.php?rest_route=\/wp\/v2\/product\/1212","targetHints":{"allow":["GET"]}}],"collection":[{"href":"https:\/\/cormenpolska.pl\/index.php?rest_route=\/wp\/v2\/product"}],"about":[{"href":"https:\/\/cormenpolska.pl\/index.php?rest_route=\/wp\/v2\/types\/product"}],"replies":[{"embeddable":true,"href":"https:\/\/cormenpolska.pl\/index.php?rest_route=%2Fwp%2Fv2%2Fcomments&post=1212"}],"wp:featuredmedia":[{"embeddable":true,"href":"https:\/\/cormenpolska.pl\/index.php?rest_route=\/wp\/v2\/media\/1740"}],"wp:attachment":[{"href":"https:\/\/cormenpolska.pl\/index.php?rest_route=%2Fwp%2Fv2%2Fmedia&parent=1212"}],"wp:term":[{"taxonomy":"product_brand","embeddable":true,"href":"https:\/\/cormenpolska.pl\/index.php?rest_route=%2Fwp%2Fv2%2Fproduct_brand&post=1212"},{"taxonomy":"product_cat","embeddable":true,"href":"https:\/\/cormenpolska.pl\/index.php?rest_route=%2Fwp%2Fv2%2Fproduct_cat&post=1212"},{"taxonomy":"product_tag","embeddable":true,"href":"https:\/\/cormenpolska.pl\/index.php?rest_route=%2Fwp%2Fv2%2Fproduct_tag&post=1212"}],"curies":[{"name":"wp","href":"https:\/\/api.w.org\/{rel}","templated":true}]}}