{"id":1232,"date":"2022-05-03T19:07:47","date_gmt":"2022-05-03T19:07:47","guid":{"rendered":"https:\/\/cormenpolska.pl\/?post_type=product&#038;p=1232"},"modified":"2023-02-06T14:46:29","modified_gmt":"2023-02-06T14:46:29","slug":"vakavo-herbal-5-l","status":"publish","type":"product","link":"https:\/\/cormenpolska.pl\/?product=vakavo-herbal-5-l","title":{"rendered":"VAKAVO herbal 5 L"},"content":{"rendered":"<p>Myd\u0142o w p\u0142ynie o zapachu kwiatowo- zio\u0142owym, do codziennego u\u017cytku. Produkt ma korzystny wp\u0142yw dla sk\u00f3ry i od dawna cieszy si\u0119 popularno\u015bci\u0105 ze wzgl\u0119du na swoj\u0105 jako\u015b\u0107 i przyst\u0119pn\u0105 cen\u0119. Du\u017ce opakowania nadaj\u0105 si\u0119 szczeg\u00f3lnie do nape\u0142niania dozownik\u00f3w myd\u0142a w p\u0142ynie.<\/p>\n<p>Pojemno\u015b\u0107: 5L<\/p>\n","protected":false},"excerpt":{"rendered":"<p>Myd\u0142o w p\u0142ynie o zapachu kwiatowo- zio\u0142owym, do codziennego u\u017cytku. Produkt ma korzystny wp\u0142yw dla sk\u00f3ry i od dawna cieszy si\u0119 popularno\u015bci\u0105 ze wzgl\u0119du na swoj\u0105 jako\u015b\u0107 i przyst\u0119pn\u0105 cen\u0119. Du\u017ce opakowania nadaj\u0105 si\u0119 szczeg\u00f3lnie do nape\u0142niania dozownik\u00f3w myd\u0142a w &hellip; <a class=\"kt-excerpt-readmore more-link\" href=\"https:\/\/cormenpolska.pl\/?product=vakavo-herbal-5-l\">Czytaj wi\u0119cej<\/a><\/p>\n","protected":false},"featured_media":2210,"comment_status":"closed","ping_status":"closed","template":"","meta":{"inline_featured_image":false},"product_brand":[],"product_cat":[130],"product_tag":[],"class_list":{"0":"post-1232","1":"product","2":"type-product","3":"status-publish","4":"has-post-thumbnail","6":"product_cat-mydla-w-plynie-higiena-rak-i-ciala","8":"first","9":"instock","10":"taxable","11":"shipping-taxable","12":"purchasable","13":"product-type-simple"},"_links":{"self":[{"href":"https:\/\/cormenpolska.pl\/index.php?rest_route=\/wp\/v2\/product\/1232","targetHints":{"allow":["GET"]}}],"collection":[{"href":"https:\/\/cormenpolska.pl\/index.php?rest_route=\/wp\/v2\/product"}],"about":[{"href":"https:\/\/cormenpolska.pl\/index.php?rest_route=\/wp\/v2\/types\/product"}],"replies":[{"embeddable":true,"href":"https:\/\/cormenpolska.pl\/index.php?rest_route=%2Fwp%2Fv2%2Fcomments&post=1232"}],"wp:featuredmedia":[{"embeddable":true,"href":"https:\/\/cormenpolska.pl\/index.php?rest_route=\/wp\/v2\/media\/2210"}],"wp:attachment":[{"href":"https:\/\/cormenpolska.pl\/index.php?rest_route=%2Fwp%2Fv2%2Fmedia&parent=1232"}],"wp:term":[{"taxonomy":"product_brand","embeddable":true,"href":"https:\/\/cormenpolska.pl\/index.php?rest_route=%2Fwp%2Fv2%2Fproduct_brand&post=1232"},{"taxonomy":"product_cat","embeddable":true,"href":"https:\/\/cormenpolska.pl\/index.php?rest_route=%2Fwp%2Fv2%2Fproduct_cat&post=1232"},{"taxonomy":"product_tag","embeddable":true,"href":"https:\/\/cormenpolska.pl\/index.php?rest_route=%2Fwp%2Fv2%2Fproduct_tag&post=1232"}],"curies":[{"name":"wp","href":"https:\/\/api.w.org\/{rel}","templated":true}]}}