{"id":1249,"date":"2022-05-03T19:07:48","date_gmt":"2022-05-03T19:07:48","guid":{"rendered":"https:\/\/cormenpolska.pl\/?post_type=product&#038;p=1249"},"modified":"2024-07-23T11:16:42","modified_gmt":"2024-07-23T11:16:42","slug":"isolda-silver-line-hairbody-shampoo-500-ml-clickgo","status":"publish","type":"product","link":"https:\/\/cormenpolska.pl\/?product=isolda-silver-line-hairbody-shampoo-500-ml-clickgo","title":{"rendered":"ISOLDA Silver line Hair&#038;Body shampoo 500 ml, CLICK&#038;GO!"},"content":{"rendered":"<p>Kolejny luksusowy szampon do cia\u0142a i w\u0142os\u00f3w z od\u017cywk\u0105. Zapewnia mi\u0119kko\u015b\u0107 sk\u00f3rze i w\u0142osom. Wysokiej jako\u015bci kremowy szampon o zr\u00f3wnowa\u017conej recepturze i znakomitym w\u0142a\u015bciwo\u015bciom, dla najbardziej wymagaj\u0105cych u\u017cytkownik\u00f3w. Jest praktyczny do u\u017cytku w o\u015brodkach wellness, basenach, hotelach itp. Ze wzgl\u0119du na sw\u00f3j sk\u0142ad przyjemny zapach jest odpowiedni zar\u00f3wno dla m\u0119\u017cczyzn, jak i dla kobiet. Stonowana grafika etykiet nie koliduje z zamys\u0142em projektanta i idealnie komponuje si\u0119 ze srebrem Click&amp;Go! i innymi akcesoriami \u0142azienkowymi.<\/p>\n<p>DEDYKOWANY M.IN. DLA HOTELI.<\/p>\n<p>Substancja czynna:<br \/>\nBiotyna, koenzym R, witamina H wraz z pozosta\u0142ymi witaminami B oraz witamin\u0105 A utrzymuje sk\u00f3r\u0105 delikatn\u0105 i mi\u0119kk\u0105 w dotyku. Spowalnia w znacznym stopniu procesy przedwczesnego siwienia i wypadania w\u0142os\u00f3w. Ta wa\u017cna witamina ma wp\u0142yw na odnow\u0119 sk\u00f3ry, poprawia jej struktur\u0119 i zapobiega uszkodzeniu w\u0142os\u00f3w.<\/p>\n<p>Korzy\u015bci:<br \/>\n&#8211; biotyna wspomaga odnow\u0119 sk\u00f3ry i w\u0142os\u00f3w<br \/>\n&#8211; delikatny zapach odpowiedni dla m\u0119\u017cczyzn i kobiet<br \/>\n&#8211; przyjazny dla wszystkich rodzaj\u00f3w sk\u00f3ry<br \/>\n&#8211; testy dermatologiczne<br \/>\n&#8211; dostarczamy w praktycznej butelce, kt\u00f3r\u0105 mo\u017cna u\u017cy\u0107 bezpo\u015brednio lub w po\u0142\u0105czeniu z uchwytem<br \/>\n&#8211; spos\u00f3b pakowania gwarantuje najwy\u017cszy standard w dziedzinie higieny i bezpiecze\u0144stwa produktu<br \/>\n&#8211; prosty i ekonomiczny system \u201eclick &amp; go\u201c.<\/p>\n<p>DOST\u0118PNE OPAKOWANIA:<\/p>\n<p>&#8211; hotel\u00f3wka 75 ml<\/p>\n<p>&#8211; butelka z pompk\u0105 400 ml<br \/>\n&#8211; butelka 500 ml &#8211; CLICK&amp;GO<br \/>\n&#8211; kanister 5L<\/p>\n","protected":false},"excerpt":{"rendered":"<p>Kolejny luksusowy szampon do cia\u0142a i w\u0142os\u00f3w z od\u017cywk\u0105. Zapewnia mi\u0119kko\u015b\u0107 sk\u00f3rze i w\u0142osom. Wysokiej jako\u015bci kremowy szampon o zr\u00f3wnowa\u017conej recepturze i znakomitym w\u0142a\u015bciwo\u015bciom, dla najbardziej wymagaj\u0105cych u\u017cytkownik\u00f3w. Jest praktyczny do u\u017cytku w o\u015brodkach wellness, basenach, hotelach itp. Ze wzgl\u0119du &hellip; <a class=\"kt-excerpt-readmore more-link\" href=\"https:\/\/cormenpolska.pl\/?product=isolda-silver-line-hairbody-shampoo-500-ml-clickgo\">Czytaj wi\u0119cej<\/a><\/p>\n","protected":false},"featured_media":3065,"comment_status":"closed","ping_status":"closed","template":"","meta":{"inline_featured_image":false},"product_brand":[],"product_cat":[132],"product_tag":[],"class_list":{"0":"post-1249","1":"product","2":"type-product","3":"status-publish","4":"has-post-thumbnail","6":"product_cat-szampony-i-zele-pod-prysznic","8":"first","9":"onbackorder","10":"taxable","11":"shipping-taxable","12":"purchasable","13":"product-type-simple"},"_links":{"self":[{"href":"https:\/\/cormenpolska.pl\/index.php?rest_route=\/wp\/v2\/product\/1249","targetHints":{"allow":["GET"]}}],"collection":[{"href":"https:\/\/cormenpolska.pl\/index.php?rest_route=\/wp\/v2\/product"}],"about":[{"href":"https:\/\/cormenpolska.pl\/index.php?rest_route=\/wp\/v2\/types\/product"}],"replies":[{"embeddable":true,"href":"https:\/\/cormenpolska.pl\/index.php?rest_route=%2Fwp%2Fv2%2Fcomments&post=1249"}],"wp:featuredmedia":[{"embeddable":true,"href":"https:\/\/cormenpolska.pl\/index.php?rest_route=\/wp\/v2\/media\/3065"}],"wp:attachment":[{"href":"https:\/\/cormenpolska.pl\/index.php?rest_route=%2Fwp%2Fv2%2Fmedia&parent=1249"}],"wp:term":[{"taxonomy":"product_brand","embeddable":true,"href":"https:\/\/cormenpolska.pl\/index.php?rest_route=%2Fwp%2Fv2%2Fproduct_brand&post=1249"},{"taxonomy":"product_cat","embeddable":true,"href":"https:\/\/cormenpolska.pl\/index.php?rest_route=%2Fwp%2Fv2%2Fproduct_cat&post=1249"},{"taxonomy":"product_tag","embeddable":true,"href":"https:\/\/cormenpolska.pl\/index.php?rest_route=%2Fwp%2Fv2%2Fproduct_tag&post=1249"}],"curies":[{"name":"wp","href":"https:\/\/api.w.org\/{rel}","templated":true}]}}