{"id":1256,"date":"2022-05-03T19:07:49","date_gmt":"2022-05-03T19:07:49","guid":{"rendered":"https:\/\/cormenpolska.pl\/?post_type=product&#038;p=1256"},"modified":"2024-07-24T09:20:19","modified_gmt":"2024-07-24T09:20:19","slug":"isolda-black-cherry-5-l","status":"publish","type":"product","link":"https:\/\/cormenpolska.pl\/?product=isolda-black-cherry-5-l","title":{"rendered":"ISOLDA Black cherry 5 l"},"content":{"rendered":"<p>Kremowe myd\u0142o pod prysznic przeznaczone do mycia ca\u0142ego cia\u0142a. Wyr\u00f3\u017cnia si\u0119 du\u017c\u0105 pienisto\u015bci\u0105 i kremow\u0105 konsystencj\u0105, kt\u00f3ra myje i piel\u0119gnuje sk\u00f3r\u0119. D\u0142ugotrwa\u0142y zapach czarnej czere\u015bni daje przyjemne uczucie czysto\u015bci. Produkt jest przyjazny dermatologicznie i \u0142atwo ulega bio degradacji.<\/p>\n<p>Korzy\u015bci:<br \/>\n&#8211; mleczko migda\u0142owe zawieraj\u0105ce witaminy A, E, F i substancje mineralne potas, wap\u0144 i magnez<br \/>\n&#8211; delikatny zapach<br \/>\n&#8211; przyjazny w stosunku do wszystkich rodzaj\u00f3w sk\u00f3ry<br \/>\n&#8211; testowane dermatologicznie<br \/>\n&#8211; dostarczamy w praktycznej butelce, kt\u00f3r\u0105 mo\u017cna u\u017cy\u0107 bezpo\u015brednio lub w po\u0142\u0105czeniu z uchwytem<br \/>\n&#8211; spos\u00f3b pakowania gwarantuje najwy\u017cszy standard w obszarze higieny i bezpiecze\u0144stwa produktu<br \/>\n&#8211; prosty i ekonomiczny system dozowania \u201eclick &amp; go\u201c<\/p>\n<p>DOST\u0118PNE OPAKOWANIA:<br \/>\n&#8211; butelka 500 ml &#8211; CLICK&amp;GO<br \/>\n&#8211; butelka 400 ml<br \/>\n&#8211; kanister 5L<br \/>\n&#8211; kanister 10L<\/p>\n","protected":false},"excerpt":{"rendered":"<p>Kremowe myd\u0142o pod prysznic przeznaczone do mycia ca\u0142ego cia\u0142a. Wyr\u00f3\u017cnia si\u0119 du\u017c\u0105 pienisto\u015bci\u0105 i kremow\u0105 konsystencj\u0105, kt\u00f3ra myje i piel\u0119gnuje sk\u00f3r\u0119. D\u0142ugotrwa\u0142y zapach czarnej czere\u015bni daje przyjemne uczucie czysto\u015bci. Produkt jest przyjazny dermatologicznie i \u0142atwo ulega bio degradacji. Korzy\u015bci: &#8211; &hellip; <a class=\"kt-excerpt-readmore more-link\" href=\"https:\/\/cormenpolska.pl\/?product=isolda-black-cherry-5-l\">Czytaj wi\u0119cej<\/a><\/p>\n","protected":false},"featured_media":3093,"comment_status":"closed","ping_status":"closed","template":"","meta":{"inline_featured_image":false},"product_brand":[],"product_cat":[132],"product_tag":[],"class_list":{"0":"post-1256","1":"product","2":"type-product","3":"status-publish","4":"has-post-thumbnail","6":"product_cat-szampony-i-zele-pod-prysznic","8":"first","9":"instock","10":"taxable","11":"shipping-taxable","12":"purchasable","13":"product-type-simple"},"_links":{"self":[{"href":"https:\/\/cormenpolska.pl\/index.php?rest_route=\/wp\/v2\/product\/1256","targetHints":{"allow":["GET"]}}],"collection":[{"href":"https:\/\/cormenpolska.pl\/index.php?rest_route=\/wp\/v2\/product"}],"about":[{"href":"https:\/\/cormenpolska.pl\/index.php?rest_route=\/wp\/v2\/types\/product"}],"replies":[{"embeddable":true,"href":"https:\/\/cormenpolska.pl\/index.php?rest_route=%2Fwp%2Fv2%2Fcomments&post=1256"}],"wp:featuredmedia":[{"embeddable":true,"href":"https:\/\/cormenpolska.pl\/index.php?rest_route=\/wp\/v2\/media\/3093"}],"wp:attachment":[{"href":"https:\/\/cormenpolska.pl\/index.php?rest_route=%2Fwp%2Fv2%2Fmedia&parent=1256"}],"wp:term":[{"taxonomy":"product_brand","embeddable":true,"href":"https:\/\/cormenpolska.pl\/index.php?rest_route=%2Fwp%2Fv2%2Fproduct_brand&post=1256"},{"taxonomy":"product_cat","embeddable":true,"href":"https:\/\/cormenpolska.pl\/index.php?rest_route=%2Fwp%2Fv2%2Fproduct_cat&post=1256"},{"taxonomy":"product_tag","embeddable":true,"href":"https:\/\/cormenpolska.pl\/index.php?rest_route=%2Fwp%2Fv2%2Fproduct_tag&post=1256"}],"curies":[{"name":"wp","href":"https:\/\/api.w.org\/{rel}","templated":true}]}}