{"id":1261,"date":"2022-05-03T19:07:49","date_gmt":"2022-05-03T19:07:49","guid":{"rendered":"https:\/\/cormenpolska.pl\/?post_type=product&#038;p=1261"},"modified":"2023-02-01T15:20:38","modified_gmt":"2023-02-01T15:20:38","slug":"isolda-mydlo-w-kostce-aloe-wera-100-g","status":"publish","type":"product","link":"https:\/\/cormenpolska.pl\/?product=isolda-mydlo-w-kostce-aloe-wera-100-g","title":{"rendered":"ISOLDA myd\u0142o w kostce Aloe Wera 100 g"},"content":{"rendered":"<p>Delikatne myd\u0142o toaletowe przeznaczone do codziennego u\u017cytku. \u015awie\u017cy zapach aloesu klasyfikuje je w kategorii luksusowych myde\u0142. Delikatna konsystencja pozostawia przyjemne uczucie \u015bwie\u017co\u015bci. Myd\u0142o przyjazne dla sk\u00f3ry.<\/p>\n","protected":false},"excerpt":{"rendered":"<p>Delikatne myd\u0142o toaletowe przeznaczone do codziennego u\u017cytku. \u015awie\u017cy zapach aloesu klasyfikuje je w kategorii luksusowych myde\u0142. Delikatna konsystencja pozostawia przyjemne uczucie \u015bwie\u017co\u015bci. Myd\u0142o przyjazne dla sk\u00f3ry.<\/p>\n","protected":false},"featured_media":1766,"comment_status":"closed","ping_status":"closed","template":"","meta":{"inline_featured_image":false},"product_brand":[],"product_cat":[133],"product_tag":[],"class_list":{"0":"post-1261","1":"product","2":"type-product","3":"status-publish","4":"has-post-thumbnail","6":"product_cat-mydelka-hotelowe","8":"first","9":"instock","10":"taxable","11":"shipping-taxable","12":"purchasable","13":"product-type-simple"},"_links":{"self":[{"href":"https:\/\/cormenpolska.pl\/index.php?rest_route=\/wp\/v2\/product\/1261","targetHints":{"allow":["GET"]}}],"collection":[{"href":"https:\/\/cormenpolska.pl\/index.php?rest_route=\/wp\/v2\/product"}],"about":[{"href":"https:\/\/cormenpolska.pl\/index.php?rest_route=\/wp\/v2\/types\/product"}],"replies":[{"embeddable":true,"href":"https:\/\/cormenpolska.pl\/index.php?rest_route=%2Fwp%2Fv2%2Fcomments&post=1261"}],"wp:featuredmedia":[{"embeddable":true,"href":"https:\/\/cormenpolska.pl\/index.php?rest_route=\/wp\/v2\/media\/1766"}],"wp:attachment":[{"href":"https:\/\/cormenpolska.pl\/index.php?rest_route=%2Fwp%2Fv2%2Fmedia&parent=1261"}],"wp:term":[{"taxonomy":"product_brand","embeddable":true,"href":"https:\/\/cormenpolska.pl\/index.php?rest_route=%2Fwp%2Fv2%2Fproduct_brand&post=1261"},{"taxonomy":"product_cat","embeddable":true,"href":"https:\/\/cormenpolska.pl\/index.php?rest_route=%2Fwp%2Fv2%2Fproduct_cat&post=1261"},{"taxonomy":"product_tag","embeddable":true,"href":"https:\/\/cormenpolska.pl\/index.php?rest_route=%2Fwp%2Fv2%2Fproduct_tag&post=1261"}],"curies":[{"name":"wp","href":"https:\/\/api.w.org\/{rel}","templated":true}]}}