{"id":1265,"date":"2022-05-03T19:07:49","date_gmt":"2022-05-03T19:07:49","guid":{"rendered":"https:\/\/cormenpolska.pl\/?post_type=product&#038;p=1265"},"modified":"2024-07-23T11:49:53","modified_gmt":"2024-07-23T11:49:53","slug":"isolda-violet-mydlo-do-rak-w-pianie-500-ml","status":"publish","type":"product","link":"https:\/\/cormenpolska.pl\/?product=isolda-violet-mydlo-do-rak-w-pianie-500-ml","title":{"rendered":"isolda Violet myd\u0142o do r\u0105k w pianie 400 ml"},"content":{"rendered":"<p>Z butelki 500 ml mo\u017cna uzyska\u0107 1000 dawek do mycia r\u0105k. Kanister 5 litrowy jest idealny dla obiekt\u00f3w o du\u017cym nasileniu ruchu. Z kanistra mo\u017cna uzyska\u0107 w dozownikach piany nawet 10000 dawek. Nowoczesne myd\u0142o przeznaczone do stosowania w dozownikach piany. Podczas aplikacji ma posta\u0107 puszystej pianki. Delikatnie i doskonale zmyje zabrudzenia. Jego zalet\u0105 jest delikatny, przyjemny zapach. Z punktu widzenia dermatologicznego neutralne dla sk\u00f3ry.<\/p>\n<p>DOST\u0118PNE OPAKOWANIA:<br \/>\n&#8211; butelka 400 ml &#8211; z pianownic\u0105<br \/>\n&#8211; kanister 5L<\/p>\n","protected":false},"excerpt":{"rendered":"<p>Z butelki 500 ml mo\u017cna uzyska\u0107 1000 dawek do mycia r\u0105k. Kanister 5 litrowy jest idealny dla obiekt\u00f3w o du\u017cym nasileniu ruchu. Z kanistra mo\u017cna uzyska\u0107 w dozownikach piany nawet 10000 dawek. Nowoczesne myd\u0142o przeznaczone do stosowania w dozownikach piany. &hellip; <a class=\"kt-excerpt-readmore more-link\" href=\"https:\/\/cormenpolska.pl\/?product=isolda-violet-mydlo-do-rak-w-pianie-500-ml\">Czytaj wi\u0119cej<\/a><\/p>\n","protected":false},"featured_media":3082,"comment_status":"closed","ping_status":"closed","template":"","meta":{"inline_featured_image":false},"product_brand":[],"product_cat":[131],"product_tag":[],"class_list":{"0":"post-1265","1":"product","2":"type-product","3":"status-publish","4":"has-post-thumbnail","6":"product_cat-mydla-w-pianie-higiena-rak-i-ciala","8":"first","9":"instock","10":"taxable","11":"shipping-taxable","12":"purchasable","13":"product-type-simple"},"_links":{"self":[{"href":"https:\/\/cormenpolska.pl\/index.php?rest_route=\/wp\/v2\/product\/1265","targetHints":{"allow":["GET"]}}],"collection":[{"href":"https:\/\/cormenpolska.pl\/index.php?rest_route=\/wp\/v2\/product"}],"about":[{"href":"https:\/\/cormenpolska.pl\/index.php?rest_route=\/wp\/v2\/types\/product"}],"replies":[{"embeddable":true,"href":"https:\/\/cormenpolska.pl\/index.php?rest_route=%2Fwp%2Fv2%2Fcomments&post=1265"}],"wp:featuredmedia":[{"embeddable":true,"href":"https:\/\/cormenpolska.pl\/index.php?rest_route=\/wp\/v2\/media\/3082"}],"wp:attachment":[{"href":"https:\/\/cormenpolska.pl\/index.php?rest_route=%2Fwp%2Fv2%2Fmedia&parent=1265"}],"wp:term":[{"taxonomy":"product_brand","embeddable":true,"href":"https:\/\/cormenpolska.pl\/index.php?rest_route=%2Fwp%2Fv2%2Fproduct_brand&post=1265"},{"taxonomy":"product_cat","embeddable":true,"href":"https:\/\/cormenpolska.pl\/index.php?rest_route=%2Fwp%2Fv2%2Fproduct_cat&post=1265"},{"taxonomy":"product_tag","embeddable":true,"href":"https:\/\/cormenpolska.pl\/index.php?rest_route=%2Fwp%2Fv2%2Fproduct_tag&post=1265"}],"curies":[{"name":"wp","href":"https:\/\/api.w.org\/{rel}","templated":true}]}}