{"id":1271,"date":"2022-05-03T19:07:50","date_gmt":"2022-05-03T19:07:50","guid":{"rendered":"https:\/\/cormenpolska.pl\/?post_type=product&#038;p=1271"},"modified":"2024-07-24T09:10:51","modified_gmt":"2024-07-24T09:10:51","slug":"isolda-mydlo-w-piance-z-dodatkiem-antybakteryjnym-5-l-3","status":"publish","type":"product","link":"https:\/\/cormenpolska.pl\/?product=isolda-mydlo-w-piance-z-dodatkiem-antybakteryjnym-5-l-3","title":{"rendered":"ISOLDA MYD\u0141O W P\u0141YNIE Z DODATKIEM ANTYBAKTERYJNYM 5 l"},"content":{"rendered":"<p>Myd\u0142o w p\u0142ynie z dodatkiem antybakteryjnym do profilaktycznej higieny r\u0105k. Zr\u00f3wnowa\u017cona receptura z ekstraktem z sza\u0142wii i glukonianem chlorheksydyny<br \/>\nma doskona\u0142\u0105 tolerancj\u0119 i brak substancji szkodliwych. Myd\u0142o jest delikatnie perfumowane.<\/p>\n<p>Pojemno\u015b\u0107: kanister 5 L<\/p>\n","protected":false},"excerpt":{"rendered":"<p>Myd\u0142o w p\u0142ynie z dodatkiem antybakteryjnym do profilaktycznej higieny r\u0105k. Zr\u00f3wnowa\u017cona receptura z ekstraktem z sza\u0142wii i glukonianem chlorheksydyny ma doskona\u0142\u0105 tolerancj\u0119 i brak substancji szkodliwych. Myd\u0142o jest delikatnie perfumowane. Pojemno\u015b\u0107: kanister 5 L<\/p>\n","protected":false},"featured_media":3088,"comment_status":"closed","ping_status":"closed","template":"","meta":{"inline_featured_image":false},"product_brand":[],"product_cat":[130],"product_tag":[],"class_list":{"0":"post-1271","1":"product","2":"type-product","3":"status-publish","4":"has-post-thumbnail","6":"product_cat-mydla-w-plynie-higiena-rak-i-ciala","8":"first","9":"onbackorder","10":"taxable","11":"shipping-taxable","12":"purchasable","13":"product-type-simple"},"_links":{"self":[{"href":"https:\/\/cormenpolska.pl\/index.php?rest_route=\/wp\/v2\/product\/1271","targetHints":{"allow":["GET"]}}],"collection":[{"href":"https:\/\/cormenpolska.pl\/index.php?rest_route=\/wp\/v2\/product"}],"about":[{"href":"https:\/\/cormenpolska.pl\/index.php?rest_route=\/wp\/v2\/types\/product"}],"replies":[{"embeddable":true,"href":"https:\/\/cormenpolska.pl\/index.php?rest_route=%2Fwp%2Fv2%2Fcomments&post=1271"}],"wp:featuredmedia":[{"embeddable":true,"href":"https:\/\/cormenpolska.pl\/index.php?rest_route=\/wp\/v2\/media\/3088"}],"wp:attachment":[{"href":"https:\/\/cormenpolska.pl\/index.php?rest_route=%2Fwp%2Fv2%2Fmedia&parent=1271"}],"wp:term":[{"taxonomy":"product_brand","embeddable":true,"href":"https:\/\/cormenpolska.pl\/index.php?rest_route=%2Fwp%2Fv2%2Fproduct_brand&post=1271"},{"taxonomy":"product_cat","embeddable":true,"href":"https:\/\/cormenpolska.pl\/index.php?rest_route=%2Fwp%2Fv2%2Fproduct_cat&post=1271"},{"taxonomy":"product_tag","embeddable":true,"href":"https:\/\/cormenpolska.pl\/index.php?rest_route=%2Fwp%2Fv2%2Fproduct_tag&post=1271"}],"curies":[{"name":"wp","href":"https:\/\/api.w.org\/{rel}","templated":true}]}}