{"id":1274,"date":"2022-05-03T19:07:50","date_gmt":"2022-05-03T19:07:50","guid":{"rendered":"https:\/\/cormenpolska.pl\/?post_type=product&#038;p=1274"},"modified":"2024-07-24T09:08:46","modified_gmt":"2024-07-24T09:08:46","slug":"isolda-mydlo-w-piance-z-dodatkiem-antybakteryjnym-5-l","status":"publish","type":"product","link":"https:\/\/cormenpolska.pl\/?product=isolda-mydlo-w-piance-z-dodatkiem-antybakteryjnym-5-l","title":{"rendered":"ISOLDA MYD\u0141O W PIANCE Z DODATKIEM ANTYBAKTERYJNYM 5 L"},"content":{"rendered":"<p>Myd\u0142o w pianie z dodatkiem antybakteryjnym do profilaktycznej higieny r\u0105k. Zr\u00f3wnowa\u017cona receptura z ekstraktem z sza\u0142wii i glukonianem chlorheksydyny ma doskona\u0142e w\u0142a\u015bciwo\u015bci od\u017cywcze i brak substancji szkodliwych. Myd\u0142o wyst\u0119puje w dw\u00f3ch wariantach, delikatnie perfumowane lub nieperfumowane przeznaczone do cel\u00f3w gastronomicznych.<\/p>\n<p>DOST\u0118PNE OPAKOWANIA:<br \/>\n&#8211; butelka 500 ml &#8211; z pianownic\u0105<br \/>\n&#8211; karnister 5L perfumowane i nieperfumowane<\/p>\n","protected":false},"excerpt":{"rendered":"<p>Myd\u0142o w pianie z dodatkiem antybakteryjnym do profilaktycznej higieny r\u0105k. Zr\u00f3wnowa\u017cona receptura z ekstraktem z sza\u0142wii i glukonianem chlorheksydyny ma doskona\u0142e w\u0142a\u015bciwo\u015bci od\u017cywcze i brak substancji szkodliwych. Myd\u0142o wyst\u0119puje w dw\u00f3ch wariantach, delikatnie perfumowane lub nieperfumowane przeznaczone do cel\u00f3w gastronomicznych. &hellip; <a class=\"kt-excerpt-readmore more-link\" href=\"https:\/\/cormenpolska.pl\/?product=isolda-mydlo-w-piance-z-dodatkiem-antybakteryjnym-5-l\">Czytaj wi\u0119cej<\/a><\/p>\n","protected":false},"featured_media":3087,"comment_status":"closed","ping_status":"closed","template":"","meta":{"inline_featured_image":false},"product_brand":[],"product_cat":[127,131],"product_tag":[],"class_list":{"0":"post-1274","1":"product","2":"type-product","3":"status-publish","4":"has-post-thumbnail","6":"product_cat-dezynfekcja-rak","7":"product_cat-mydla-w-pianie-higiena-rak-i-ciala","9":"first","10":"onbackorder","11":"taxable","12":"shipping-taxable","13":"purchasable","14":"product-type-simple"},"_links":{"self":[{"href":"https:\/\/cormenpolska.pl\/index.php?rest_route=\/wp\/v2\/product\/1274","targetHints":{"allow":["GET"]}}],"collection":[{"href":"https:\/\/cormenpolska.pl\/index.php?rest_route=\/wp\/v2\/product"}],"about":[{"href":"https:\/\/cormenpolska.pl\/index.php?rest_route=\/wp\/v2\/types\/product"}],"replies":[{"embeddable":true,"href":"https:\/\/cormenpolska.pl\/index.php?rest_route=%2Fwp%2Fv2%2Fcomments&post=1274"}],"wp:featuredmedia":[{"embeddable":true,"href":"https:\/\/cormenpolska.pl\/index.php?rest_route=\/wp\/v2\/media\/3087"}],"wp:attachment":[{"href":"https:\/\/cormenpolska.pl\/index.php?rest_route=%2Fwp%2Fv2%2Fmedia&parent=1274"}],"wp:term":[{"taxonomy":"product_brand","embeddable":true,"href":"https:\/\/cormenpolska.pl\/index.php?rest_route=%2Fwp%2Fv2%2Fproduct_brand&post=1274"},{"taxonomy":"product_cat","embeddable":true,"href":"https:\/\/cormenpolska.pl\/index.php?rest_route=%2Fwp%2Fv2%2Fproduct_cat&post=1274"},{"taxonomy":"product_tag","embeddable":true,"href":"https:\/\/cormenpolska.pl\/index.php?rest_route=%2Fwp%2Fv2%2Fproduct_tag&post=1274"}],"curies":[{"name":"wp","href":"https:\/\/api.w.org\/{rel}","templated":true}]}}