{"id":1302,"date":"2022-05-03T19:07:53","date_gmt":"2022-05-03T19:07:53","guid":{"rendered":"https:\/\/cormenpolska.pl\/?post_type=product&#038;p=1302"},"modified":"2025-12-03T09:11:07","modified_gmt":"2025-12-03T09:11:07","slug":"cn-pojemnik-na-reczniki-w-rolce-z-perforacja-niebieski","status":"publish","type":"product","link":"https:\/\/cormenpolska.pl\/?product=cn-pojemnik-na-reczniki-w-rolce-z-perforacja-niebieski","title":{"rendered":"SATINO Dozownik AutoCut MIDI"},"content":{"rendered":"<div class=\"product-page__text\">\n<p>Wersja MIDI posiada praktyczny system otwierania przedniej obudowy u\u0142atwiaj\u0105cy obs\u0142ug\u0119 dozownika w ma\u0142ych i ciasnych pomieszczeniach. Wska\u017anik zawarto\u015bci wk\u0142adu znajduje si\u0119 na przedniej \u015bcianie i jest zawsze dobrze widoczny.<\/p>\n<div class=\"single-product-usp\">\n<p class=\"text-uppercase\"><strong>Najwa\u017cniejsze cechy<\/strong><\/p>\n<ul>\n<li>Autonomiczny system dozownik\u00f3w- bez zu\u017cycia baterii czy pr\u0105du<\/li>\n<li>Niewielkie zu\u017cycie do 640 cykli osuszania r\u0105k na wype\u0142nienie<\/li>\n<li>Niezawodny dzi\u0119ki nowej technologii ci\u0119cia<\/li>\n<li>Ze wska\u017anikiem poziomu nape\u0142nienia<\/li>\n<\/ul>\n<\/div>\n<\/div>\n","protected":false},"excerpt":{"rendered":"<p>Wersja MIDI posiada praktyczny system otwierania przedniej obudowy u\u0142atwiaj\u0105cy obs\u0142ug\u0119 dozownika w ma\u0142ych i ciasnych pomieszczeniach. Wska\u017anik zawarto\u015bci wk\u0142adu znajduje si\u0119 na przedniej \u015bcianie i jest zawsze dobrze widoczny. Najwa\u017cniejsze cechy Autonomiczny system dozownik\u00f3w- bez zu\u017cycia baterii czy pr\u0105du Niewielkie &hellip; <a class=\"kt-excerpt-readmore more-link\" href=\"https:\/\/cormenpolska.pl\/?product=cn-pojemnik-na-reczniki-w-rolce-z-perforacja-niebieski\">Czytaj wi\u0119cej<\/a><\/p>\n","protected":false},"featured_media":2720,"comment_status":"closed","ping_status":"closed","template":"","meta":{"inline_featured_image":false},"product_brand":[],"product_cat":[150],"product_tag":[],"class_list":{"0":"post-1302","1":"product","2":"type-product","3":"status-publish","4":"has-post-thumbnail","6":"product_cat-dozowniki-na-recznik-papierowy","8":"first","9":"onbackorder","10":"taxable","11":"shipping-taxable","12":"purchasable","13":"product-type-simple"},"_links":{"self":[{"href":"https:\/\/cormenpolska.pl\/index.php?rest_route=\/wp\/v2\/product\/1302","targetHints":{"allow":["GET"]}}],"collection":[{"href":"https:\/\/cormenpolska.pl\/index.php?rest_route=\/wp\/v2\/product"}],"about":[{"href":"https:\/\/cormenpolska.pl\/index.php?rest_route=\/wp\/v2\/types\/product"}],"replies":[{"embeddable":true,"href":"https:\/\/cormenpolska.pl\/index.php?rest_route=%2Fwp%2Fv2%2Fcomments&post=1302"}],"wp:featuredmedia":[{"embeddable":true,"href":"https:\/\/cormenpolska.pl\/index.php?rest_route=\/wp\/v2\/media\/2720"}],"wp:attachment":[{"href":"https:\/\/cormenpolska.pl\/index.php?rest_route=%2Fwp%2Fv2%2Fmedia&parent=1302"}],"wp:term":[{"taxonomy":"product_brand","embeddable":true,"href":"https:\/\/cormenpolska.pl\/index.php?rest_route=%2Fwp%2Fv2%2Fproduct_brand&post=1302"},{"taxonomy":"product_cat","embeddable":true,"href":"https:\/\/cormenpolska.pl\/index.php?rest_route=%2Fwp%2Fv2%2Fproduct_cat&post=1302"},{"taxonomy":"product_tag","embeddable":true,"href":"https:\/\/cormenpolska.pl\/index.php?rest_route=%2Fwp%2Fv2%2Fproduct_tag&post=1302"}],"curies":[{"name":"wp","href":"https:\/\/api.w.org\/{rel}","templated":true}]}}