{"id":1350,"date":"2022-05-03T19:07:57","date_gmt":"2022-05-03T19:07:57","guid":{"rendered":"https:\/\/cormenpolska.pl\/?post_type=product&#038;p=1350"},"modified":"2023-02-01T15:36:34","modified_gmt":"2023-02-01T15:36:34","slug":"krystal-do-okien-5-l","status":"publish","type":"product","link":"https:\/\/cormenpolska.pl\/?product=krystal-do-okien-5-l","title":{"rendered":"KRYSTAL do okien 5 l"},"content":{"rendered":"<p>Do mycia szyb, luster, szk\u0142a, tworzyw sztucznych, ceramiki, og\u00f3lnie wszystkich g\u0142adkich i b\u0142yszcz\u0105cych powierzchni. Koncentrat nanosi si\u0119 rozpylaczem<br \/>\nbezpo\u015brednio na oczyszczone powierzchnie lub za pomoc\u0105 \u015bciereczki. \u015arodka nie nale\u017cy sp\u0142ukiwa\u0107. Podczas mycia okien i wi\u0119kszych powierzchni najskuteczniejsze jest zastosowanie myjki i \u015bci\u0105gaczki do okien. Nie nadaje si\u0119 do ekran\u00f3w, elektroniki i wy\u015bwietlaczy. pH 7,5<\/p>\n<p>Pojemno\u015b\u0107: kanister 5L<\/p>\n","protected":false},"excerpt":{"rendered":"<p>Do mycia szyb, luster, szk\u0142a, tworzyw sztucznych, ceramiki, og\u00f3lnie wszystkich g\u0142adkich i b\u0142yszcz\u0105cych powierzchni. Koncentrat nanosi si\u0119 rozpylaczem bezpo\u015brednio na oczyszczone powierzchnie lub za pomoc\u0105 \u015bciereczki. \u015arodka nie nale\u017cy sp\u0142ukiwa\u0107. Podczas mycia okien i wi\u0119kszych powierzchni najskuteczniejsze jest zastosowanie myjki &hellip; <a class=\"kt-excerpt-readmore more-link\" href=\"https:\/\/cormenpolska.pl\/?product=krystal-do-okien-5-l\">Czytaj wi\u0119cej<\/a><\/p>\n","protected":false},"featured_media":1777,"comment_status":"closed","ping_status":"closed","template":"","meta":{"inline_featured_image":false},"product_brand":[],"product_cat":[143],"product_tag":[],"class_list":{"0":"post-1350","1":"product","2":"type-product","3":"status-publish","4":"has-post-thumbnail","6":"product_cat-srodki-do-codziennego-mycia","8":"first","9":"instock","10":"taxable","11":"shipping-taxable","12":"purchasable","13":"product-type-simple"},"_links":{"self":[{"href":"https:\/\/cormenpolska.pl\/index.php?rest_route=\/wp\/v2\/product\/1350","targetHints":{"allow":["GET"]}}],"collection":[{"href":"https:\/\/cormenpolska.pl\/index.php?rest_route=\/wp\/v2\/product"}],"about":[{"href":"https:\/\/cormenpolska.pl\/index.php?rest_route=\/wp\/v2\/types\/product"}],"replies":[{"embeddable":true,"href":"https:\/\/cormenpolska.pl\/index.php?rest_route=%2Fwp%2Fv2%2Fcomments&post=1350"}],"wp:featuredmedia":[{"embeddable":true,"href":"https:\/\/cormenpolska.pl\/index.php?rest_route=\/wp\/v2\/media\/1777"}],"wp:attachment":[{"href":"https:\/\/cormenpolska.pl\/index.php?rest_route=%2Fwp%2Fv2%2Fmedia&parent=1350"}],"wp:term":[{"taxonomy":"product_brand","embeddable":true,"href":"https:\/\/cormenpolska.pl\/index.php?rest_route=%2Fwp%2Fv2%2Fproduct_brand&post=1350"},{"taxonomy":"product_cat","embeddable":true,"href":"https:\/\/cormenpolska.pl\/index.php?rest_route=%2Fwp%2Fv2%2Fproduct_cat&post=1350"},{"taxonomy":"product_tag","embeddable":true,"href":"https:\/\/cormenpolska.pl\/index.php?rest_route=%2Fwp%2Fv2%2Fproduct_tag&post=1350"}],"curies":[{"name":"wp","href":"https:\/\/api.w.org\/{rel}","templated":true}]}}