{"id":1351,"date":"2022-05-03T19:07:57","date_gmt":"2022-05-03T19:07:57","guid":{"rendered":"https:\/\/cormenpolska.pl\/?post_type=product&#038;p=1351"},"modified":"2023-02-01T15:36:49","modified_gmt":"2023-02-01T15:36:49","slug":"krystal-do-pielegnacji-mebli-750-ml-750-ml-1-18-576-1347-zl","status":"publish","type":"product","link":"https:\/\/cormenpolska.pl\/?product=krystal-do-pielegnacji-mebli-750-ml-750-ml-1-18-576-1347-zl","title":{"rendered":"KRYSTAL do piel\u0119gnacji mebli 750 ml"},"content":{"rendered":"<p>Delikatnie czy\u015bci i piel\u0119gnuje wszystkie rodzaje mebli oraz zapobiega nadmiernemu osadzaniu si\u0119 kurzu na drewnie i p\u0142ytach laminowanych, nie nawarstwia si\u0119. Nadaje powierzchniom wysoki po\u0142ysk i pozostawia, przyjemny zapach w pomieszczeniach. Spryska\u0107 rozpylaczem \u015bciereczk\u0119, wytrze\u0107 powierzchni\u0119 i pozostawi\u0107 do wyschni\u0119cia. Powierzchni nie trzeba ju\u017c polerowa\u0107. pH 7<\/p>\n<p>DOST\u0118PNE OPAKOWANIA: butelka z atomizerem  750ml<\/p>\n","protected":false},"excerpt":{"rendered":"<p>Delikatnie czy\u015bci i piel\u0119gnuje wszystkie rodzaje mebli oraz zapobiega nadmiernemu osadzaniu si\u0119 kurzu na drewnie i p\u0142ytach laminowanych, nie nawarstwia si\u0119. Nadaje powierzchniom wysoki po\u0142ysk i pozostawia, przyjemny zapach w pomieszczeniach. Spryska\u0107 rozpylaczem \u015bciereczk\u0119, wytrze\u0107 powierzchni\u0119 i pozostawi\u0107 do wyschni\u0119cia. &hellip; <a class=\"kt-excerpt-readmore more-link\" href=\"https:\/\/cormenpolska.pl\/?product=krystal-do-pielegnacji-mebli-750-ml-750-ml-1-18-576-1347-zl\">Czytaj wi\u0119cej<\/a><\/p>\n","protected":false},"featured_media":1778,"comment_status":"closed","ping_status":"closed","template":"","meta":{"inline_featured_image":false},"product_brand":[],"product_cat":[143],"product_tag":[],"class_list":{"0":"post-1351","1":"product","2":"type-product","3":"status-publish","4":"has-post-thumbnail","6":"product_cat-srodki-do-codziennego-mycia","8":"first","9":"instock","10":"taxable","11":"shipping-taxable","12":"purchasable","13":"product-type-simple"},"_links":{"self":[{"href":"https:\/\/cormenpolska.pl\/index.php?rest_route=\/wp\/v2\/product\/1351","targetHints":{"allow":["GET"]}}],"collection":[{"href":"https:\/\/cormenpolska.pl\/index.php?rest_route=\/wp\/v2\/product"}],"about":[{"href":"https:\/\/cormenpolska.pl\/index.php?rest_route=\/wp\/v2\/types\/product"}],"replies":[{"embeddable":true,"href":"https:\/\/cormenpolska.pl\/index.php?rest_route=%2Fwp%2Fv2%2Fcomments&post=1351"}],"wp:featuredmedia":[{"embeddable":true,"href":"https:\/\/cormenpolska.pl\/index.php?rest_route=\/wp\/v2\/media\/1778"}],"wp:attachment":[{"href":"https:\/\/cormenpolska.pl\/index.php?rest_route=%2Fwp%2Fv2%2Fmedia&parent=1351"}],"wp:term":[{"taxonomy":"product_brand","embeddable":true,"href":"https:\/\/cormenpolska.pl\/index.php?rest_route=%2Fwp%2Fv2%2Fproduct_brand&post=1351"},{"taxonomy":"product_cat","embeddable":true,"href":"https:\/\/cormenpolska.pl\/index.php?rest_route=%2Fwp%2Fv2%2Fproduct_cat&post=1351"},{"taxonomy":"product_tag","embeddable":true,"href":"https:\/\/cormenpolska.pl\/index.php?rest_route=%2Fwp%2Fv2%2Fproduct_tag&post=1351"}],"curies":[{"name":"wp","href":"https:\/\/api.w.org\/{rel}","templated":true}]}}