{"id":1356,"date":"2022-05-03T19:07:57","date_gmt":"2022-05-03T19:07:57","guid":{"rendered":"https:\/\/cormenpolska.pl\/?post_type=product&#038;p=1356"},"modified":"2023-02-01T15:37:38","modified_gmt":"2023-02-01T15:37:38","slug":"krystal-do-podlog-alfaalkohol-20-l","status":"publish","type":"product","link":"https:\/\/cormenpolska.pl\/?product=krystal-do-podlog-alfaalkohol-20-l","title":{"rendered":"KRYSTAL do pod\u0142\u00f3g ALFAalkohol 20 l"},"content":{"rendered":"<p>Doskona\u0142y \u015brodek czyszcz\u0105cy do mycia i ochrony wszystkich wodoodpornych powierzchni (kostka, terakota, winyl, linoleum, marmoleum, lakierowane drewno itp.). Umo\u017cliwia bezproblemowe czyszczenie pod\u0142\u00f3g bez smug &#8211; efekt b\u0142yszcz\u0105cych powierzchni o zwi\u0119kszonej sile mycia i przyjemnym aromacie pomara\u0144czy. Panele pod\u0142ogowe i drewno woskowane nale\u017cy piel\u0119gnowa\u0107 tylko wilgotnymi (nie mokrymi) mopami, aby zapobiec wsi\u0105kaniu wilgoci. Do wiadra odmierza\u0107 15 \u2013 30 ml \/ 10 l. pH 8<\/p>\n<p>DOST\u0118PNE OPAKOWANIA<br \/>\n&#8211; butelka 750 ml<br \/>\n&#8211; mixBAG 5 L<br \/>\n&#8211; worek 5 L<br \/>\n&#8211; kanister 5 L<br \/>\n&#8211; kanister 20 L<\/p>\n","protected":false},"excerpt":{"rendered":"<p>Doskona\u0142y \u015brodek czyszcz\u0105cy do mycia i ochrony wszystkich wodoodpornych powierzchni (kostka, terakota, winyl, linoleum, marmoleum, lakierowane drewno itp.). Umo\u017cliwia bezproblemowe czyszczenie pod\u0142\u00f3g bez smug &#8211; efekt b\u0142yszcz\u0105cych powierzchni o zwi\u0119kszonej sile mycia i przyjemnym aromacie pomara\u0144czy. Panele pod\u0142ogowe i drewno &hellip; <a class=\"kt-excerpt-readmore more-link\" href=\"https:\/\/cormenpolska.pl\/?product=krystal-do-podlog-alfaalkohol-20-l\">Czytaj wi\u0119cej<\/a><\/p>\n","protected":false},"featured_media":1781,"comment_status":"closed","ping_status":"closed","template":"","meta":{"inline_featured_image":false},"product_brand":[],"product_cat":[143],"product_tag":[],"class_list":{"0":"post-1356","1":"product","2":"type-product","3":"status-publish","4":"has-post-thumbnail","6":"product_cat-srodki-do-codziennego-mycia","8":"first","9":"instock","10":"taxable","11":"shipping-taxable","12":"purchasable","13":"product-type-simple"},"_links":{"self":[{"href":"https:\/\/cormenpolska.pl\/index.php?rest_route=\/wp\/v2\/product\/1356","targetHints":{"allow":["GET"]}}],"collection":[{"href":"https:\/\/cormenpolska.pl\/index.php?rest_route=\/wp\/v2\/product"}],"about":[{"href":"https:\/\/cormenpolska.pl\/index.php?rest_route=\/wp\/v2\/types\/product"}],"replies":[{"embeddable":true,"href":"https:\/\/cormenpolska.pl\/index.php?rest_route=%2Fwp%2Fv2%2Fcomments&post=1356"}],"wp:featuredmedia":[{"embeddable":true,"href":"https:\/\/cormenpolska.pl\/index.php?rest_route=\/wp\/v2\/media\/1781"}],"wp:attachment":[{"href":"https:\/\/cormenpolska.pl\/index.php?rest_route=%2Fwp%2Fv2%2Fmedia&parent=1356"}],"wp:term":[{"taxonomy":"product_brand","embeddable":true,"href":"https:\/\/cormenpolska.pl\/index.php?rest_route=%2Fwp%2Fv2%2Fproduct_brand&post=1356"},{"taxonomy":"product_cat","embeddable":true,"href":"https:\/\/cormenpolska.pl\/index.php?rest_route=%2Fwp%2Fv2%2Fproduct_cat&post=1356"},{"taxonomy":"product_tag","embeddable":true,"href":"https:\/\/cormenpolska.pl\/index.php?rest_route=%2Fwp%2Fv2%2Fproduct_tag&post=1356"}],"curies":[{"name":"wp","href":"https:\/\/api.w.org\/{rel}","templated":true}]}}