{"id":1357,"date":"2022-05-03T19:07:59","date_gmt":"2022-05-03T19:07:59","guid":{"rendered":"https:\/\/cormenpolska.pl\/?post_type=product&#038;p=1357"},"modified":"2023-02-01T15:33:11","modified_gmt":"2023-02-01T15:33:11","slug":"krystal-mydlany-srodek-czyszczacy-750-ml","status":"publish","type":"product","link":"https:\/\/cormenpolska.pl\/?product=krystal-mydlany-srodek-czyszczacy-750-ml","title":{"rendered":"KRYSTAL mydlany \u015brodek czyszcz\u0105cy 750 ml"},"content":{"rendered":"<p>\u015arodek czyszcz\u0105cy do mycia pod\u0142\u00f3g z dodatkiem wosku pszczelegodo czyszczenia i ochrony powierzchni lakierowanych pod\u0142\u00f3g drewnianych<br \/>\ni panelowych, winylu oraz linoleum. Nadaje si\u0119 r\u00f3wnie\u017c do wilgotneg czyszczenia (nie mokrego) powierzchni lakierowanych i drewnianych. Zapewnia<br \/>\nnaturaln\u0105 ochron\u0119 powierzchni, do stosowania na wszelkiego rodzaju niech\u0142onne materia\u0142y i meble, na kt\u00f3rych pozostawia jedwabi\u015bcie b\u0142yszcz\u0105c\u0105 i przyjemnie<br \/>\nperfumowan\u0105 warstw\u0119. Do wiadra odmierza\u0107 20 \u2013 60 ml \/ 10 l. pH 7,5<\/p>\n<p>DOST\u0118PNE OPAKOWANIA<br \/>\n&#8211; butelka 750 ml<br \/>\n&#8211; kanister 5 L<\/p>\n","protected":false},"excerpt":{"rendered":"<p>\u015arodek czyszcz\u0105cy do mycia pod\u0142\u00f3g z dodatkiem wosku pszczelegodo czyszczenia i ochrony powierzchni lakierowanych pod\u0142\u00f3g drewnianych i panelowych, winylu oraz linoleum. Nadaje si\u0119 r\u00f3wnie\u017c do wilgotneg czyszczenia (nie mokrego) powierzchni lakierowanych i drewnianych. Zapewnia naturaln\u0105 ochron\u0119 powierzchni, do stosowania na &hellip; <a class=\"kt-excerpt-readmore more-link\" href=\"https:\/\/cormenpolska.pl\/?product=krystal-mydlany-srodek-czyszczacy-750-ml\">Czytaj wi\u0119cej<\/a><\/p>\n","protected":false},"featured_media":1782,"comment_status":"closed","ping_status":"closed","template":"","meta":{"inline_featured_image":false},"product_brand":[],"product_cat":[143],"product_tag":[],"class_list":{"0":"post-1357","1":"product","2":"type-product","3":"status-publish","4":"has-post-thumbnail","6":"product_cat-srodki-do-codziennego-mycia","8":"first","9":"instock","10":"taxable","11":"shipping-taxable","12":"purchasable","13":"product-type-simple"},"_links":{"self":[{"href":"https:\/\/cormenpolska.pl\/index.php?rest_route=\/wp\/v2\/product\/1357","targetHints":{"allow":["GET"]}}],"collection":[{"href":"https:\/\/cormenpolska.pl\/index.php?rest_route=\/wp\/v2\/product"}],"about":[{"href":"https:\/\/cormenpolska.pl\/index.php?rest_route=\/wp\/v2\/types\/product"}],"replies":[{"embeddable":true,"href":"https:\/\/cormenpolska.pl\/index.php?rest_route=%2Fwp%2Fv2%2Fcomments&post=1357"}],"wp:featuredmedia":[{"embeddable":true,"href":"https:\/\/cormenpolska.pl\/index.php?rest_route=\/wp\/v2\/media\/1782"}],"wp:attachment":[{"href":"https:\/\/cormenpolska.pl\/index.php?rest_route=%2Fwp%2Fv2%2Fmedia&parent=1357"}],"wp:term":[{"taxonomy":"product_brand","embeddable":true,"href":"https:\/\/cormenpolska.pl\/index.php?rest_route=%2Fwp%2Fv2%2Fproduct_brand&post=1357"},{"taxonomy":"product_cat","embeddable":true,"href":"https:\/\/cormenpolska.pl\/index.php?rest_route=%2Fwp%2Fv2%2Fproduct_cat&post=1357"},{"taxonomy":"product_tag","embeddable":true,"href":"https:\/\/cormenpolska.pl\/index.php?rest_route=%2Fwp%2Fv2%2Fproduct_tag&post=1357"}],"curies":[{"name":"wp","href":"https:\/\/api.w.org\/{rel}","templated":true}]}}