{"id":1362,"date":"2022-05-03T19:08:00","date_gmt":"2022-05-03T19:08:00","guid":{"rendered":"https:\/\/cormenpolska.pl\/?post_type=product&#038;p=1362"},"modified":"2023-02-06T14:44:33","modified_gmt":"2023-02-06T14:44:33","slug":"krystal-universal-5-l","status":"publish","type":"product","link":"https:\/\/cormenpolska.pl\/?product=krystal-universal-5-l","title":{"rendered":"KRYSTAL universal 5 l"},"content":{"rendered":"<p>Uniwersalny \u015brodek o szerokim spektrum zastosowania w czyszczeniu. Mo\u017ce by\u0107 stosowany do mycia wszystkich wodoodpornych powierzchni, a tak\u017ce do czyszczenia mocno zabrudzonych miejsc, jak r\u00f3wnie\u017c usuwania t\u0142uszczu . Nie zalecamy go do u\u017cycia na: delikatnych powierzchniach, niezabezpieczonym drewnie i naturalnej ceramiki. O zapachu owocowym. \u015arodek zapewnia wysoki efekt czyszczenia przy minimalnych kosztach. W zale\u017cno\u015bci od zanieczyszczenia nale\u017cy wybra\u0107 odpowiednie st\u0119\u017cenie.<br \/>\nDo wiadra odmierza\u0107 30 \u2013 80 ml \/ 10 l. pH 7,5<\/p>\n<p>Bardzo praktyczny pomocnik w ka\u017cdym domu.<\/p>\n<p>DOST\u0118PNE OPAKOWANIA:<br \/>\n&#8211; butelka 750 ml<br \/>\n&#8211; worek 5L<br \/>\n&#8211; kanister 5 L<br \/>\n&#8211; kanister 20 L<\/p>\n","protected":false},"excerpt":{"rendered":"<p>Uniwersalny \u015brodek o szerokim spektrum zastosowania w czyszczeniu. Mo\u017ce by\u0107 stosowany do mycia wszystkich wodoodpornych powierzchni, a tak\u017ce do czyszczenia mocno zabrudzonych miejsc, jak r\u00f3wnie\u017c usuwania t\u0142uszczu . Nie zalecamy go do u\u017cycia na: delikatnych powierzchniach, niezabezpieczonym drewnie i naturalnej &hellip; <a class=\"kt-excerpt-readmore more-link\" href=\"https:\/\/cormenpolska.pl\/?product=krystal-universal-5-l\">Czytaj wi\u0119cej<\/a><\/p>\n","protected":false},"featured_media":1784,"comment_status":"closed","ping_status":"closed","template":"","meta":{"inline_featured_image":false},"product_brand":[],"product_cat":[143],"product_tag":[],"class_list":{"0":"post-1362","1":"product","2":"type-product","3":"status-publish","4":"has-post-thumbnail","6":"product_cat-srodki-do-codziennego-mycia","8":"first","9":"instock","10":"taxable","11":"shipping-taxable","12":"purchasable","13":"product-type-simple"},"_links":{"self":[{"href":"https:\/\/cormenpolska.pl\/index.php?rest_route=\/wp\/v2\/product\/1362","targetHints":{"allow":["GET"]}}],"collection":[{"href":"https:\/\/cormenpolska.pl\/index.php?rest_route=\/wp\/v2\/product"}],"about":[{"href":"https:\/\/cormenpolska.pl\/index.php?rest_route=\/wp\/v2\/types\/product"}],"replies":[{"embeddable":true,"href":"https:\/\/cormenpolska.pl\/index.php?rest_route=%2Fwp%2Fv2%2Fcomments&post=1362"}],"wp:featuredmedia":[{"embeddable":true,"href":"https:\/\/cormenpolska.pl\/index.php?rest_route=\/wp\/v2\/media\/1784"}],"wp:attachment":[{"href":"https:\/\/cormenpolska.pl\/index.php?rest_route=%2Fwp%2Fv2%2Fmedia&parent=1362"}],"wp:term":[{"taxonomy":"product_brand","embeddable":true,"href":"https:\/\/cormenpolska.pl\/index.php?rest_route=%2Fwp%2Fv2%2Fproduct_brand&post=1362"},{"taxonomy":"product_cat","embeddable":true,"href":"https:\/\/cormenpolska.pl\/index.php?rest_route=%2Fwp%2Fv2%2Fproduct_cat&post=1362"},{"taxonomy":"product_tag","embeddable":true,"href":"https:\/\/cormenpolska.pl\/index.php?rest_route=%2Fwp%2Fv2%2Fproduct_tag&post=1362"}],"curies":[{"name":"wp","href":"https:\/\/api.w.org\/{rel}","templated":true}]}}