{"id":1367,"date":"2022-05-03T19:08:00","date_gmt":"2022-05-03T19:08:00","guid":{"rendered":"https:\/\/cormenpolska.pl\/?post_type=product&#038;p=1367"},"modified":"2024-01-17T17:44:25","modified_gmt":"2024-01-17T17:44:25","slug":"krystal-do-kuchni-5-l","status":"publish","type":"product","link":"https:\/\/cormenpolska.pl\/?product=krystal-do-kuchni-5-l","title":{"rendered":"KRYSTAL do kuchni 5 l"},"content":{"rendered":"<p>Specjalny preparat przeznaczony do czyszczenia mebli kuchennych, sta\u0142ych powierzchni z materia\u0142u niewch\u0142aniaj\u0105cego. Wyczy\u015bci tak\u017ce \u015bciany wn\u0119trzy mieszkalnych, drzwi oraz ramy okienne. Preparat dozowany rozpylaczem umo\u017cliwia dok\u0142adne dawkowanie.<\/p>\n<p>Domieszka antybakteryjna<br \/>\nDu\u017ca si\u0142a odt\u0142uszczaj\u0105ca upora si\u0119 nawet z najstarszym, t\u0142ustym brudem<br \/>\nSprz\u0105tanie w kuchni bez pozostawiania smug<br \/>\nSzybkie i \u0142atwe dozowanie<br \/>\nZielony odcie\u0144 odpowiada kodowaniu kolorystycznemu stosowanemu w sprz\u0105taniu profesjonalnym, zgodnie z dyrektywami UE<br \/>\nMo\u017cliwo\u015b\u0107 niezawodnego u\u017cycia na wszystkie rodzaje materia\u0142\u00f3w w kuchni w\u0142\u0105cznie ze sprz\u0119tem AGD<br \/>\nProdukt skoncentrowany, nale\u017cy spryska\u0107 czyszczon\u0105 powierzchnie, za pomoc\u0105 rozpylacza w postaci g\u0119stej piany. Po usuni\u0119ciu brudu zawsze nale\u017cy sp\u0142uka\u0107 powierzchni\u0119 du\u017c\u0105 ilo\u015bci\u0105 czystej wody. W przypadku usuwania grubych warstw brudu, proces nale\u017cy powt\u00f3rzy\u0107 kilkakrotnie. Produkt jest silnie pianotw\u00f3rczy i odt\u0142uszczaj\u0105cy, do pracy u\u017cywaj r\u0119kawic. pH 9,5<\/p>\n<p>DOST\u0118PNE OPAKOWANIA<br \/>\n&#8211; butelka 750ml z napieniaczem<br \/>\n&#8211; kanister 5 L<\/p>\n","protected":false},"excerpt":{"rendered":"<p>Specjalny preparat przeznaczony do czyszczenia mebli kuchennych, sta\u0142ych powierzchni z materia\u0142u niewch\u0142aniaj\u0105cego. Wyczy\u015bci tak\u017ce \u015bciany wn\u0119trzy mieszkalnych, drzwi oraz ramy okienne. Preparat dozowany rozpylaczem umo\u017cliwia dok\u0142adne dawkowanie. Domieszka antybakteryjna Du\u017ca si\u0142a odt\u0142uszczaj\u0105ca upora si\u0119 nawet z najstarszym, t\u0142ustym brudem Sprz\u0105tanie &hellip; <a class=\"kt-excerpt-readmore more-link\" href=\"https:\/\/cormenpolska.pl\/?product=krystal-do-kuchni-5-l\">Czytaj wi\u0119cej<\/a><\/p>\n","protected":false},"featured_media":1786,"comment_status":"closed","ping_status":"closed","template":"","meta":{"inline_featured_image":false},"product_brand":[],"product_cat":[144],"product_tag":[],"class_list":{"0":"post-1367","1":"product","2":"type-product","3":"status-publish","4":"has-post-thumbnail","6":"product_cat-obszar-kuchni-chemia-gospodarcza","8":"first","9":"onbackorder","10":"taxable","11":"shipping-taxable","12":"purchasable","13":"product-type-simple"},"_links":{"self":[{"href":"https:\/\/cormenpolska.pl\/index.php?rest_route=\/wp\/v2\/product\/1367","targetHints":{"allow":["GET"]}}],"collection":[{"href":"https:\/\/cormenpolska.pl\/index.php?rest_route=\/wp\/v2\/product"}],"about":[{"href":"https:\/\/cormenpolska.pl\/index.php?rest_route=\/wp\/v2\/types\/product"}],"replies":[{"embeddable":true,"href":"https:\/\/cormenpolska.pl\/index.php?rest_route=%2Fwp%2Fv2%2Fcomments&post=1367"}],"wp:featuredmedia":[{"embeddable":true,"href":"https:\/\/cormenpolska.pl\/index.php?rest_route=\/wp\/v2\/media\/1786"}],"wp:attachment":[{"href":"https:\/\/cormenpolska.pl\/index.php?rest_route=%2Fwp%2Fv2%2Fmedia&parent=1367"}],"wp:term":[{"taxonomy":"product_brand","embeddable":true,"href":"https:\/\/cormenpolska.pl\/index.php?rest_route=%2Fwp%2Fv2%2Fproduct_brand&post=1367"},{"taxonomy":"product_cat","embeddable":true,"href":"https:\/\/cormenpolska.pl\/index.php?rest_route=%2Fwp%2Fv2%2Fproduct_cat&post=1367"},{"taxonomy":"product_tag","embeddable":true,"href":"https:\/\/cormenpolska.pl\/index.php?rest_route=%2Fwp%2Fv2%2Fproduct_tag&post=1367"}],"curies":[{"name":"wp","href":"https:\/\/api.w.org\/{rel}","templated":true}]}}