{"id":1370,"date":"2022-05-03T19:08:01","date_gmt":"2022-05-03T19:08:01","guid":{"rendered":"https:\/\/cormenpolska.pl\/?post_type=product&#038;p=1370"},"modified":"2023-08-01T10:09:33","modified_gmt":"2023-08-01T10:09:33","slug":"krystal-maszynowe-oplukiwanie-naczyn-5-l","status":"publish","type":"product","link":"https:\/\/cormenpolska.pl\/?product=krystal-maszynowe-oplukiwanie-naczyn-5-l","title":{"rendered":"KRYSTAL maszynowe op\u0142ukiwanie naczy\u0144 5 l"},"content":{"rendered":"<p>P\u0142ynny, kwa\u015bny \u015brodek do p\u0142ukania naczy\u0144 w zmywarkach odpowiedni dla mniejszych plac\u00f3wek gastronomicznych. Jest u\u017cywany, jako druga faza mycia po uprzednim u\u017cyciu Krystal do mycia maszynowego. Usuwa osady mineralne, neutralizuje, nie pozostawia smug, nadaje wysoki po\u0142ysk. Zwykle nale\u017cy<br \/>\ndawkowa\u0107 1,5 \u2013 3 ml \/ 1 l. pH 2,5<\/p>\n<p>Pojemno\u015b\u0107: kanister 5L<\/p>\n","protected":false},"excerpt":{"rendered":"<p>P\u0142ynny, kwa\u015bny \u015brodek do p\u0142ukania naczy\u0144 w zmywarkach odpowiedni dla mniejszych plac\u00f3wek gastronomicznych. Jest u\u017cywany, jako druga faza mycia po uprzednim u\u017cyciu Krystal do mycia maszynowego. Usuwa osady mineralne, neutralizuje, nie pozostawia smug, nadaje wysoki po\u0142ysk. Zwykle nale\u017cy dawkowa\u0107 1,5 &hellip; <a class=\"kt-excerpt-readmore more-link\" href=\"https:\/\/cormenpolska.pl\/?product=krystal-maszynowe-oplukiwanie-naczyn-5-l\">Czytaj wi\u0119cej<\/a><\/p>\n","protected":false},"featured_media":1789,"comment_status":"closed","ping_status":"closed","template":"","meta":{"inline_featured_image":false},"product_brand":[],"product_cat":[144],"product_tag":[],"class_list":{"0":"post-1370","1":"product","2":"type-product","3":"status-publish","4":"has-post-thumbnail","6":"product_cat-obszar-kuchni-chemia-gospodarcza","8":"first","9":"onbackorder","10":"taxable","11":"shipping-taxable","12":"purchasable","13":"product-type-simple"},"_links":{"self":[{"href":"https:\/\/cormenpolska.pl\/index.php?rest_route=\/wp\/v2\/product\/1370","targetHints":{"allow":["GET"]}}],"collection":[{"href":"https:\/\/cormenpolska.pl\/index.php?rest_route=\/wp\/v2\/product"}],"about":[{"href":"https:\/\/cormenpolska.pl\/index.php?rest_route=\/wp\/v2\/types\/product"}],"replies":[{"embeddable":true,"href":"https:\/\/cormenpolska.pl\/index.php?rest_route=%2Fwp%2Fv2%2Fcomments&post=1370"}],"wp:featuredmedia":[{"embeddable":true,"href":"https:\/\/cormenpolska.pl\/index.php?rest_route=\/wp\/v2\/media\/1789"}],"wp:attachment":[{"href":"https:\/\/cormenpolska.pl\/index.php?rest_route=%2Fwp%2Fv2%2Fmedia&parent=1370"}],"wp:term":[{"taxonomy":"product_brand","embeddable":true,"href":"https:\/\/cormenpolska.pl\/index.php?rest_route=%2Fwp%2Fv2%2Fproduct_brand&post=1370"},{"taxonomy":"product_cat","embeddable":true,"href":"https:\/\/cormenpolska.pl\/index.php?rest_route=%2Fwp%2Fv2%2Fproduct_cat&post=1370"},{"taxonomy":"product_tag","embeddable":true,"href":"https:\/\/cormenpolska.pl\/index.php?rest_route=%2Fwp%2Fv2%2Fproduct_tag&post=1370"}],"curies":[{"name":"wp","href":"https:\/\/api.w.org\/{rel}","templated":true}]}}