{"id":1373,"date":"2022-05-03T19:08:01","date_gmt":"2022-05-03T19:08:01","guid":{"rendered":"https:\/\/cormenpolska.pl\/?post_type=product&#038;p=1373"},"modified":"2023-02-01T15:42:15","modified_gmt":"2023-02-01T15:42:15","slug":"krystal-do-mycia-naczyn-eco-750-ml","status":"publish","type":"product","link":"https:\/\/cormenpolska.pl\/?product=krystal-do-mycia-naczyn-eco-750-ml","title":{"rendered":"KRYSTAL do mycia naczy\u0144 ECO 750 ml"},"content":{"rendered":"<p>Krystal do naczy\u0144 Eco &#8211; nowoczesny wyprodukowany z surowcow naturalnych \u2013 kokos, kukurydza.<\/p>\n<p>Wysoko wydajny skoncentrowany p\u0142yn do r\u0119cznego mycia naczy\u0144. Przez staranny dob\u00f3r naturalnych sk\u0142adnik\u00f3w osi\u0105gni\u0119to r\u00f3wnie\u017cwysok\u0105 tolerancj\u0119 dermatologiczn\u0105 dla sk\u00f3ry r\u0105k. Absolutnie naturalny charakter produktu podkre\u015bla intensywny zapach owoc\u00f3w cytrusowych. Produkt szczeg\u00f3lnie<br \/>\nnadaje si\u0119 do miejsc, gdzie funkcjonuje biologiczna oczyszczalnia \u015bciek\u00f3w. pH 7,5<\/p>\n<p>DOST\u0118PNE OPKOWANIA<br \/>\n&#8211; butelka 750ml<\/p>\n","protected":false},"excerpt":{"rendered":"<p>Krystal do naczy\u0144 Eco &#8211; nowoczesny wyprodukowany z surowcow naturalnych \u2013 kokos, kukurydza. Wysoko wydajny skoncentrowany p\u0142yn do r\u0119cznego mycia naczy\u0144. Przez staranny dob\u00f3r naturalnych sk\u0142adnik\u00f3w osi\u0105gni\u0119to r\u00f3wnie\u017cwysok\u0105 tolerancj\u0119 dermatologiczn\u0105 dla sk\u00f3ry r\u0105k. Absolutnie naturalny charakter produktu podkre\u015bla intensywny zapach &hellip; <a class=\"kt-excerpt-readmore more-link\" href=\"https:\/\/cormenpolska.pl\/?product=krystal-do-mycia-naczyn-eco-750-ml\">Czytaj wi\u0119cej<\/a><\/p>\n","protected":false},"featured_media":1790,"comment_status":"closed","ping_status":"closed","template":"","meta":{"inline_featured_image":false},"product_brand":[],"product_cat":[144,142],"product_tag":[116],"class_list":{"0":"post-1373","1":"product","2":"type-product","3":"status-publish","4":"has-post-thumbnail","6":"product_cat-obszar-kuchni-chemia-gospodarcza","7":"product_cat-srodki-ekologiczne","8":"product_tag-eco","10":"first","11":"instock","12":"taxable","13":"shipping-taxable","14":"purchasable","15":"product-type-simple"},"_links":{"self":[{"href":"https:\/\/cormenpolska.pl\/index.php?rest_route=\/wp\/v2\/product\/1373","targetHints":{"allow":["GET"]}}],"collection":[{"href":"https:\/\/cormenpolska.pl\/index.php?rest_route=\/wp\/v2\/product"}],"about":[{"href":"https:\/\/cormenpolska.pl\/index.php?rest_route=\/wp\/v2\/types\/product"}],"replies":[{"embeddable":true,"href":"https:\/\/cormenpolska.pl\/index.php?rest_route=%2Fwp%2Fv2%2Fcomments&post=1373"}],"wp:featuredmedia":[{"embeddable":true,"href":"https:\/\/cormenpolska.pl\/index.php?rest_route=\/wp\/v2\/media\/1790"}],"wp:attachment":[{"href":"https:\/\/cormenpolska.pl\/index.php?rest_route=%2Fwp%2Fv2%2Fmedia&parent=1373"}],"wp:term":[{"taxonomy":"product_brand","embeddable":true,"href":"https:\/\/cormenpolska.pl\/index.php?rest_route=%2Fwp%2Fv2%2Fproduct_brand&post=1373"},{"taxonomy":"product_cat","embeddable":true,"href":"https:\/\/cormenpolska.pl\/index.php?rest_route=%2Fwp%2Fv2%2Fproduct_cat&post=1373"},{"taxonomy":"product_tag","embeddable":true,"href":"https:\/\/cormenpolska.pl\/index.php?rest_route=%2Fwp%2Fv2%2Fproduct_tag&post=1373"}],"curies":[{"name":"wp","href":"https:\/\/api.w.org\/{rel}","templated":true}]}}