{"id":1378,"date":"2022-05-03T19:08:02","date_gmt":"2022-05-03T19:08:02","guid":{"rendered":"https:\/\/cormenpolska.pl\/?post_type=product&#038;p=1378"},"modified":"2023-02-01T15:38:45","modified_gmt":"2023-02-01T15:38:45","slug":"krystal-balsam-do-mycia-naczyn-aloe-750-ml","status":"publish","type":"product","link":"https:\/\/cormenpolska.pl\/?product=krystal-balsam-do-mycia-naczyn-aloe-750-ml","title":{"rendered":"KRYSTAL balsam do mycia naczy\u0144 ALOE 750 ml"},"content":{"rendered":"<p>Balsam do mycia naczy\u0144 i szk\u0142a o \u015bwie\u017cym zapachu grejpfruta. Charakteryzuje si\u0119 du\u017c\u0105 pienisto\u015bci\u0105 i wysok\u0105 wydajno\u015bci\u0105 mycia. Nadaje si\u0119 r\u00f3wnie\u017c do naczy\u0144 ze stali nierdzewnej. Zawiera substancj\u0119 czynn\u0105, wyci\u0105g z aloa vera, kt\u00f3ry chroni sk\u00f3r\u0119 r\u0105k. Dawkowa\u0107 30 \u2013 80 ml \/ na 10 l wody. pH 7,5<\/p>\n<p>Pojemno\u015b\u0107: 750ml z rozpylaczem<\/p>\n","protected":false},"excerpt":{"rendered":"<p>Balsam do mycia naczy\u0144 i szk\u0142a o \u015bwie\u017cym zapachu grejpfruta. Charakteryzuje si\u0119 du\u017c\u0105 pienisto\u015bci\u0105 i wysok\u0105 wydajno\u015bci\u0105 mycia. Nadaje si\u0119 r\u00f3wnie\u017c do naczy\u0144 ze stali nierdzewnej. Zawiera substancj\u0119 czynn\u0105, wyci\u0105g z aloa vera, kt\u00f3ry chroni sk\u00f3r\u0119 r\u0105k. Dawkowa\u0107 30 \u2013 &hellip; <a class=\"kt-excerpt-readmore more-link\" href=\"https:\/\/cormenpolska.pl\/?product=krystal-balsam-do-mycia-naczyn-aloe-750-ml\">Czytaj wi\u0119cej<\/a><\/p>\n","protected":false},"featured_media":1793,"comment_status":"closed","ping_status":"closed","template":"","meta":{"inline_featured_image":false},"product_brand":[],"product_cat":[144],"product_tag":[],"class_list":{"0":"post-1378","1":"product","2":"type-product","3":"status-publish","4":"has-post-thumbnail","6":"product_cat-obszar-kuchni-chemia-gospodarcza","8":"first","9":"instock","10":"taxable","11":"shipping-taxable","12":"purchasable","13":"product-type-simple"},"_links":{"self":[{"href":"https:\/\/cormenpolska.pl\/index.php?rest_route=\/wp\/v2\/product\/1378","targetHints":{"allow":["GET"]}}],"collection":[{"href":"https:\/\/cormenpolska.pl\/index.php?rest_route=\/wp\/v2\/product"}],"about":[{"href":"https:\/\/cormenpolska.pl\/index.php?rest_route=\/wp\/v2\/types\/product"}],"replies":[{"embeddable":true,"href":"https:\/\/cormenpolska.pl\/index.php?rest_route=%2Fwp%2Fv2%2Fcomments&post=1378"}],"wp:featuredmedia":[{"embeddable":true,"href":"https:\/\/cormenpolska.pl\/index.php?rest_route=\/wp\/v2\/media\/1793"}],"wp:attachment":[{"href":"https:\/\/cormenpolska.pl\/index.php?rest_route=%2Fwp%2Fv2%2Fmedia&parent=1378"}],"wp:term":[{"taxonomy":"product_brand","embeddable":true,"href":"https:\/\/cormenpolska.pl\/index.php?rest_route=%2Fwp%2Fv2%2Fproduct_brand&post=1378"},{"taxonomy":"product_cat","embeddable":true,"href":"https:\/\/cormenpolska.pl\/index.php?rest_route=%2Fwp%2Fv2%2Fproduct_cat&post=1378"},{"taxonomy":"product_tag","embeddable":true,"href":"https:\/\/cormenpolska.pl\/index.php?rest_route=%2Fwp%2Fv2%2Fproduct_tag&post=1378"}],"curies":[{"name":"wp","href":"https:\/\/api.w.org\/{rel}","templated":true}]}}