{"id":1384,"date":"2022-05-03T19:08:02","date_gmt":"2022-05-03T19:08:02","guid":{"rendered":"https:\/\/cormenpolska.pl\/?post_type=product&#038;p=1384"},"modified":"2023-02-01T15:40:20","modified_gmt":"2023-02-01T15:40:20","slug":"krystal-mleczko-czyszczace-6kg","status":"publish","type":"product","link":"https:\/\/cormenpolska.pl\/?product=krystal-mleczko-czyszczace-6kg","title":{"rendered":"KRYSTAL mleczko czyszcz\u0105ce 6kg"},"content":{"rendered":"<p>Szoruj\u0105cy \u015brodek czyszcz\u0105cy o wysokiej efektywno\u015bci, zawiera drobno i grubo- ziarniste sk\u0142adniki \u015bcierne. Stosowany jest g\u0142\u00f3wnie w kuchniach do mycia<br \/>\nnaczy\u0144, kuchenek, \u015bcian laminatowych. Nadaje si\u0119 do twardych zanieczyszcze\u0144 i przypale\u0144, usuwa oporne osady z kawy, herbaty, czy plam po wodzie.<br \/>\nJest bardzo skuteczny, nie nadaje si\u0119 do czyszczenia szk\u0142a kuchenek ceramicznych, stali nierdzewnej z po\u0142yskiem, drewna i tworzywa sztucznego<br \/>\noraz innych mi\u0119kkich powierzchni. \u015arodek jest lekko perfumowany, o zapachu grejpfruta i mandarynki. pH 9,5<\/p>\n<p>DOST\u0118PNE OPAKOWANIA<br \/>\n&#8211; butelka 600 g<br \/>\n&#8211; kanister 6 kg<\/p>\n","protected":false},"excerpt":{"rendered":"<p>Szoruj\u0105cy \u015brodek czyszcz\u0105cy o wysokiej efektywno\u015bci, zawiera drobno i grubo- ziarniste sk\u0142adniki \u015bcierne. Stosowany jest g\u0142\u00f3wnie w kuchniach do mycia naczy\u0144, kuchenek, \u015bcian laminatowych. Nadaje si\u0119 do twardych zanieczyszcze\u0144 i przypale\u0144, usuwa oporne osady z kawy, herbaty, czy plam po &hellip; <a class=\"kt-excerpt-readmore more-link\" href=\"https:\/\/cormenpolska.pl\/?product=krystal-mleczko-czyszczace-6kg\">Czytaj wi\u0119cej<\/a><\/p>\n","protected":false},"featured_media":1798,"comment_status":"closed","ping_status":"closed","template":"","meta":{"inline_featured_image":false},"product_brand":[],"product_cat":[144],"product_tag":[],"class_list":{"0":"post-1384","1":"product","2":"type-product","3":"status-publish","4":"has-post-thumbnail","6":"product_cat-obszar-kuchni-chemia-gospodarcza","8":"first","9":"instock","10":"taxable","11":"shipping-taxable","12":"purchasable","13":"product-type-simple"},"_links":{"self":[{"href":"https:\/\/cormenpolska.pl\/index.php?rest_route=\/wp\/v2\/product\/1384","targetHints":{"allow":["GET"]}}],"collection":[{"href":"https:\/\/cormenpolska.pl\/index.php?rest_route=\/wp\/v2\/product"}],"about":[{"href":"https:\/\/cormenpolska.pl\/index.php?rest_route=\/wp\/v2\/types\/product"}],"replies":[{"embeddable":true,"href":"https:\/\/cormenpolska.pl\/index.php?rest_route=%2Fwp%2Fv2%2Fcomments&post=1384"}],"wp:featuredmedia":[{"embeddable":true,"href":"https:\/\/cormenpolska.pl\/index.php?rest_route=\/wp\/v2\/media\/1798"}],"wp:attachment":[{"href":"https:\/\/cormenpolska.pl\/index.php?rest_route=%2Fwp%2Fv2%2Fmedia&parent=1384"}],"wp:term":[{"taxonomy":"product_brand","embeddable":true,"href":"https:\/\/cormenpolska.pl\/index.php?rest_route=%2Fwp%2Fv2%2Fproduct_brand&post=1384"},{"taxonomy":"product_cat","embeddable":true,"href":"https:\/\/cormenpolska.pl\/index.php?rest_route=%2Fwp%2Fv2%2Fproduct_cat&post=1384"},{"taxonomy":"product_tag","embeddable":true,"href":"https:\/\/cormenpolska.pl\/index.php?rest_route=%2Fwp%2Fv2%2Fproduct_tag&post=1384"}],"curies":[{"name":"wp","href":"https:\/\/api.w.org\/{rel}","templated":true}]}}