{"id":1388,"date":"2022-05-03T19:08:03","date_gmt":"2022-05-03T19:08:03","guid":{"rendered":"https:\/\/cormenpolska.pl\/?post_type=product&#038;p=1388"},"modified":"2024-01-17T17:43:53","modified_gmt":"2024-01-17T17:43:53","slug":"krystal-wc-kwasny-preparat-odkamieniajacy-do-ceramiki-niebieski-5-l","status":"publish","type":"product","link":"https:\/\/cormenpolska.pl\/?product=krystal-wc-kwasny-preparat-odkamieniajacy-do-ceramiki-niebieski-5-l","title":{"rendered":"KRYSTAL &#8211; WC KWA\u015aNY PREPARAT ODKAMIENIAJ\u0104CY DO CERAMIKI- NIEBIESKI, 5 l"},"content":{"rendered":"<p>\u015arodek czyszcz\u0105cy do toalet, usuwa rdz\u0119, osady kamienia i moczu a nawet najci\u0119\u017cszy brud. Dzia\u0142a powy\u017cej i poni\u017cej poziomu wody oraz pod obrze\u017cem misy klozetowej. Pozostawia wysoki po\u0142ysk i intensywny aromat. pH 1<\/p>\n<p>DOST\u0118PNE OPAKOWANIA<br \/>\n&#8211; butelka z aplikatorem 750ml<br \/>\n&#8211; kanister 5L<\/p>\n","protected":false},"excerpt":{"rendered":"<p>\u015arodek czyszcz\u0105cy do toalet, usuwa rdz\u0119, osady kamienia i moczu a nawet najci\u0119\u017cszy brud. Dzia\u0142a powy\u017cej i poni\u017cej poziomu wody oraz pod obrze\u017cem misy klozetowej. Pozostawia wysoki po\u0142ysk i intensywny aromat. pH 1 DOST\u0118PNE OPAKOWANIA &#8211; butelka z aplikatorem 750ml &hellip; <a class=\"kt-excerpt-readmore more-link\" href=\"https:\/\/cormenpolska.pl\/?product=krystal-wc-kwasny-preparat-odkamieniajacy-do-ceramiki-niebieski-5-l\">Czytaj wi\u0119cej<\/a><\/p>\n","protected":false},"featured_media":1800,"comment_status":"closed","ping_status":"closed","template":"","meta":{"inline_featured_image":false},"product_brand":[],"product_cat":[145],"product_tag":[],"class_list":{"0":"post-1388","1":"product","2":"type-product","3":"status-publish","4":"has-post-thumbnail","6":"product_cat-obszar-toalety-i-lazienki","8":"first","9":"onbackorder","10":"taxable","11":"shipping-taxable","12":"purchasable","13":"product-type-simple"},"_links":{"self":[{"href":"https:\/\/cormenpolska.pl\/index.php?rest_route=\/wp\/v2\/product\/1388","targetHints":{"allow":["GET"]}}],"collection":[{"href":"https:\/\/cormenpolska.pl\/index.php?rest_route=\/wp\/v2\/product"}],"about":[{"href":"https:\/\/cormenpolska.pl\/index.php?rest_route=\/wp\/v2\/types\/product"}],"replies":[{"embeddable":true,"href":"https:\/\/cormenpolska.pl\/index.php?rest_route=%2Fwp%2Fv2%2Fcomments&post=1388"}],"wp:featuredmedia":[{"embeddable":true,"href":"https:\/\/cormenpolska.pl\/index.php?rest_route=\/wp\/v2\/media\/1800"}],"wp:attachment":[{"href":"https:\/\/cormenpolska.pl\/index.php?rest_route=%2Fwp%2Fv2%2Fmedia&parent=1388"}],"wp:term":[{"taxonomy":"product_brand","embeddable":true,"href":"https:\/\/cormenpolska.pl\/index.php?rest_route=%2Fwp%2Fv2%2Fproduct_brand&post=1388"},{"taxonomy":"product_cat","embeddable":true,"href":"https:\/\/cormenpolska.pl\/index.php?rest_route=%2Fwp%2Fv2%2Fproduct_cat&post=1388"},{"taxonomy":"product_tag","embeddable":true,"href":"https:\/\/cormenpolska.pl\/index.php?rest_route=%2Fwp%2Fv2%2Fproduct_tag&post=1388"}],"curies":[{"name":"wp","href":"https:\/\/api.w.org\/{rel}","templated":true}]}}