{"id":1395,"date":"2022-05-03T19:08:03","date_gmt":"2022-05-03T19:08:03","guid":{"rendered":"https:\/\/cormenpolska.pl\/?post_type=product&#038;p=1395"},"modified":"2026-02-08T18:06:51","modified_gmt":"2026-02-08T18:06:51","slug":"krystal-olejowy-odswiezacz-niebieski-750-ml","status":"publish","type":"product","link":"https:\/\/cormenpolska.pl\/?product=krystal-olejowy-odswiezacz-niebieski-750-ml","title":{"rendered":"KRYSTAL olejowy od\u015bwie\u017cacz niebieski 750 ml"},"content":{"rendered":"<p>Delikatny, wysoce skuteczny od\u015bwie\u017cacz powietrza do toalet, \u0142azienek i pomieszcze\u0144 publicznych. Zawiera perfumy na bazie olejk\u00f3w, kt\u00f3re stopniowo uwalniaj\u0105 aromat i zapewniaj\u0105 d\u0142ugotrwa\u0142y zapach. Od\u015bwie\u017cacz rozpyla\u0107 na zewn\u0105trz muszli klozetowej lub do zbiornika, na szczotk\u0119 do WC, na p\u0142ytki ceramiczne lub na powierzchnie z niech\u0142onnych materia\u0142\u00f3w. W celu nawonienia, mo\u017cna zastosowa\u0107 do roztworu myj\u0105cego. pH 7,5<\/p>\n<p>DOST\u0118PNE OPAKOWANIA<br \/>\n&#8211; butelki z atomizerem 750ml w czterech r\u00f3\u017cnych wersjach zapachowych<br \/>\nNIEBIESKI \/ R\u00d3\u017bOWY \/ ZIELONY\/ BLACK JACK<\/p>\n","protected":false},"excerpt":{"rendered":"<p>Delikatny, wysoce skuteczny od\u015bwie\u017cacz powietrza do toalet, \u0142azienek i pomieszcze\u0144 publicznych. Zawiera perfumy na bazie olejk\u00f3w, kt\u00f3re stopniowo uwalniaj\u0105 aromat i zapewniaj\u0105 d\u0142ugotrwa\u0142y zapach. Od\u015bwie\u017cacz rozpyla\u0107 na zewn\u0105trz muszli klozetowej lub do zbiornika, na szczotk\u0119 do WC, na p\u0142ytki ceramiczne &hellip; <a class=\"kt-excerpt-readmore more-link\" href=\"https:\/\/cormenpolska.pl\/?product=krystal-olejowy-odswiezacz-niebieski-750-ml\">Czytaj wi\u0119cej<\/a><\/p>\n","protected":false},"featured_media":1809,"comment_status":"closed","ping_status":"closed","template":"","meta":{"inline_featured_image":false},"product_brand":[],"product_cat":[145],"product_tag":[],"class_list":{"0":"post-1395","1":"product","2":"type-product","3":"status-publish","4":"has-post-thumbnail","6":"product_cat-obszar-toalety-i-lazienki","8":"first","9":"outofstock","10":"taxable","11":"shipping-taxable","12":"purchasable","13":"product-type-simple"},"_links":{"self":[{"href":"https:\/\/cormenpolska.pl\/index.php?rest_route=\/wp\/v2\/product\/1395","targetHints":{"allow":["GET"]}}],"collection":[{"href":"https:\/\/cormenpolska.pl\/index.php?rest_route=\/wp\/v2\/product"}],"about":[{"href":"https:\/\/cormenpolska.pl\/index.php?rest_route=\/wp\/v2\/types\/product"}],"replies":[{"embeddable":true,"href":"https:\/\/cormenpolska.pl\/index.php?rest_route=%2Fwp%2Fv2%2Fcomments&post=1395"}],"wp:featuredmedia":[{"embeddable":true,"href":"https:\/\/cormenpolska.pl\/index.php?rest_route=\/wp\/v2\/media\/1809"}],"wp:attachment":[{"href":"https:\/\/cormenpolska.pl\/index.php?rest_route=%2Fwp%2Fv2%2Fmedia&parent=1395"}],"wp:term":[{"taxonomy":"product_brand","embeddable":true,"href":"https:\/\/cormenpolska.pl\/index.php?rest_route=%2Fwp%2Fv2%2Fproduct_brand&post=1395"},{"taxonomy":"product_cat","embeddable":true,"href":"https:\/\/cormenpolska.pl\/index.php?rest_route=%2Fwp%2Fv2%2Fproduct_cat&post=1395"},{"taxonomy":"product_tag","embeddable":true,"href":"https:\/\/cormenpolska.pl\/index.php?rest_route=%2Fwp%2Fv2%2Fproduct_tag&post=1395"}],"curies":[{"name":"wp","href":"https:\/\/api.w.org\/{rel}","templated":true}]}}