{"id":1401,"date":"2022-05-03T19:08:04","date_gmt":"2022-05-03T19:08:04","guid":{"rendered":"https:\/\/cormenpolska.pl\/?post_type=product&#038;p=1401"},"modified":"2023-02-01T15:50:40","modified_gmt":"2023-02-01T15:50:40","slug":"krystal-do-lazienek-eco-750-ml","status":"publish","type":"product","link":"https:\/\/cormenpolska.pl\/?product=krystal-do-lazienek-eco-750-ml","title":{"rendered":"KRYSTAL do \u0142azienek ECO 750 ml"},"content":{"rendered":"<p>Do czyszczenia umywalek, wanien, baterii, prysznic\u00f3w i p\u0142ytek ceramicznych. Zastosowana formu\u0142a zapewnia \u0142atw\u0105 biodegradowalno\u015b\u0107 przy zachowaniu wysokiej skuteczno\u015bci czyszczenia. Jest skuteczny w walce z kamieniem i rdz\u0105, pozostawiaj\u0105c wysoki po\u0142ysk. Zawiera dodatek polimerowy, kt\u00f3ry pozostawia warstw\u0119 ochronn\u0105 na czyszczonej powierzchni, zmniejszaj\u0105c ponowne zanieczyszczenie. Produkt nadaje si\u0119 do obiekt\u00f3w z biologiczn\u0105 oczyszczalni\u0105 \u015bciek\u00f3w. pH 2,5<\/p>\n<p>Instrukcja obs\u0142ugi.<\/p>\n<p>\u015arodek nanie\u015b\u0107 na p\u0142ytki, umywalki, krany. Pozostawi\u0107, nast\u0119pnie sp\u0142uka\u0107.<\/p>\n<p>DOST\u0118PNE OPAKOWANIA<br \/>\n-butelka z atomizerem 750ml<\/p>\n","protected":false},"excerpt":{"rendered":"<p>Do czyszczenia umywalek, wanien, baterii, prysznic\u00f3w i p\u0142ytek ceramicznych. Zastosowana formu\u0142a zapewnia \u0142atw\u0105 biodegradowalno\u015b\u0107 przy zachowaniu wysokiej skuteczno\u015bci czyszczenia. Jest skuteczny w walce z kamieniem i rdz\u0105, pozostawiaj\u0105c wysoki po\u0142ysk. Zawiera dodatek polimerowy, kt\u00f3ry pozostawia warstw\u0119 ochronn\u0105 na czyszczonej powierzchni, &hellip; <a class=\"kt-excerpt-readmore more-link\" href=\"https:\/\/cormenpolska.pl\/?product=krystal-do-lazienek-eco-750-ml\">Czytaj wi\u0119cej<\/a><\/p>\n","protected":false},"featured_media":1812,"comment_status":"closed","ping_status":"closed","template":"","meta":{"inline_featured_image":false},"product_brand":[],"product_cat":[145,142],"product_tag":[116],"class_list":{"0":"post-1401","1":"product","2":"type-product","3":"status-publish","4":"has-post-thumbnail","6":"product_cat-obszar-toalety-i-lazienki","7":"product_cat-srodki-ekologiczne","8":"product_tag-eco","10":"first","11":"instock","12":"taxable","13":"shipping-taxable","14":"purchasable","15":"product-type-simple"},"_links":{"self":[{"href":"https:\/\/cormenpolska.pl\/index.php?rest_route=\/wp\/v2\/product\/1401","targetHints":{"allow":["GET"]}}],"collection":[{"href":"https:\/\/cormenpolska.pl\/index.php?rest_route=\/wp\/v2\/product"}],"about":[{"href":"https:\/\/cormenpolska.pl\/index.php?rest_route=\/wp\/v2\/types\/product"}],"replies":[{"embeddable":true,"href":"https:\/\/cormenpolska.pl\/index.php?rest_route=%2Fwp%2Fv2%2Fcomments&post=1401"}],"wp:featuredmedia":[{"embeddable":true,"href":"https:\/\/cormenpolska.pl\/index.php?rest_route=\/wp\/v2\/media\/1812"}],"wp:attachment":[{"href":"https:\/\/cormenpolska.pl\/index.php?rest_route=%2Fwp%2Fv2%2Fmedia&parent=1401"}],"wp:term":[{"taxonomy":"product_brand","embeddable":true,"href":"https:\/\/cormenpolska.pl\/index.php?rest_route=%2Fwp%2Fv2%2Fproduct_brand&post=1401"},{"taxonomy":"product_cat","embeddable":true,"href":"https:\/\/cormenpolska.pl\/index.php?rest_route=%2Fwp%2Fv2%2Fproduct_cat&post=1401"},{"taxonomy":"product_tag","embeddable":true,"href":"https:\/\/cormenpolska.pl\/index.php?rest_route=%2Fwp%2Fv2%2Fproduct_tag&post=1401"}],"curies":[{"name":"wp","href":"https:\/\/api.w.org\/{rel}","templated":true}]}}