{"id":1411,"date":"2022-05-03T19:08:05","date_gmt":"2022-05-03T19:08:05","guid":{"rendered":"https:\/\/cormenpolska.pl\/?post_type=product&#038;p=1411"},"modified":"2023-02-01T15:56:29","modified_gmt":"2023-02-01T15:56:29","slug":"tongo-proszek-do-prania-600-g","status":"publish","type":"product","link":"https:\/\/cormenpolska.pl\/?product=tongo-proszek-do-prania-600-g","title":{"rendered":"TONGO proszek do prania 600 g"},"content":{"rendered":"<p>Spe\u0142nia wszystkie wymagane kryteria dla nowoczesnego proszku do prania. Niezawodnie usuwa wszelkie rodzaje plam, dzi\u0119ki skutecznym enzymom i surfaktantom gwarantuje czysto\u015b\u0107 prania. Pomaga r\u00f3wnie\u017c w rozpuszczaniu i eliminowaniu t\u0142ustych i mechanicznych zabrudze\u0144, nadaje praniu charakterystyczny aromat kwiatowo-owocowy. Proszek do prania Tongo to wywa\u017cona formu\u0142a o wystarczaj\u0105cej skuteczno\u015bci i \u0142agodno\u015bci dla prania.<\/p>\n","protected":false},"excerpt":{"rendered":"<p>Spe\u0142nia wszystkie wymagane kryteria dla nowoczesnego proszku do prania. Niezawodnie usuwa wszelkie rodzaje plam, dzi\u0119ki skutecznym enzymom i surfaktantom gwarantuje czysto\u015b\u0107 prania. Pomaga r\u00f3wnie\u017c w rozpuszczaniu i eliminowaniu t\u0142ustych i mechanicznych zabrudze\u0144, nadaje praniu charakterystyczny aromat kwiatowo-owocowy. Proszek do prania &hellip; <a class=\"kt-excerpt-readmore more-link\" href=\"https:\/\/cormenpolska.pl\/?product=tongo-proszek-do-prania-600-g\">Czytaj wi\u0119cej<\/a><\/p>\n","protected":false},"featured_media":2606,"comment_status":"closed","ping_status":"closed","template":"","meta":{"inline_featured_image":false},"product_brand":[],"product_cat":[146],"product_tag":[],"class_list":{"0":"post-1411","1":"product","2":"type-product","3":"status-publish","4":"has-post-thumbnail","6":"product_cat-srodki-do-prania","8":"first","9":"instock","10":"taxable","11":"shipping-taxable","12":"purchasable","13":"product-type-simple"},"_links":{"self":[{"href":"https:\/\/cormenpolska.pl\/index.php?rest_route=\/wp\/v2\/product\/1411","targetHints":{"allow":["GET"]}}],"collection":[{"href":"https:\/\/cormenpolska.pl\/index.php?rest_route=\/wp\/v2\/product"}],"about":[{"href":"https:\/\/cormenpolska.pl\/index.php?rest_route=\/wp\/v2\/types\/product"}],"replies":[{"embeddable":true,"href":"https:\/\/cormenpolska.pl\/index.php?rest_route=%2Fwp%2Fv2%2Fcomments&post=1411"}],"wp:featuredmedia":[{"embeddable":true,"href":"https:\/\/cormenpolska.pl\/index.php?rest_route=\/wp\/v2\/media\/2606"}],"wp:attachment":[{"href":"https:\/\/cormenpolska.pl\/index.php?rest_route=%2Fwp%2Fv2%2Fmedia&parent=1411"}],"wp:term":[{"taxonomy":"product_brand","embeddable":true,"href":"https:\/\/cormenpolska.pl\/index.php?rest_route=%2Fwp%2Fv2%2Fproduct_brand&post=1411"},{"taxonomy":"product_cat","embeddable":true,"href":"https:\/\/cormenpolska.pl\/index.php?rest_route=%2Fwp%2Fv2%2Fproduct_cat&post=1411"},{"taxonomy":"product_tag","embeddable":true,"href":"https:\/\/cormenpolska.pl\/index.php?rest_route=%2Fwp%2Fv2%2Fproduct_tag&post=1411"}],"curies":[{"name":"wp","href":"https:\/\/api.w.org\/{rel}","templated":true}]}}