{"id":1422,"date":"2022-05-03T19:08:06","date_gmt":"2022-05-03T19:08:06","guid":{"rendered":"https:\/\/cormenpolska.pl\/?post_type=product&#038;p=1422"},"modified":"2023-02-01T16:19:48","modified_gmt":"2023-02-01T16:19:48","slug":"cleamen-100-200-codzienny-1-l","status":"publish","type":"product","link":"https:\/\/cormenpolska.pl\/?product=cleamen-100-200-codzienny-1-l","title":{"rendered":"CLEAMEN 100\/200 codzienny 1 l"},"content":{"rendered":"<p>Przeznaczony do czyszczenia wszystkich rodzaj\u00f3w pod\u0142\u00f3g wodoodpornych, p\u0142ytek \u015bciennych, drzwi, ram, balustrad, mebli (nawet drewnianych), powierzchni z\u00a0tworzyw sztucznych, nierdzewnych i\u00a0szklanych.<br \/>\nSilnie skoncentrowany, pienisty i\u00a0mocno perfumowany \u015brodek czyszcz\u0105cy do uniwersalnego, codziennego czyszczenia wszystkich powierzchni. Przeznaczony jest do mycia, zar\u00f3wno metod\u0105 w\u00a0sprayu, jak i\u00a0dozowania do wiadra.<br \/>\nPrzy dozowaniu sprayowym w\u00a0dawce 4-16ml\/l wody, przy czyszczeniu na mokro w\u00a0dawce 4-20 ml\/10 l\u00a0wody w\/g rodzaju i\u00a0stopnia zanieczyszczenia.<br \/>\nOd st\u0119\u017cenia 8ml\/l mo\u017cna u\u017cy\u0107 w\u00a0kuchniach do odt\u0142uszczania przy ma\u0142ym stopniu zanieczyszczenia na laminowane, drewniane, kamienne i\u00a0nierdzewne p\u0142yty, p\u0142yty ze szk\u0142a ceramicznego, kuchenki elektryczne.<br \/>\n\u015arodek mo\u017cna u\u017cy\u0107 tak\u017ce przy wi\u0119kszym stopniu st\u0119\u017cenia 16ml\/l, aby odt\u0142u\u015bi\u0107 powierzchni\u0119 i\u00a0pozbycia si\u0119 wyj\u0105tkowo opornego brudu, nast\u0119pnie zalecamy sp\u0142ukanie czyst\u0105 wod\u0105.<br \/>\nPrzy wy\u017cszym stopniu st\u0119\u017cenia nale\u017cy powierzchnie bardzo dobrze op\u0142uka\u0107.<\/p>\n<table border=\"0\" cellspacing=\"0\" cellpadding=\"0\">\n<tbody>\n<tr>\n<td rowspan=\"2\">\u00a0sprajowe czyszczenie<\/td>\n<td colspan=\"3\">Dozowania zgodnie z\u00a0poziomem zanieczyszczenia<\/td>\n<\/tr>\n<tr>\n<td>s\u0142aby<\/td>\n<td>\u015bredni<\/td>\n<td>mocny<\/td>\n<\/tr>\n<tr>\n<td>ml\/1 do dozownik\u00f3w aerozoli<\/td>\n<td>4<\/td>\n<td>8<\/td>\n<td>16<\/td>\n<\/tr>\n<tr>\n<td>pH roztworu<\/td>\n<td>9,8<\/td>\n<td>10,2<\/td>\n<td>10,5<\/td>\n<\/tr>\n<tr>\n<td><\/td>\n<td><\/td>\n<td><\/td>\n<td><\/td>\n<\/tr>\n<tr>\n<td rowspan=\"2\">czyszczenie na mokro<\/td>\n<td colspan=\"3\">Dozowania zgodnie z\u00a0poziomem zanieczyszczenia<\/td>\n<\/tr>\n<tr>\n<td>s\u0142aby<\/td>\n<td>\u015bredni<\/td>\n<td>mocny<\/td>\n<\/tr>\n<tr>\n<td>ml\/10 litr\u00f3w wody do wiadra<\/td>\n<td>4<\/td>\n<td>8<\/td>\n<td>16<\/td>\n<\/tr>\n<tr>\n<td>pH roztworu<\/td>\n<td>8,5<\/td>\n<td>8,8<\/td>\n<td>9,3<\/td>\n<\/tr>\n<\/tbody>\n<\/table>\n<p>pH koncentratu :\u00a013<\/p>\n<p>DOST\u0118PNE OPAKOWANIA:<br \/>\n&#8211; butelka 1L<br \/>\n&#8211;\u00a0kanister 5\u00a0L<\/p>\n","protected":false},"excerpt":{"rendered":"<p>Przeznaczony do czyszczenia wszystkich rodzaj\u00f3w pod\u0142\u00f3g wodoodpornych, p\u0142ytek \u015bciennych, drzwi, ram, balustrad, mebli (nawet drewnianych), powierzchni z\u00a0tworzyw sztucznych, nierdzewnych i\u00a0szklanych. Silnie skoncentrowany, pienisty i\u00a0mocno perfumowany \u015brodek czyszcz\u0105cy do uniwersalnego, codziennego czyszczenia wszystkich powierzchni. Przeznaczony jest do mycia, zar\u00f3wno metod\u0105 w\u00a0sprayu, &hellip; <a class=\"kt-excerpt-readmore more-link\" href=\"https:\/\/cormenpolska.pl\/?product=cleamen-100-200-codzienny-1-l\">Czytaj wi\u0119cej<\/a><\/p>\n","protected":false},"featured_media":1829,"comment_status":"closed","ping_status":"closed","template":"","meta":{"inline_featured_image":false},"product_brand":[],"product_cat":[138],"product_tag":[],"class_list":{"0":"post-1422","1":"product","2":"type-product","3":"status-publish","4":"has-post-thumbnail","6":"product_cat-obszar-ogolny","8":"first","9":"instock","10":"taxable","11":"shipping-taxable","12":"purchasable","13":"product-type-simple"},"_links":{"self":[{"href":"https:\/\/cormenpolska.pl\/index.php?rest_route=\/wp\/v2\/product\/1422","targetHints":{"allow":["GET"]}}],"collection":[{"href":"https:\/\/cormenpolska.pl\/index.php?rest_route=\/wp\/v2\/product"}],"about":[{"href":"https:\/\/cormenpolska.pl\/index.php?rest_route=\/wp\/v2\/types\/product"}],"replies":[{"embeddable":true,"href":"https:\/\/cormenpolska.pl\/index.php?rest_route=%2Fwp%2Fv2%2Fcomments&post=1422"}],"wp:featuredmedia":[{"embeddable":true,"href":"https:\/\/cormenpolska.pl\/index.php?rest_route=\/wp\/v2\/media\/1829"}],"wp:attachment":[{"href":"https:\/\/cormenpolska.pl\/index.php?rest_route=%2Fwp%2Fv2%2Fmedia&parent=1422"}],"wp:term":[{"taxonomy":"product_brand","embeddable":true,"href":"https:\/\/cormenpolska.pl\/index.php?rest_route=%2Fwp%2Fv2%2Fproduct_brand&post=1422"},{"taxonomy":"product_cat","embeddable":true,"href":"https:\/\/cormenpolska.pl\/index.php?rest_route=%2Fwp%2Fv2%2Fproduct_cat&post=1422"},{"taxonomy":"product_tag","embeddable":true,"href":"https:\/\/cormenpolska.pl\/index.php?rest_route=%2Fwp%2Fv2%2Fproduct_tag&post=1422"}],"curies":[{"name":"wp","href":"https:\/\/api.w.org\/{rel}","templated":true}]}}