{"id":1428,"date":"2022-05-03T19:08:06","date_gmt":"2022-05-03T19:08:06","guid":{"rendered":"https:\/\/cormenpolska.pl\/?post_type=product&#038;p=1428"},"modified":"2023-03-12T14:37:41","modified_gmt":"2023-03-12T14:37:41","slug":"cleamen-102-202-odswiezacz-neutralizaror-zapachow-550-ml","status":"publish","type":"product","link":"https:\/\/cormenpolska.pl\/?product=cleamen-102-202-odswiezacz-neutralizaror-zapachow-550-ml","title":{"rendered":"CLEAMEN 102\/202 od\u015bwie\u017cacz-neutralizaror zapach\u00f3w 550 ml"},"content":{"rendered":"<p>Przeznaczony do rozpylania w\u00a0pomieszczeniu, na \u015bciany, zas\u0142ony, \u017caluzje, tekstylia domowe, do aromatyzowania koszy na odpady i\u00a0jako dodatek perfumuj\u0105cy do roztworu myj\u0105cego. Skutecznie neutralizuje nieprzyjemne zapachy i\u00a0pozostawia \u015bwie\u017co\u015b\u0107 w\u00a0pomieszczeniach. Podczas rozpylania w\u00a0powietrzu (na przyk\u0142ad w\u00a0biurach w\u00a0obecno\u015bci ludzi) efekt perfum mo\u017cna z\u0142agodzi\u0107 rozcie\u0144czaj\u0105c wod\u0105, a\u00a0tym samym jednocze\u015bnie nawil\u017cy\u0107 powietrze. Produkt po wyparowaniu, nie pozostawia \u015blad\u00f3w ani plam, pozostawiaj\u0105c jedynie przyjemny zapach. W\u00a0przypadku stosowania w\u00a0roztworze do mycia, mo\u017cna go stosowa\u0107 w\u00a0wodzie bez dodatk\u00f3w lub razem z\u00a0innymi \u015brodkami myj\u0105cymi Cleamen. Nie nadaje si\u0119 do miejsc z\u00a0otwartym ogniem.<\/p>\n<table border=\"0\" cellspacing=\"0\" cellpadding=\"0\">\n<tbody>\n<tr>\n<td rowspan=\"2\"><\/td>\n<td colspan=\"3\">poziom zapachu<\/td>\n<\/tr>\n<tr>\n<td>\u25cf<\/td>\n<td>\u25cf\u25cf<\/td>\n<td>\u25cf\u25cf\u25cf<\/td>\n<\/tr>\n<tr>\n<td>do aplikacji natryskowej ml\/1 litr<\/td>\n<td>200<\/td>\n<td>400<\/td>\n<td>koncentrat<\/td>\n<\/tr>\n<tr>\n<td>Dawkowanie w\u00a0wiadrze\u00a0\u00a0ml\/10 litr\u00f3w<\/td>\n<td>4<\/td>\n<td>10<\/td>\n<td>30<\/td>\n<\/tr>\n<\/tbody>\n<\/table>\n<p>pH koncentratu: 6-7<\/p>\n<p>DOST\u0118PNE OPAKOWANIA:<br \/>\n&#8211; butelka z\u00a0rozpryskiwaczem 1L<\/p>\n","protected":false},"excerpt":{"rendered":"<p>Przeznaczony do rozpylania w\u00a0pomieszczeniu, na \u015bciany, zas\u0142ony, \u017caluzje, tekstylia domowe, do aromatyzowania koszy na odpady i\u00a0jako dodatek perfumuj\u0105cy do roztworu myj\u0105cego. Skutecznie neutralizuje nieprzyjemne zapachy i\u00a0pozostawia \u015bwie\u017co\u015b\u0107 w\u00a0pomieszczeniach. Podczas rozpylania w\u00a0powietrzu (na przyk\u0142ad w\u00a0biurach w\u00a0obecno\u015bci ludzi) efekt perfum mo\u017cna z\u0142agodzi\u0107 &hellip; <a class=\"kt-excerpt-readmore more-link\" href=\"https:\/\/cormenpolska.pl\/?product=cleamen-102-202-odswiezacz-neutralizaror-zapachow-550-ml\">Czytaj wi\u0119cej<\/a><\/p>\n","protected":false},"featured_media":2844,"comment_status":"closed","ping_status":"closed","template":"","meta":{"inline_featured_image":false},"product_brand":[],"product_cat":[138],"product_tag":[],"class_list":{"0":"post-1428","1":"product","2":"type-product","3":"status-publish","4":"has-post-thumbnail","6":"product_cat-obszar-ogolny","8":"first","9":"instock","10":"taxable","11":"shipping-taxable","12":"purchasable","13":"product-type-simple"},"_links":{"self":[{"href":"https:\/\/cormenpolska.pl\/index.php?rest_route=\/wp\/v2\/product\/1428","targetHints":{"allow":["GET"]}}],"collection":[{"href":"https:\/\/cormenpolska.pl\/index.php?rest_route=\/wp\/v2\/product"}],"about":[{"href":"https:\/\/cormenpolska.pl\/index.php?rest_route=\/wp\/v2\/types\/product"}],"replies":[{"embeddable":true,"href":"https:\/\/cormenpolska.pl\/index.php?rest_route=%2Fwp%2Fv2%2Fcomments&post=1428"}],"wp:featuredmedia":[{"embeddable":true,"href":"https:\/\/cormenpolska.pl\/index.php?rest_route=\/wp\/v2\/media\/2844"}],"wp:attachment":[{"href":"https:\/\/cormenpolska.pl\/index.php?rest_route=%2Fwp%2Fv2%2Fmedia&parent=1428"}],"wp:term":[{"taxonomy":"product_brand","embeddable":true,"href":"https:\/\/cormenpolska.pl\/index.php?rest_route=%2Fwp%2Fv2%2Fproduct_brand&post=1428"},{"taxonomy":"product_cat","embeddable":true,"href":"https:\/\/cormenpolska.pl\/index.php?rest_route=%2Fwp%2Fv2%2Fproduct_cat&post=1428"},{"taxonomy":"product_tag","embeddable":true,"href":"https:\/\/cormenpolska.pl\/index.php?rest_route=%2Fwp%2Fv2%2Fproduct_tag&post=1428"}],"curies":[{"name":"wp","href":"https:\/\/api.w.org\/{rel}","templated":true}]}}