{"id":1441,"date":"2022-05-03T19:08:08","date_gmt":"2022-05-03T19:08:08","guid":{"rendered":"https:\/\/cormenpolska.pl\/?post_type=product&#038;p=1441"},"modified":"2023-02-01T16:10:20","modified_gmt":"2023-02-01T16:10:20","slug":"cleamen-122-podlogi-z-polyskiem-1-l-2","status":"publish","type":"product","link":"https:\/\/cormenpolska.pl\/?product=cleamen-122-podlogi-z-polyskiem-1-l-2","title":{"rendered":"CLEAMEN 122 pod\u0142ogi z po\u0142yskiem 1 l"},"content":{"rendered":"<p>\u015arodek myj\u0105cy i\u00a0czyszcz\u0105cy zawieraj\u0105cy polimer, do pod\u0142\u00f3g z\u00a0po\u0142yskiem i\u00a0do powierzchni wodoodpornych, takich jak p\u0142ytki, kamie\u0144 i\u00a0pod\u0142oga z\u00a0na\u0142o\u017conymi pow\u0142okami ochronnymi, polimerami, woskowane PVC i\u00a0linoleum (winyl), drewniane i\u00a0laminowane pod\u0142ogi. \u015arodek do r\u0119cznego mycia pod\u0142\u00f3g, zawiera dodatek polimerowy, kt\u00f3ry nadaje po\u0142ysk i\u00a0o\u017cywia kolory, przyjemnie pachnie. Zgodnie z\u00a0tabelk\u0105 rozcie\u0144czy\u0107 w\u00a0wiadrze i\u00a0wyciera\u0107 mopem. Do pod\u0142\u00f3g laminowanych (panelowych) i\u00a0lakierowanych pod\u0142\u00f3g drewnianych, kt\u00f3re nie mog\u0105 by\u0107 czyszczone przy u\u017cyciu wi\u0119kszej ilo\u015bci wody, nanosi\u0107 tylko \u0142agodny strumie\u0144 z\u00a0pistoletu strumieniowego lub u\u017cy\u0107 mocno wyci\u015bni\u0119tego mopa, najlepiej z\u00a0mikrofibry. Nie nadaje si\u0119 do mycia maszynowego.<\/p>\n<table border=\"0\" cellspacing=\"0\" cellpadding=\"0\">\n<tbody>\n<tr>\n<td rowspan=\"2\">dozowanie i\u00a0rozcie\u0144czania<\/td>\n<td colspan=\"3\">wska\u017anik zanieczyszczenia<\/td>\n<\/tr>\n<tr>\n<td>s\u0142aby<\/td>\n<td>\u015bredni<\/td>\n<td>mocny<\/td>\n<\/tr>\n<tr>\n<td>do wiadra ml\/10 litrow<\/td>\n<td>15<\/td>\n<td>30<\/td>\n<td>60<\/td>\n<\/tr>\n<tr>\n<td>pH roztworu<\/td>\n<td>7,2<\/td>\n<td>7,4<\/td>\n<td>7,5<\/td>\n<\/tr>\n<\/tbody>\n<\/table>\n<p>pH koncentratu: 9<\/p>\n<p>DOST\u0118PNE OPAKOWANIA:<br \/>\n&#8211;\u00a0butelka 1L<br \/>\n&#8211;\u00a0kanister 5L<\/p>\n","protected":false},"excerpt":{"rendered":"<p>\u015arodek myj\u0105cy i\u00a0czyszcz\u0105cy zawieraj\u0105cy polimer, do pod\u0142\u00f3g z\u00a0po\u0142yskiem i\u00a0do powierzchni wodoodpornych, takich jak p\u0142ytki, kamie\u0144 i\u00a0pod\u0142oga z\u00a0na\u0142o\u017conymi pow\u0142okami ochronnymi, polimerami, woskowane PVC i\u00a0linoleum (winyl), drewniane i\u00a0laminowane pod\u0142ogi. \u015arodek do r\u0119cznego mycia pod\u0142\u00f3g, zawiera dodatek polimerowy, kt\u00f3ry nadaje po\u0142ysk i\u00a0o\u017cywia kolory, &hellip; <a class=\"kt-excerpt-readmore more-link\" href=\"https:\/\/cormenpolska.pl\/?product=cleamen-122-podlogi-z-polyskiem-1-l-2\">Czytaj wi\u0119cej<\/a><\/p>\n","protected":false},"featured_media":1844,"comment_status":"closed","ping_status":"closed","template":"","meta":{"inline_featured_image":false},"product_brand":[],"product_cat":[138],"product_tag":[],"class_list":{"0":"post-1441","1":"product","2":"type-product","3":"status-publish","4":"has-post-thumbnail","6":"product_cat-obszar-ogolny","8":"first","9":"instock","10":"taxable","11":"shipping-taxable","12":"purchasable","13":"product-type-simple"},"_links":{"self":[{"href":"https:\/\/cormenpolska.pl\/index.php?rest_route=\/wp\/v2\/product\/1441","targetHints":{"allow":["GET"]}}],"collection":[{"href":"https:\/\/cormenpolska.pl\/index.php?rest_route=\/wp\/v2\/product"}],"about":[{"href":"https:\/\/cormenpolska.pl\/index.php?rest_route=\/wp\/v2\/types\/product"}],"replies":[{"embeddable":true,"href":"https:\/\/cormenpolska.pl\/index.php?rest_route=%2Fwp%2Fv2%2Fcomments&post=1441"}],"wp:featuredmedia":[{"embeddable":true,"href":"https:\/\/cormenpolska.pl\/index.php?rest_route=\/wp\/v2\/media\/1844"}],"wp:attachment":[{"href":"https:\/\/cormenpolska.pl\/index.php?rest_route=%2Fwp%2Fv2%2Fmedia&parent=1441"}],"wp:term":[{"taxonomy":"product_brand","embeddable":true,"href":"https:\/\/cormenpolska.pl\/index.php?rest_route=%2Fwp%2Fv2%2Fproduct_brand&post=1441"},{"taxonomy":"product_cat","embeddable":true,"href":"https:\/\/cormenpolska.pl\/index.php?rest_route=%2Fwp%2Fv2%2Fproduct_cat&post=1441"},{"taxonomy":"product_tag","embeddable":true,"href":"https:\/\/cormenpolska.pl\/index.php?rest_route=%2Fwp%2Fv2%2Fproduct_tag&post=1441"}],"curies":[{"name":"wp","href":"https:\/\/api.w.org\/{rel}","templated":true}]}}