{"id":1445,"date":"2022-05-03T19:08:08","date_gmt":"2022-05-03T19:08:08","guid":{"rendered":"https:\/\/cormenpolska.pl\/?post_type=product&#038;p=1445"},"modified":"2023-02-01T16:09:38","modified_gmt":"2023-02-01T16:09:38","slug":"cleamen-127-impregnat-do-powierzchni-1-l","status":"publish","type":"product","link":"https:\/\/cormenpolska.pl\/?product=cleamen-127-impregnat-do-powierzchni-1-l","title":{"rendered":"CLEAMEN 127 impregnat do powierzchni 1 l"},"content":{"rendered":"<p>Przeznaczony do ochrony porowatych i\u00a0g\u0142adkich posadzek ceramicznych i\u00a0p\u0142ytek \u015bciennych, wykonanych z\u00a0granitu, marmuru, klinkieru, \u0142upk\u00f3w, cegie\u0142 palonych, piaskowca, terakoty i\u00a0nawierzchni strukturowych, itp.\u00a0Wnika w\u00a0pory i\u00a0tworzy cienk\u0105 pow\u0142ok\u0119 z\u00a0nano efektem hydrofobowym, chroni\u0105c powierzchni\u0119 przed osadami wapiennymi i\u00a0zapobiegaj\u0105c osadzaniu si\u0119 brudu, dzi\u0119ki czemu \u0142atwiej j\u0105 utrzyma\u0107 w\u00a0czysto\u015bci. Dzia\u0142a zapobiegawczo, chroni\u0105c przed plamami (np. z\u00a0wina i\u00a0kawy) ,\u00a0u\u0142atwia usuwanie graffiti. Wp\u0142ywa na odporno\u015b\u0107 fug cementowych na zabrudzenia. Nak\u0142ada si\u0119 go w\u00a0postaci nierozcie\u0144czonej, na idealnie oczyszczon\u0105 i\u00a0wysuszon\u0105 powierzchni\u0119, w\u00a0jednej lub kilku jednolitych cienkich warstwach za pomoc\u0105 mopa. Czas schni\u0119cia to 1\u00a0godzina. Mo\u017cna r\u00f3wnie\u017c polerowa\u0107 mi\u0119kk\u0105 \u015bciereczk\u0105 lub maszynowo bia\u0142ym padem. Impregnacja nie zmieni wygl\u0105du, oryginalnego materia\u0142u.<\/p>\n<table border=\"0\" cellspacing=\"0\" cellpadding=\"0\">\n<tbody>\n<tr>\n<td rowspan=\"2\">\u015brednie zu\u017cycie indykatywny w\u00a0l \/100 m\u00b2<\/td>\n<td colspan=\"3\">liczba warstw<\/td>\n<\/tr>\n<tr>\n<td>1<\/td>\n<td>2<\/td>\n<td>3<\/td>\n<\/tr>\n<tr>\n<td>palona ceg\u0142a, piaskowiec, beton<\/td>\n<td>10<\/td>\n<td>15<\/td>\n<td>20<\/td>\n<\/tr>\n<tr>\n<td>czerwony granitu, marmur, kamien<\/td>\n<td>8<\/td>\n<td>12<\/td>\n<td>15<\/td>\n<\/tr>\n<tr>\n<td>ci\u0119cia kamienia<\/td>\n<td>4<\/td>\n<td>6<\/td>\n<td>8<\/td>\n<\/tr>\n<\/tbody>\n<\/table>\n<p>Ilo\u015b\u0107 \u015brodka podana w\u00a0tabelce jest orientacyjna i\u00a0\u00a0mo\u017ce si\u0119 w\u00a0praktyce\u00a0r\u00f3\u017cni\u0107 ,\u00a0do dozowania przy wi\u0119kszych powierzchniach zalecamy gotowy wypr\u00f3bowany wcze\u015bniej wz\u00f3r<br \/>\nSk\u0142ad niebezpiecznych zwi\u0105zk\u00f3w jest podany w\u00a0karcie charakterystyki<br \/>\nPrzed impregnacj\u0105 nale\u017cy powierzchnie dok\u0142adnie posprzata\u0107, brudu kt\u00f3ry zostanie pod powierzchni\u0105 nie da si\u0119 p\u00f3\u017cniej usun\u0105\u0107.<\/p>\n<p>Dost\u0119pne opakowanie:<br \/>\n&#8211; 1L<\/p>\n","protected":false},"excerpt":{"rendered":"<p>Przeznaczony do ochrony porowatych i\u00a0g\u0142adkich posadzek ceramicznych i\u00a0p\u0142ytek \u015bciennych, wykonanych z\u00a0granitu, marmuru, klinkieru, \u0142upk\u00f3w, cegie\u0142 palonych, piaskowca, terakoty i\u00a0nawierzchni strukturowych, itp.\u00a0Wnika w\u00a0pory i\u00a0tworzy cienk\u0105 pow\u0142ok\u0119 z\u00a0nano efektem hydrofobowym, chroni\u0105c powierzchni\u0119 przed osadami wapiennymi i\u00a0zapobiegaj\u0105c osadzaniu si\u0119 brudu, dzi\u0119ki czemu \u0142atwiej &hellip; <a class=\"kt-excerpt-readmore more-link\" href=\"https:\/\/cormenpolska.pl\/?product=cleamen-127-impregnat-do-powierzchni-1-l\">Czytaj wi\u0119cej<\/a><\/p>\n","protected":false},"featured_media":1847,"comment_status":"closed","ping_status":"closed","template":"","meta":{"inline_featured_image":false},"product_brand":[],"product_cat":[138],"product_tag":[],"class_list":{"0":"post-1445","1":"product","2":"type-product","3":"status-publish","4":"has-post-thumbnail","6":"product_cat-obszar-ogolny","8":"first","9":"instock","10":"taxable","11":"shipping-taxable","12":"purchasable","13":"product-type-simple"},"_links":{"self":[{"href":"https:\/\/cormenpolska.pl\/index.php?rest_route=\/wp\/v2\/product\/1445","targetHints":{"allow":["GET"]}}],"collection":[{"href":"https:\/\/cormenpolska.pl\/index.php?rest_route=\/wp\/v2\/product"}],"about":[{"href":"https:\/\/cormenpolska.pl\/index.php?rest_route=\/wp\/v2\/types\/product"}],"replies":[{"embeddable":true,"href":"https:\/\/cormenpolska.pl\/index.php?rest_route=%2Fwp%2Fv2%2Fcomments&post=1445"}],"wp:featuredmedia":[{"embeddable":true,"href":"https:\/\/cormenpolska.pl\/index.php?rest_route=\/wp\/v2\/media\/1847"}],"wp:attachment":[{"href":"https:\/\/cormenpolska.pl\/index.php?rest_route=%2Fwp%2Fv2%2Fmedia&parent=1445"}],"wp:term":[{"taxonomy":"product_brand","embeddable":true,"href":"https:\/\/cormenpolska.pl\/index.php?rest_route=%2Fwp%2Fv2%2Fproduct_brand&post=1445"},{"taxonomy":"product_cat","embeddable":true,"href":"https:\/\/cormenpolska.pl\/index.php?rest_route=%2Fwp%2Fv2%2Fproduct_cat&post=1445"},{"taxonomy":"product_tag","embeddable":true,"href":"https:\/\/cormenpolska.pl\/index.php?rest_route=%2Fwp%2Fv2%2Fproduct_tag&post=1445"}],"curies":[{"name":"wp","href":"https:\/\/api.w.org\/{rel}","templated":true}]}}