{"id":1447,"date":"2022-05-03T19:08:09","date_gmt":"2022-05-03T19:08:09","guid":{"rendered":"https:\/\/cormenpolska.pl\/?post_type=product&#038;p=1447"},"modified":"2023-02-01T16:09:03","modified_gmt":"2023-02-01T16:09:03","slug":"cleamen-131-ekstraktor-do-dywanow-1-l","status":"publish","type":"product","link":"https:\/\/cormenpolska.pl\/?product=cleamen-131-ekstraktor-do-dywanow-1-l","title":{"rendered":"CLEAMEN 131 ekstraktor do dywan\u00f3w 1 l"},"content":{"rendered":"<p>\u015arodek niskopieni\u0105cy do ekstrakcyjnego czyszczenia dywan\u00f3w, tapicerki i\u00a0foteli samochodowych, wykonanych z\u00a0w\u0142\u00f3kien naturalnych i\u00a0syntetycznych. Nak\u0142ada\u0107 na wcze\u015bniej idealnie odkurzon\u0105 tkanin\u0119. Skoncentrowany preparat nanosi\u0107 szczeg\u00f3lnie na plamy, za pomoc\u0105 rozpylacza i\u00a0wciera\u0107 w\u00a0tkanin\u0119, a\u00a0nast\u0119pnie kilka razy wyczy\u015bci\u0107 ekstraktorem. W\u00a0celu d\u0142ugotrwa\u0142ego utrzymywanie czystych tkanin, zw\u0142aszcza tapicerek i\u00a0foteli, zalecamy po wyczyszczeniu tkaniny, na koniec przy pomocy ekstraktora, op\u0142uka\u0107 czyst\u0105 wod\u0105, aby usun\u0105\u0107 resztki \u015brodka czyszcz\u0105cego, zw\u0142aszcza przy stosowaniu<br \/>\nwy\u017cszego st\u0119\u017cenia roztworu. Produkt mo\u017cna r\u00f3wnie\u017c stosowa\u0107 do r\u0119cznego czyszczenia, pami\u0119taj\u0105c o\u00a0zmyciu \u015brodka, dok\u0142adnie czyst\u0105 wod\u0105 i\u00a0u\u017cyciu odkurzacza do odkurzania na mokro. Po wyczyszczeniu dywan nale\u017cy pozostawi\u0107 do wyschni\u0119cia. Nie nadaje si\u0119 do materia\u0142\u00f3w i\u00a0powierzchni, kt\u00f3re nie s\u0105 wodoodporne.<\/p>\n<table border=\"0\" cellspacing=\"0\" cellpadding=\"0\">\n<tbody>\n<tr>\n<td>dozowanie<\/td>\n<td colspan=\"3\">stopie\u0144\u00a0 zanieczyszczenia<\/td>\n<\/tr>\n<tr>\n<td><\/td>\n<td>\u25cf<\/td>\n<td>\u25cf\u25cf<\/td>\n<td>\u25cf\u25cf\u25cf<\/td>\n<\/tr>\n<tr>\n<td>ml\/10 litr\u00f3w do stroje<\/td>\n<td>50<\/td>\n<td>150<\/td>\n<td>250<\/td>\n<\/tr>\n<tr>\n<td>pH\u00a0 roztworu<\/td>\n<td>7,2<\/td>\n<td>8<\/td>\n<td>8<\/td>\n<\/tr>\n<\/tbody>\n<\/table>\n<p>Dost\u0119pne opakowania:<br \/>\n&#8211; butelka 1L<br \/>\n&#8211; kanister 5L<\/p>\n","protected":false},"excerpt":{"rendered":"<p>\u015arodek niskopieni\u0105cy do ekstrakcyjnego czyszczenia dywan\u00f3w, tapicerki i\u00a0foteli samochodowych, wykonanych z\u00a0w\u0142\u00f3kien naturalnych i\u00a0syntetycznych. Nak\u0142ada\u0107 na wcze\u015bniej idealnie odkurzon\u0105 tkanin\u0119. Skoncentrowany preparat nanosi\u0107 szczeg\u00f3lnie na plamy, za pomoc\u0105 rozpylacza i\u00a0wciera\u0107 w\u00a0tkanin\u0119, a\u00a0nast\u0119pnie kilka razy wyczy\u015bci\u0107 ekstraktorem. W\u00a0celu d\u0142ugotrwa\u0142ego utrzymywanie czystych tkanin, &hellip; <a class=\"kt-excerpt-readmore more-link\" href=\"https:\/\/cormenpolska.pl\/?product=cleamen-131-ekstraktor-do-dywanow-1-l\">Czytaj wi\u0119cej<\/a><\/p>\n","protected":false},"featured_media":1848,"comment_status":"closed","ping_status":"closed","template":"","meta":{"inline_featured_image":false},"product_brand":[],"product_cat":[138],"product_tag":[],"class_list":{"0":"post-1447","1":"product","2":"type-product","3":"status-publish","4":"has-post-thumbnail","6":"product_cat-obszar-ogolny","8":"first","9":"instock","10":"taxable","11":"shipping-taxable","12":"purchasable","13":"product-type-simple"},"_links":{"self":[{"href":"https:\/\/cormenpolska.pl\/index.php?rest_route=\/wp\/v2\/product\/1447","targetHints":{"allow":["GET"]}}],"collection":[{"href":"https:\/\/cormenpolska.pl\/index.php?rest_route=\/wp\/v2\/product"}],"about":[{"href":"https:\/\/cormenpolska.pl\/index.php?rest_route=\/wp\/v2\/types\/product"}],"replies":[{"embeddable":true,"href":"https:\/\/cormenpolska.pl\/index.php?rest_route=%2Fwp%2Fv2%2Fcomments&post=1447"}],"wp:featuredmedia":[{"embeddable":true,"href":"https:\/\/cormenpolska.pl\/index.php?rest_route=\/wp\/v2\/media\/1848"}],"wp:attachment":[{"href":"https:\/\/cormenpolska.pl\/index.php?rest_route=%2Fwp%2Fv2%2Fmedia&parent=1447"}],"wp:term":[{"taxonomy":"product_brand","embeddable":true,"href":"https:\/\/cormenpolska.pl\/index.php?rest_route=%2Fwp%2Fv2%2Fproduct_brand&post=1447"},{"taxonomy":"product_cat","embeddable":true,"href":"https:\/\/cormenpolska.pl\/index.php?rest_route=%2Fwp%2Fv2%2Fproduct_cat&post=1447"},{"taxonomy":"product_tag","embeddable":true,"href":"https:\/\/cormenpolska.pl\/index.php?rest_route=%2Fwp%2Fv2%2Fproduct_tag&post=1447"}],"curies":[{"name":"wp","href":"https:\/\/api.w.org\/{rel}","templated":true}]}}