{"id":1453,"date":"2022-05-03T19:08:09","date_gmt":"2022-05-03T19:08:09","guid":{"rendered":"https:\/\/cormenpolska.pl\/?post_type=product&#038;p=1453"},"modified":"2023-02-01T16:07:42","modified_gmt":"2023-02-01T16:07:42","slug":"cleamen-141-mechaniczny-do-podlog-20-l","status":"publish","type":"product","link":"https:\/\/cormenpolska.pl\/?product=cleamen-141-mechaniczny-do-podlog-20-l","title":{"rendered":"CLEAMEN 141 mechaniczny do pod\u0142\u00f3g 20 l"},"content":{"rendered":"<p>Przeznaczony do wszystkich powierzchni odpornych na dzia\u0142anie wody. Niepieni\u0105cy \u015brodek zasadowy, przeznaczony przede wszystkim do maszynowego mycia, silnie zabrudzonych pod\u0142\u00f3g (np. od oleju). Preparat wyr\u00f3\u017cnia si\u0119 wysok\u0105 skuteczno\u015bci\u0105 odt\u0142uszczania i\u00a0czyszczenia zar\u00f3wno starych, jak i\u00a0w\u017cartych zanieczyszcze\u0144. W\u00a0wy\u017cszych st\u0119\u017ceniach mo\u017ce by\u0107 stosowany, jako \u015brodek g\u0142\u0119boko czyszcz\u0105cy. Skoncentrowany mo\u017ce s\u0142u\u017cy\u0107 do czyszczenia \u015blad\u00f3w od gumy z\u00a0w\u00f3zk\u00f3w i\u00a0podeszw obuwia. \u015arodek mo\u017cna stosowa\u0107 r\u00f3wnie\u017c do r\u0119cznego czyszczenia i\u00a0konserwacji. W\u00a0przypadku stosowania wy\u017cszych st\u0119\u017ce\u0144 powy\u017cej 100 ml \/\u00a010 l, zaleca si\u0119 na koniec sp\u0142uka\u0107 czyst\u0105 wod\u0105. Nie nadaje si\u0119 do lakierowanych parkiet\u00f3w i\u00a0pod\u0142\u00f3g laminowanych, powierzchni drewnianych, gumy, woskowanych pod\u0142\u00f3g z\u00a0PVC, pow\u0142ok polimerowych i\u00a0powierzchni nieodpornych na dzia\u0142anie zasad.<\/p>\n<table border=\"0\" cellspacing=\"0\" cellpadding=\"0\">\n<tbody>\n<tr>\n<td rowspan=\"2\">dozowanie<\/td>\n<td colspan=\"3\">stopie\u0144 zanieczyszczenia<\/td>\n<\/tr>\n<tr>\n<td>s\u0142aby<\/td>\n<td>\u015bredni<\/td>\n<td>mocny<\/td>\n<\/tr>\n<tr>\n<td>ml\/10 litrow<\/td>\n<td>40<\/td>\n<td>70<\/td>\n<td>100<\/td>\n<\/tr>\n<tr>\n<td>pH roztworu<\/td>\n<td>12<\/td>\n<td>12,3<\/td>\n<td>12,4<\/td>\n<\/tr>\n<\/tbody>\n<\/table>\n<p>pH koncentratu: 13<\/p>\n<p>Nie stosowa\u0107\u00a0na powierzchnie marmurowe, lakierowane parkiety i\u00a0laminatowe pod\u0142ogi,\u00a0powierzchnie\u00a0drewniane, gumowe, PCV zabezpieczone wcze\u015bniej woskiem \/\u00a0polimeryzowane,\u00a0powierzchnie\u00a0kt\u00f3re nie s\u0105\u00a0odporne\u00a0na zasady.<\/p>\n<p>DOST\u0118PNE OPAKOWANIA:<br \/>\n&#8211;\u00a0kanister 5L<br \/>\n&#8211;\u00a0kanister 10L<br \/>\n&#8211;\u00a0kanister 20L<\/p>\n","protected":false},"excerpt":{"rendered":"<p>Przeznaczony do wszystkich powierzchni odpornych na dzia\u0142anie wody. Niepieni\u0105cy \u015brodek zasadowy, przeznaczony przede wszystkim do maszynowego mycia, silnie zabrudzonych pod\u0142\u00f3g (np. od oleju). Preparat wyr\u00f3\u017cnia si\u0119 wysok\u0105 skuteczno\u015bci\u0105 odt\u0142uszczania i\u00a0czyszczenia zar\u00f3wno starych, jak i\u00a0w\u017cartych zanieczyszcze\u0144. W\u00a0wy\u017cszych st\u0119\u017ceniach mo\u017ce by\u0107 stosowany, &hellip; <a class=\"kt-excerpt-readmore more-link\" href=\"https:\/\/cormenpolska.pl\/?product=cleamen-141-mechaniczny-do-podlog-20-l\">Czytaj wi\u0119cej<\/a><\/p>\n","protected":false},"featured_media":1852,"comment_status":"closed","ping_status":"closed","template":"","meta":{"inline_featured_image":false},"product_brand":[],"product_cat":[138],"product_tag":[],"class_list":{"0":"post-1453","1":"product","2":"type-product","3":"status-publish","4":"has-post-thumbnail","6":"product_cat-obszar-ogolny","8":"first","9":"onbackorder","10":"taxable","11":"shipping-taxable","12":"purchasable","13":"product-type-simple"},"_links":{"self":[{"href":"https:\/\/cormenpolska.pl\/index.php?rest_route=\/wp\/v2\/product\/1453","targetHints":{"allow":["GET"]}}],"collection":[{"href":"https:\/\/cormenpolska.pl\/index.php?rest_route=\/wp\/v2\/product"}],"about":[{"href":"https:\/\/cormenpolska.pl\/index.php?rest_route=\/wp\/v2\/types\/product"}],"replies":[{"embeddable":true,"href":"https:\/\/cormenpolska.pl\/index.php?rest_route=%2Fwp%2Fv2%2Fcomments&post=1453"}],"wp:featuredmedia":[{"embeddable":true,"href":"https:\/\/cormenpolska.pl\/index.php?rest_route=\/wp\/v2\/media\/1852"}],"wp:attachment":[{"href":"https:\/\/cormenpolska.pl\/index.php?rest_route=%2Fwp%2Fv2%2Fmedia&parent=1453"}],"wp:term":[{"taxonomy":"product_brand","embeddable":true,"href":"https:\/\/cormenpolska.pl\/index.php?rest_route=%2Fwp%2Fv2%2Fproduct_brand&post=1453"},{"taxonomy":"product_cat","embeddable":true,"href":"https:\/\/cormenpolska.pl\/index.php?rest_route=%2Fwp%2Fv2%2Fproduct_cat&post=1453"},{"taxonomy":"product_tag","embeddable":true,"href":"https:\/\/cormenpolska.pl\/index.php?rest_route=%2Fwp%2Fv2%2Fproduct_tag&post=1453"}],"curies":[{"name":"wp","href":"https:\/\/api.w.org\/{rel}","templated":true}]}}