{"id":1457,"date":"2022-05-03T19:08:09","date_gmt":"2022-05-03T19:08:09","guid":{"rendered":"https:\/\/cormenpolska.pl\/?post_type=product&#038;p=1457"},"modified":"2024-04-18T07:03:35","modified_gmt":"2024-04-18T07:03:35","slug":"cleamen-144-maszynowe-i-reczne-mycie-podlog-z-aktywnym-chlorem-5-l","status":"publish","type":"product","link":"https:\/\/cormenpolska.pl\/?product=cleamen-144-maszynowe-i-reczne-mycie-podlog-z-aktywnym-chlorem-5-l","title":{"rendered":"CLEAMEN 144 maszynowe i r\u0119czne mycie pod\u0142\u00f3g z aktywnym chlorem 5 l"},"content":{"rendered":"<p>Nadaje si\u0119 do maszynowego czyszczenia wszystkich typ\u00f3w wodoodpornych powierzchni. \u015arodek myj\u0105cy, chlorowy, alkaliczny przeznaczony do maszynowego i r\u0119cznego mycia powierzchni pod\u0142ogowych. Produkt doskonale usuwa bia\u0142ka i t\u0142uszcze zwierz\u0119ce z pod\u0142\u00f3g, wok\u00f3\u0142 basen\u00f3w oraz zanieczyszczenia linii powy\u017cej poziomu wody, bez jej zanieczyszczania w basenie. Produkt mo\u017ce by\u0107 stosowany w przemy\u015ble spo\u017cywczym, ma\u0142ych zak\u0142adach i rolnictwie. Nie nadaje si\u0119 na aluminium.<\/p>\n<p>Pojemno\u015b\u0107:<br \/>\n&#8211; kanister 5L<\/p>\n","protected":false},"excerpt":{"rendered":"<p>Nadaje si\u0119 do maszynowego czyszczenia wszystkich typ\u00f3w wodoodpornych powierzchni. \u015arodek myj\u0105cy, chlorowy, alkaliczny przeznaczony do maszynowego i r\u0119cznego mycia powierzchni pod\u0142ogowych. Produkt doskonale usuwa bia\u0142ka i t\u0142uszcze zwierz\u0119ce z pod\u0142\u00f3g, wok\u00f3\u0142 basen\u00f3w oraz zanieczyszczenia linii powy\u017cej poziomu wody, bez jej &hellip; <a class=\"kt-excerpt-readmore more-link\" href=\"https:\/\/cormenpolska.pl\/?product=cleamen-144-maszynowe-i-reczne-mycie-podlog-z-aktywnym-chlorem-5-l\">Czytaj wi\u0119cej<\/a><\/p>\n","protected":false},"featured_media":1854,"comment_status":"closed","ping_status":"closed","template":"","meta":{"inline_featured_image":false},"product_brand":[],"product_cat":[138],"product_tag":[],"class_list":{"0":"post-1457","1":"product","2":"type-product","3":"status-publish","4":"has-post-thumbnail","6":"product_cat-obszar-ogolny","8":"first","9":"instock","10":"taxable","11":"shipping-taxable","12":"purchasable","13":"product-type-simple"},"_links":{"self":[{"href":"https:\/\/cormenpolska.pl\/index.php?rest_route=\/wp\/v2\/product\/1457","targetHints":{"allow":["GET"]}}],"collection":[{"href":"https:\/\/cormenpolska.pl\/index.php?rest_route=\/wp\/v2\/product"}],"about":[{"href":"https:\/\/cormenpolska.pl\/index.php?rest_route=\/wp\/v2\/types\/product"}],"replies":[{"embeddable":true,"href":"https:\/\/cormenpolska.pl\/index.php?rest_route=%2Fwp%2Fv2%2Fcomments&post=1457"}],"wp:featuredmedia":[{"embeddable":true,"href":"https:\/\/cormenpolska.pl\/index.php?rest_route=\/wp\/v2\/media\/1854"}],"wp:attachment":[{"href":"https:\/\/cormenpolska.pl\/index.php?rest_route=%2Fwp%2Fv2%2Fmedia&parent=1457"}],"wp:term":[{"taxonomy":"product_brand","embeddable":true,"href":"https:\/\/cormenpolska.pl\/index.php?rest_route=%2Fwp%2Fv2%2Fproduct_brand&post=1457"},{"taxonomy":"product_cat","embeddable":true,"href":"https:\/\/cormenpolska.pl\/index.php?rest_route=%2Fwp%2Fv2%2Fproduct_cat&post=1457"},{"taxonomy":"product_tag","embeddable":true,"href":"https:\/\/cormenpolska.pl\/index.php?rest_route=%2Fwp%2Fv2%2Fproduct_tag&post=1457"}],"curies":[{"name":"wp","href":"https:\/\/api.w.org\/{rel}","templated":true}]}}