{"id":1459,"date":"2022-05-03T19:08:10","date_gmt":"2022-05-03T19:08:10","guid":{"rendered":"https:\/\/cormenpolska.pl\/?post_type=product&#038;p=1459"},"modified":"2023-02-01T16:05:33","modified_gmt":"2023-02-01T16:05:33","slug":"cleamen-145-mechaniczny-do-podlog-deepon-1-l","status":"publish","type":"product","link":"https:\/\/cormenpolska.pl\/?product=cleamen-145-mechaniczny-do-podlog-deepon-1-l","title":{"rendered":"CLEAMEN 145 mechaniczny do pod\u0142\u00f3g deepon 1 l"},"content":{"rendered":"<p>Przeznaczony do r\u0119cznego i\u00a0mechanicznego czyszczenia wszystkich typ\u00f3w pod\u0142\u00f3g odpornych na dzia\u0142anie wody. Nowoczesny \u015brodek niepieni\u0105cy, stosowany do szerokiego zakresu czyszczenia. Ze wzgl\u0119du na lekko zasadowy charakter, ma r\u00f3wnie\u017c zastosowanie tam, gdzie wymagane s\u0105 \u015brodki neutralne. Do czyszczenia powierzchni cz\u0119\u015bciowo wodoodpornych, zalecamy stosowanie techniki czyszczenia na mokro. W\u00a0przypadku stosowania w\u00a0wy\u017cszych st\u0119\u017ceniach powy\u017cej 100 ml \/\u00a010 l\u00a0wskazane jest sp\u0142ukanie pod\u0142ogi czyst\u0105 wod\u0105.<\/p>\n<p>\u015arodek mo\u017cna u\u017cywac w\u00a0obiektach oczyszczalni \u015bciek\u00f3w.<\/p>\n<table border=\"0\" cellspacing=\"0\" cellpadding=\"0\">\n<tbody>\n<tr>\n<td rowspan=\"2\">dozowanie<\/td>\n<td colspan=\"3\">wska\u017anik zanieczyszczenia<\/td>\n<\/tr>\n<tr>\n<td>s\u0142aby<\/td>\n<td>\u015bredni<\/td>\n<td>mocny<\/td>\n<\/tr>\n<tr>\n<td>ml\/10 litrow<\/td>\n<td>40<\/td>\n<td>70<\/td>\n<td>100<\/td>\n<\/tr>\n<tr>\n<td>pH roztworu<\/td>\n<td>8,5<\/td>\n<td>8,7<\/td>\n<td>8,8<\/td>\n<\/tr>\n<\/tbody>\n<\/table>\n<p>pH koncentratu: 9<\/p>\n<p>DOST\u0118PNE OPAKOWANIA:<br \/>\n&#8211; butelka 1L<br \/>\n&#8211;\u00a0kanister 5L<br \/>\n&#8211;\u00a0kanister 20L<br \/>\n&#8211; beczka 200L<\/p>\n","protected":false},"excerpt":{"rendered":"<p>Przeznaczony do r\u0119cznego i\u00a0mechanicznego czyszczenia wszystkich typ\u00f3w pod\u0142\u00f3g odpornych na dzia\u0142anie wody. Nowoczesny \u015brodek niepieni\u0105cy, stosowany do szerokiego zakresu czyszczenia. Ze wzgl\u0119du na lekko zasadowy charakter, ma r\u00f3wnie\u017c zastosowanie tam, gdzie wymagane s\u0105 \u015brodki neutralne. Do czyszczenia powierzchni cz\u0119\u015bciowo wodoodpornych, &hellip; <a class=\"kt-excerpt-readmore more-link\" href=\"https:\/\/cormenpolska.pl\/?product=cleamen-145-mechaniczny-do-podlog-deepon-1-l\">Czytaj wi\u0119cej<\/a><\/p>\n","protected":false},"featured_media":1857,"comment_status":"closed","ping_status":"closed","template":"","meta":{"inline_featured_image":false},"product_brand":[],"product_cat":[138],"product_tag":[],"class_list":{"0":"post-1459","1":"product","2":"type-product","3":"status-publish","4":"has-post-thumbnail","6":"product_cat-obszar-ogolny","8":"first","9":"instock","10":"taxable","11":"shipping-taxable","12":"purchasable","13":"product-type-simple"},"_links":{"self":[{"href":"https:\/\/cormenpolska.pl\/index.php?rest_route=\/wp\/v2\/product\/1459","targetHints":{"allow":["GET"]}}],"collection":[{"href":"https:\/\/cormenpolska.pl\/index.php?rest_route=\/wp\/v2\/product"}],"about":[{"href":"https:\/\/cormenpolska.pl\/index.php?rest_route=\/wp\/v2\/types\/product"}],"replies":[{"embeddable":true,"href":"https:\/\/cormenpolska.pl\/index.php?rest_route=%2Fwp%2Fv2%2Fcomments&post=1459"}],"wp:featuredmedia":[{"embeddable":true,"href":"https:\/\/cormenpolska.pl\/index.php?rest_route=\/wp\/v2\/media\/1857"}],"wp:attachment":[{"href":"https:\/\/cormenpolska.pl\/index.php?rest_route=%2Fwp%2Fv2%2Fmedia&parent=1459"}],"wp:term":[{"taxonomy":"product_brand","embeddable":true,"href":"https:\/\/cormenpolska.pl\/index.php?rest_route=%2Fwp%2Fv2%2Fproduct_brand&post=1459"},{"taxonomy":"product_cat","embeddable":true,"href":"https:\/\/cormenpolska.pl\/index.php?rest_route=%2Fwp%2Fv2%2Fproduct_cat&post=1459"},{"taxonomy":"product_tag","embeddable":true,"href":"https:\/\/cormenpolska.pl\/index.php?rest_route=%2Fwp%2Fv2%2Fproduct_tag&post=1459"}],"curies":[{"name":"wp","href":"https:\/\/api.w.org\/{rel}","templated":true}]}}