{"id":1466,"date":"2022-05-03T19:08:10","date_gmt":"2022-05-03T19:08:10","guid":{"rendered":"https:\/\/cormenpolska.pl\/?post_type=product&#038;p=1466"},"modified":"2023-02-01T16:06:37","modified_gmt":"2023-02-01T16:06:37","slug":"cleamen-147-mycie-maszynowe-podlog-z-kontrolowanym-spienianiem-5-l","status":"publish","type":"product","link":"https:\/\/cormenpolska.pl\/?product=cleamen-147-mycie-maszynowe-podlog-z-kontrolowanym-spienianiem-5-l","title":{"rendered":"CLEAMEN 147 mycie maszynowe pod\u0142\u00f3g z kontrolowanym spienianiem 5 l"},"content":{"rendered":"<p>\u015arodek przeznaczony do maszynowego i r\u0119cznego mycia wodoodpornych wyk\u0142adzin pod\u0142ogowych o przyjemnym zapachu. Niepieni\u0105cy, o doskona\u0142ych w\u0142a\u015bciwo\u015bciach myj\u0105cych, do pod\u0142\u00f3g typu Vinyl &#8211; PCV, granit, lastryko, marmur, piaskowiec, p\u0142ytki, marmoleum, terakota itp. Z powodzeniem mo\u017ce by\u0107 r\u00f3wnie\u017c stosowany do mycia pionowych powierzchni przy u\u017cyciu mop\u00f3w. Produkt mo\u017ce by\u0107 stosowany, m.in. w centrach handlowych, biurowcach, szko\u0142ach, s\u0142u\u017cbie zdrowia, instytucjach pomocy spo\u0142ecznej i przemy\u015ble. Nie zaleca si\u0119 stosowania na surowym drewnie. W przypadku stosowania st\u0119\u017cenia wy\u017cszego ni\u017c 1% zalecamy przetrze\u0107 pod\u0142ogi lub powierzchnie pionowe czyst\u0105 wod\u0105. Produkt charakteryzuje si\u0119 wyj\u0105tkow\u0105 delikatno\u015bci\u0105 w stosunku do powierzchni.<\/p>\n<p>Pojemno\u015b\u0107:<br \/>\n&#8211; 5L<\/p>\n","protected":false},"excerpt":{"rendered":"<p>\u015arodek przeznaczony do maszynowego i r\u0119cznego mycia wodoodpornych wyk\u0142adzin pod\u0142ogowych o przyjemnym zapachu. Niepieni\u0105cy, o doskona\u0142ych w\u0142a\u015bciwo\u015bciach myj\u0105cych, do pod\u0142\u00f3g typu Vinyl &#8211; PCV, granit, lastryko, marmur, piaskowiec, p\u0142ytki, marmoleum, terakota itp. Z powodzeniem mo\u017ce by\u0107 r\u00f3wnie\u017c stosowany do mycia &hellip; <a class=\"kt-excerpt-readmore more-link\" href=\"https:\/\/cormenpolska.pl\/?product=cleamen-147-mycie-maszynowe-podlog-z-kontrolowanym-spienianiem-5-l\">Czytaj wi\u0119cej<\/a><\/p>\n","protected":false},"featured_media":1859,"comment_status":"closed","ping_status":"closed","template":"","meta":{"inline_featured_image":false},"product_brand":[],"product_cat":[138],"product_tag":[],"class_list":{"0":"post-1466","1":"product","2":"type-product","3":"status-publish","4":"has-post-thumbnail","6":"product_cat-obszar-ogolny","8":"first","9":"instock","10":"taxable","11":"shipping-taxable","12":"purchasable","13":"product-type-simple"},"_links":{"self":[{"href":"https:\/\/cormenpolska.pl\/index.php?rest_route=\/wp\/v2\/product\/1466","targetHints":{"allow":["GET"]}}],"collection":[{"href":"https:\/\/cormenpolska.pl\/index.php?rest_route=\/wp\/v2\/product"}],"about":[{"href":"https:\/\/cormenpolska.pl\/index.php?rest_route=\/wp\/v2\/types\/product"}],"replies":[{"embeddable":true,"href":"https:\/\/cormenpolska.pl\/index.php?rest_route=%2Fwp%2Fv2%2Fcomments&post=1466"}],"wp:featuredmedia":[{"embeddable":true,"href":"https:\/\/cormenpolska.pl\/index.php?rest_route=\/wp\/v2\/media\/1859"}],"wp:attachment":[{"href":"https:\/\/cormenpolska.pl\/index.php?rest_route=%2Fwp%2Fv2%2Fmedia&parent=1466"}],"wp:term":[{"taxonomy":"product_brand","embeddable":true,"href":"https:\/\/cormenpolska.pl\/index.php?rest_route=%2Fwp%2Fv2%2Fproduct_brand&post=1466"},{"taxonomy":"product_cat","embeddable":true,"href":"https:\/\/cormenpolska.pl\/index.php?rest_route=%2Fwp%2Fv2%2Fproduct_cat&post=1466"},{"taxonomy":"product_tag","embeddable":true,"href":"https:\/\/cormenpolska.pl\/index.php?rest_route=%2Fwp%2Fv2%2Fproduct_tag&post=1466"}],"curies":[{"name":"wp","href":"https:\/\/api.w.org\/{rel}","templated":true}]}}